{"id":12169,"date":"2018-12-09T19:03:42","date_gmt":"2018-12-10T00:03:42","guid":{"rendered":"https:\/\/capic.org\/fr\/rodeo-11\/"},"modified":"2018-12-15T17:27:38","modified_gmt":"2018-12-15T22:27:38","slug":"rodeo-11","status":"publish","type":"page","link":"https:\/\/stage.capic.org\/fr\/rodeo-11\/","title":{"rendered":"Rodeo 11"},"content":{"rendered":"<h2 style=\"text-align: center;\"><a href=\"https:\/\/stage.capic.org\/wp-content\/uploads\/2018\/12\/Poster12x18-rodeo-11-fr.jpg\"><img loading=\"lazy\" class=\"alignnone size-full wp-image-12230\" src=\"https:\/\/stage.capic.org\/wp-content\/uploads\/2018\/12\/Poster12x18-rodeo-11-fr.jpg\" alt=\"poster12x18-rodeo-11-fr\" width=\"1224\" height=\"1836\" srcset=\"https:\/\/stage.capic.org\/wp-content\/uploads\/2018\/12\/Poster12x18-rodeo-11-fr.jpg 1224w, https:\/\/stage.capic.org\/wp-content\/uploads\/2018\/12\/Poster12x18-rodeo-11-fr-200x300.jpg 200w, https:\/\/stage.capic.org\/wp-content\/uploads\/2018\/12\/Poster12x18-rodeo-11-fr-768x1152.jpg 768w, https:\/\/stage.capic.org\/wp-content\/uploads\/2018\/12\/Poster12x18-rodeo-11-fr-683x1024.jpg 683w\" sizes=\"(max-width: 1224px) 100vw, 1224px\" \/><\/a><\/h2>\n<h2 style=\"text-align: center;\"><strong>APPEL DE CANDIDATURES<\/strong><\/h2>\n<h3 style=\"text-align: center;\">\n<span style=\"color: #ff0000;\"><strong>Date limite&nbsp;de participation :&nbsp;5 avril 2019<\/strong><\/span><\/h3>\n<p>CAPIC a le plaisir d&#8217;annoncer ce 11 i\u00e8me concours pour les \u00e9tudiants en art visuel.<\/p>\n<p>Les pi\u00e8ces soumises au concours seront jug\u00e9 par 6 professionnels de la communaut\u00e9 canadienne de photographes et d&#8217;illlustrateurs.<\/p>\n<p>Les gagnant profiterons d&#8217;une visibilit\u00e9 nationale et se partagerons<br \/>\nun&nbsp;<strong>premier<\/strong>&nbsp;<strong>prix de 300$<\/strong>,&nbsp;un<strong> second prix de 200$<\/strong>&nbsp;et un&nbsp;<strong>troisi\u00e8me prix de 150$<\/strong>.&nbsp;<\/p>\n<p>Co\u00fbts par pi\u00e8ce soumise : 20$ + taxes<\/p>\n<p><span style=\"color: #99ccff;\"><strong>Les r\u00e8glements du concours Rod\u00e9o 11 de la CAPIC <\/strong><\/span><\/p>\n<p>Ce concours s\u2019adresse aux \u00e9tudiants en art visuel.<\/p>\n<p>Parmi toutes les inscriptions enregistr\u00e9es pour ce concours, un nombre maximum de 26 sera accept\u00e9.<\/p>\n<p>Une \u00ab inscription accept\u00e9e \u00bb constitue une \u00ab inscription gagnante \u00bb.<\/p>\n<p>Une \u00ab inscription \u00bb est constitu\u00e9e d\u2019une seule image.<\/p>\n<p>Les membres \u00e9tudiants peuvent s\u2019inscrire aussi souvent qu\u2019ils le d\u00e9sirent. Toutefois, un nombre maximum de trois \u00ab images gagnantes \u00bb peut \u00eatre d\u00e9cern\u00e9 \u00e0 chaque membre.<\/p>\n<p>Six prix en argent seront remis, soit trois (1er, 2e et 3e prix) dans chaque cat\u00e9gorie (photographie et illustration).<\/p>\n<p>Une fois qu\u2019ils ou elles seront annonc\u00e9es, les dix finalistes dans chaque cat\u00e9gorie obtiendront une adh\u00e9sion \u00e0 la CAPIC \u00e0 titre de membre talent \u00e9mergent.<\/p>\n<p>Tous les \u00e9tudiants qui s&#8217;inscriront recevront gratuitement une adhesion \u00e0 la CAPIC \u00e0 titre de member \u00e9tudiant.<\/p>\n<p><strong>retrouvez le r\u00e8glement complet du concours ici:&nbsp;<a href=\"https:\/\/stage.capic.org\/wp-content\/uploads\/2018\/12\/Rodeo-11_re\u0300glements-du-concours.pdf\">rodeo-11_reglements-du-concours<\/a><\/strong><\/p>\n<p style=\"text-align: center;\"><strong>Ne tardez pas \u00e0 soumettre vos oeuvres en ligne!<\/strong><\/p>\n<h3><img loading=\"lazy\" class=\"size-full wp-image-12184 aligncenter\" src=\"https:\/\/stage.capic.org\/wp-content\/uploads\/2018\/12\/Bandeau-rodeo-11-1.jpg\" alt=\"bandeau-rodeo-11\" width=\"714\" height=\"170\" srcset=\"https:\/\/stage.capic.org\/wp-content\/uploads\/2018\/12\/Bandeau-rodeo-11-1.jpg 714w, https:\/\/stage.capic.org\/wp-content\/uploads\/2018\/12\/Bandeau-rodeo-11-1-300x71.jpg 300w\" sizes=\"(max-width: 714px) 100vw, 714px\" \/><\/h3>\n<h3>Formulaire&nbsp;de participation&nbsp;<\/h3>\n<p class=\"gform_not_found\">A\u00efe ! Nous n\u2019avons pas retrouv\u00e9 votre formulaire.<\/p>\n","protected":false},"excerpt":{"rendered":"<p>APPEL DE CANDIDATURES Date limite&nbsp;de participation :&nbsp;5 avril 2019 CAPIC a le plaisir d&#8217;annoncer ce 11 i\u00e8me concours pour les \u00e9tudiants en art visuel. Les pi\u00e8ces soumises au concours seront [&hellip;]<\/p>\n","protected":false},"author":1,"featured_media":0,"parent":0,"menu_order":0,"comment_status":"closed","ping_status":"closed","template":"","meta":{"ngg_post_thumbnail":0},"yoast_head":"<!-- This site is optimized with the Yoast SEO plugin v17.9 - https:\/\/yoast.com\/wordpress\/plugins\/seo\/ -->\n<title>Rodeo 11 - CAPIC-National<\/title>\n<meta name=\"robots\" content=\"index, follow, max-snippet:-1, max-image-preview:large, max-video-preview:-1\" \/>\n<link rel=\"canonical\" href=\"https:\/\/stage.capic.org\/fr\/rodeo-11\/\" \/>\n<meta property=\"og:locale\" content=\"fr_FR\" \/>\n<meta property=\"og:type\" content=\"article\" \/>\n<meta property=\"og:title\" content=\"Rodeo 11 - CAPIC-National\" \/>\n<meta property=\"og:description\" content=\"APPEL DE CANDIDATURES Date limite&nbsp;de participation :&nbsp;5 avril 2019 CAPIC a le plaisir d&#8217;annoncer ce 11 i\u00e8me concours pour les \u00e9tudiants en art visuel. Les pi\u00e8ces soumises au concours seront [&hellip;]\" \/>\n<meta property=\"og:url\" content=\"https:\/\/stage.capic.org\/fr\/rodeo-11\/\" \/>\n<meta property=\"og:site_name\" content=\"CAPIC-National\" \/>\n<meta property=\"article:publisher\" content=\"https:\/\/www.facebook.com\/CAPICnational\" \/>\n<meta property=\"article:modified_time\" content=\"2018-12-15T22:27:38+00:00\" \/>\n<meta property=\"og:image\" content=\"https:\/\/stage.capic.org\/wp-content\/uploads\/2018\/12\/Poster12x18-rodeo-11-fr.jpg\" \/>\n<meta name=\"twitter:label1\" content=\"Dur\u00e9e de lecture estim\u00e9e\" \/>\n\t<meta name=\"twitter:data1\" content=\"1 minute\" \/>\n<script type=\"application\/ld+json\" class=\"yoast-schema-graph\">{\"@context\":\"https:\/\/schema.org\",\"@graph\":[{\"@type\":\"Organization\",\"@id\":\"https:\/\/stage.capic.org\/fr\/#organization\",\"name\":\"The Canadian Association of Professional Image Creators (CAPIC)\",\"url\":\"https:\/\/stage.capic.org\/fr\/\",\"sameAs\":[\"https:\/\/www.facebook.com\/CAPICnational\",\"https:\/\/www.instagram.com\/capicnational\/\",\"https:\/\/twitter.com\/capicnational\"],\"logo\":{\"@type\":\"ImageObject\",\"@id\":\"https:\/\/stage.capic.org\/fr\/#logo\",\"inLanguage\":\"fr-FR\",\"url\":\"https:\/\/capic.org\/wp-content\/uploads\/2020\/07\/CAPIC_logo.png\",\"contentUrl\":\"https:\/\/capic.org\/wp-content\/uploads\/2020\/07\/CAPIC_logo.png\",\"width\":1569,\"height\":396,\"caption\":\"The Canadian Association of Professional Image Creators (CAPIC)\"},\"image\":{\"@id\":\"https:\/\/stage.capic.org\/fr\/#logo\"}},{\"@type\":\"WebSite\",\"@id\":\"https:\/\/stage.capic.org\/fr\/#website\",\"url\":\"https:\/\/stage.capic.org\/fr\/\",\"name\":\"CAPIC-National\",\"description\":\"L'ASSOCIATION CANADIENNE DES CR\\u00c9ATEURS PROFESSIONNELS DE L'IMAGE\",\"publisher\":{\"@id\":\"https:\/\/stage.capic.org\/fr\/#organization\"},\"potentialAction\":[{\"@type\":\"SearchAction\",\"target\":{\"@type\":\"EntryPoint\",\"urlTemplate\":\"https:\/\/stage.capic.org\/fr\/?s={search_term_string}\"},\"query-input\":\"required name=search_term_string\"}],\"inLanguage\":\"fr-FR\"},{\"@type\":\"ImageObject\",\"@id\":\"https:\/\/stage.capic.org\/fr\/rodeo-11\/#primaryimage\",\"inLanguage\":\"fr-FR\",\"url\":\"https:\/\/stage.capic.org\/wp-content\/uploads\/2018\/12\/Poster12x18-rodeo-11-fr.jpg\",\"contentUrl\":\"https:\/\/stage.capic.org\/wp-content\/uploads\/2018\/12\/Poster12x18-rodeo-11-fr.jpg\",\"width\":1224,\"height\":1836},{\"@type\":\"WebPage\",\"@id\":\"https:\/\/stage.capic.org\/fr\/rodeo-11\/#webpage\",\"url\":\"https:\/\/stage.capic.org\/fr\/rodeo-11\/\",\"name\":\"Rodeo 11 - CAPIC-National\",\"isPartOf\":{\"@id\":\"https:\/\/stage.capic.org\/fr\/#website\"},\"primaryImageOfPage\":{\"@id\":\"https:\/\/stage.capic.org\/fr\/rodeo-11\/#primaryimage\"},\"datePublished\":\"2018-12-10T00:03:42+00:00\",\"dateModified\":\"2018-12-15T22:27:38+00:00\",\"breadcrumb\":{\"@id\":\"https:\/\/stage.capic.org\/fr\/rodeo-11\/#breadcrumb\"},\"inLanguage\":\"fr-FR\",\"potentialAction\":[{\"@type\":\"ReadAction\",\"target\":[\"https:\/\/stage.capic.org\/fr\/rodeo-11\/\"]}]},{\"@type\":\"BreadcrumbList\",\"@id\":\"https:\/\/stage.capic.org\/fr\/rodeo-11\/#breadcrumb\",\"itemListElement\":[{\"@type\":\"ListItem\",\"position\":1,\"name\":\"Home\",\"item\":\"https:\/\/stage.capic.org\/fr\/\"},{\"@type\":\"ListItem\",\"position\":2,\"name\":\"Rodeo 11\"}]}]}<\/script>\n<!-- \/ Yoast SEO plugin. -->","yoast_head_json":{"title":"Rodeo 11 - CAPIC-National","robots":{"index":"index","follow":"follow","max-snippet":"max-snippet:-1","max-image-preview":"max-image-preview:large","max-video-preview":"max-video-preview:-1"},"canonical":"https:\/\/stage.capic.org\/fr\/rodeo-11\/","og_locale":"fr_FR","og_type":"article","og_title":"Rodeo 11 - CAPIC-National","og_description":"APPEL DE CANDIDATURES Date limite&nbsp;de participation :&nbsp;5 avril 2019 CAPIC a le plaisir d&#8217;annoncer ce 11 i\u00e8me concours pour les \u00e9tudiants en art visuel. Les pi\u00e8ces soumises au concours seront [&hellip;]","og_url":"https:\/\/stage.capic.org\/fr\/rodeo-11\/","og_site_name":"CAPIC-National","article_publisher":"https:\/\/www.facebook.com\/CAPICnational","article_modified_time":"2018-12-15T22:27:38+00:00","og_image":[{"url":"https:\/\/stage.capic.org\/wp-content\/uploads\/2018\/12\/Poster12x18-rodeo-11-fr.jpg"}],"twitter_misc":{"Dur\u00e9e de lecture estim\u00e9e":"1 minute"},"schema":{"@context":"https:\/\/schema.org","@graph":[{"@type":"Organization","@id":"https:\/\/stage.capic.org\/fr\/#organization","name":"The Canadian Association of Professional Image Creators (CAPIC)","url":"https:\/\/stage.capic.org\/fr\/","sameAs":["https:\/\/www.facebook.com\/CAPICnational","https:\/\/www.instagram.com\/capicnational\/","https:\/\/twitter.com\/capicnational"],"logo":{"@type":"ImageObject","@id":"https:\/\/stage.capic.org\/fr\/#logo","inLanguage":"fr-FR","url":"https:\/\/capic.org\/wp-content\/uploads\/2020\/07\/CAPIC_logo.png","contentUrl":"https:\/\/capic.org\/wp-content\/uploads\/2020\/07\/CAPIC_logo.png","width":1569,"height":396,"caption":"The Canadian Association of Professional Image Creators (CAPIC)"},"image":{"@id":"https:\/\/stage.capic.org\/fr\/#logo"}},{"@type":"WebSite","@id":"https:\/\/stage.capic.org\/fr\/#website","url":"https:\/\/stage.capic.org\/fr\/","name":"CAPIC-National","description":"L'ASSOCIATION CANADIENNE DES CR\u00c9ATEURS PROFESSIONNELS DE L'IMAGE","publisher":{"@id":"https:\/\/stage.capic.org\/fr\/#organization"},"potentialAction":[{"@type":"SearchAction","target":{"@type":"EntryPoint","urlTemplate":"https:\/\/stage.capic.org\/fr\/?s={search_term_string}"},"query-input":"required name=search_term_string"}],"inLanguage":"fr-FR"},{"@type":"ImageObject","@id":"https:\/\/stage.capic.org\/fr\/rodeo-11\/#primaryimage","inLanguage":"fr-FR","url":"https:\/\/stage.capic.org\/wp-content\/uploads\/2018\/12\/Poster12x18-rodeo-11-fr.jpg","contentUrl":"https:\/\/stage.capic.org\/wp-content\/uploads\/2018\/12\/Poster12x18-rodeo-11-fr.jpg","width":1224,"height":1836},{"@type":"WebPage","@id":"https:\/\/stage.capic.org\/fr\/rodeo-11\/#webpage","url":"https:\/\/stage.capic.org\/fr\/rodeo-11\/","name":"Rodeo 11 - CAPIC-National","isPartOf":{"@id":"https:\/\/stage.capic.org\/fr\/#website"},"primaryImageOfPage":{"@id":"https:\/\/stage.capic.org\/fr\/rodeo-11\/#primaryimage"},"datePublished":"2018-12-10T00:03:42+00:00","dateModified":"2018-12-15T22:27:38+00:00","breadcrumb":{"@id":"https:\/\/stage.capic.org\/fr\/rodeo-11\/#breadcrumb"},"inLanguage":"fr-FR","potentialAction":[{"@type":"ReadAction","target":["https:\/\/stage.capic.org\/fr\/rodeo-11\/"]}]},{"@type":"BreadcrumbList","@id":"https:\/\/stage.capic.org\/fr\/rodeo-11\/#breadcrumb","itemListElement":[{"@type":"ListItem","position":1,"name":"Home","item":"https:\/\/stage.capic.org\/fr\/"},{"@type":"ListItem","position":2,"name":"Rodeo 11"}]}]}},"_links":{"self":[{"href":"https:\/\/stage.capic.org\/fr\/wp-json\/wp\/v2\/pages\/12169\/"}],"collection":[{"href":"https:\/\/stage.capic.org\/fr\/wp-json\/wp\/v2\/pages\/"}],"about":[{"href":"https:\/\/stage.capic.org\/fr\/wp-json\/wp\/v2\/types\/page\/"}],"author":[{"embeddable":true,"href":"https:\/\/stage.capic.org\/fr\/wp-json\/wp\/v2\/users\/1\/"}],"replies":[{"embeddable":true,"href":"https:\/\/stage.capic.org\/fr\/wp-json\/wp\/v2\/comments\/?post=12169"}],"version-history":[{"count":0,"href":"https:\/\/stage.capic.org\/fr\/wp-json\/wp\/v2\/pages\/12169\/revisions\/"}],"wp:attachment":[{"href":"https:\/\/stage.capic.org\/fr\/wp-json\/wp\/v2\/media\/?parent=12169"}],"curies":[{"name":"wp","href":"https:\/\/api.w.org\/{rel}","templated":true}]}}