{"id":14394,"date":"2019-10-24T15:04:40","date_gmt":"2019-10-24T19:04:40","guid":{"rendered":"https:\/\/capic.org\/?page_id=14394"},"modified":"2023-06-07T19:21:57","modified_gmt":"2023-06-07T23:21:57","slug":"montreal","status":"publish","type":"page","link":"https:\/\/stage.capic.org\/fr\/montreal\/","title":{"rendered":"Montr\u00e9al"},"content":{"rendered":"<p><a href=\"https:\/\/stage.capic.org\/fr\/event\/montreal-portfolio-review\/newportefolio_review_14juin_carre_v6-2\/\" rel=\"attachment wp-att-17922\"><img loading=\"lazy\" class=\"alignnone wp-image-17922 size-large\" src=\"https:\/\/stage.capic.org\/wp-content\/uploads\/2023\/05\/NEWPORTEFOLIO_REVIEW_14JUIN_CARRE_V6-1024x1024.jpg\" alt=\"\" width=\"1024\" height=\"1024\" srcset=\"https:\/\/stage.capic.org\/wp-content\/uploads\/2023\/05\/NEWPORTEFOLIO_REVIEW_14JUIN_CARRE_V6-1024x1024.jpg 1024w, https:\/\/stage.capic.org\/wp-content\/uploads\/2023\/05\/NEWPORTEFOLIO_REVIEW_14JUIN_CARRE_V6-300x300.jpg 300w, https:\/\/stage.capic.org\/wp-content\/uploads\/2023\/05\/NEWPORTEFOLIO_REVIEW_14JUIN_CARRE_V6-150x150.jpg 150w, https:\/\/stage.capic.org\/wp-content\/uploads\/2023\/05\/NEWPORTEFOLIO_REVIEW_14JUIN_CARRE_V6-768x768.jpg 768w, https:\/\/stage.capic.org\/wp-content\/uploads\/2023\/05\/NEWPORTEFOLIO_REVIEW_14JUIN_CARRE_V6-1536x1536.jpg 1536w, https:\/\/stage.capic.org\/wp-content\/uploads\/2023\/05\/NEWPORTEFOLIO_REVIEW_14JUIN_CARRE_V6-2048x2048.jpg 2048w\" sizes=\"(max-width: 1024px) 100vw, 1024px\" \/><\/a><\/p>\n<p><strong><span style=\"color: #ed6947;\">Ne manquez pas les mises \u00e0 jour du chapitre ! Suivez CAPIC Montr\u00e9al :<\/span><\/strong><a href=\"https:\/\/www.facebook.com\/capicmontreal\" target=\"_blank\" rel=\"noopener\"><br \/>\n<\/a><a href=\"https:\/\/www.instagram.com\/capicmontreal\/\" target=\"_blank\" rel=\"noopener\"><img loading=\"lazy\" class=\"alignleft wp-image-16219\" src=\"https:\/\/stage.capic.org\/wp-content\/uploads\/2021\/02\/download.jpg\" alt=\"\" width=\"75\" height=\"75\" srcset=\"https:\/\/stage.capic.org\/wp-content\/uploads\/2021\/02\/download.jpg 225w, https:\/\/stage.capic.org\/wp-content\/uploads\/2021\/02\/download-150x150.jpg 150w\" sizes=\"(max-width: 75px) 100vw, 75px\" \/><\/a><a href=\"https:\/\/www.facebook.com\/capicmontreal\" target=\"_blank\" rel=\"noopener\"><img loading=\"lazy\" class=\"alignleft wp-image-16223\" src=\"https:\/\/stage.capic.org\/wp-content\/uploads\/2021\/02\/download.png\" alt=\"\" width=\"75\" height=\"75\" srcset=\"https:\/\/stage.capic.org\/wp-content\/uploads\/2021\/02\/download.png 225w, https:\/\/stage.capic.org\/wp-content\/uploads\/2021\/02\/download-150x150.png 150w\" sizes=\"(max-width: 75px) 100vw, 75px\" \/><\/a><a href=\"https:\/\/twitter.com\/capicmontreal\" target=\"_blank\" rel=\"noopener\"><img loading=\"lazy\" class=\"alignleft wp-image-16221\" src=\"https:\/\/stage.capic.org\/wp-content\/uploads\/2021\/02\/download-1.jpg\" alt=\"\" width=\"75\" height=\"75\" srcset=\"https:\/\/stage.capic.org\/wp-content\/uploads\/2021\/02\/download-1.jpg 225w, https:\/\/stage.capic.org\/wp-content\/uploads\/2021\/02\/download-1-150x150.jpg 150w\" sizes=\"(max-width: 75px) 100vw, 75px\" \/><\/a><\/p>\n","protected":false},"excerpt":{"rendered":"<p>Ne manquez pas les mises \u00e0 jour du chapitre ! Suivez CAPIC Montr\u00e9al :<\/p>\n","protected":false},"author":1245,"featured_media":0,"parent":0,"menu_order":0,"comment_status":"closed","ping_status":"closed","template":"","meta":{"ngg_post_thumbnail":0},"yoast_head":"<!-- This site is optimized with the Yoast SEO plugin v17.9 - https:\/\/yoast.com\/wordpress\/plugins\/seo\/ -->\n<title>Montr\u00e9al - CAPIC-National<\/title>\n<meta name=\"robots\" content=\"index, follow, max-snippet:-1, max-image-preview:large, max-video-preview:-1\" \/>\n<link rel=\"canonical\" href=\"https:\/\/stage.capic.org\/fr\/montreal\/\" \/>\n<meta property=\"og:locale\" content=\"fr_FR\" \/>\n<meta property=\"og:type\" content=\"article\" \/>\n<meta property=\"og:title\" content=\"Montr\u00e9al - CAPIC-National\" \/>\n<meta property=\"og:description\" content=\"Ne manquez pas les mises \u00e0 jour du chapitre ! Suivez CAPIC Montr\u00e9al :\" \/>\n<meta property=\"og:url\" content=\"https:\/\/stage.capic.org\/fr\/montreal\/\" \/>\n<meta property=\"og:site_name\" content=\"CAPIC-National\" \/>\n<meta property=\"article:publisher\" content=\"https:\/\/www.facebook.com\/CAPICnational\" \/>\n<meta property=\"article:modified_time\" content=\"2023-06-07T23:21:57+00:00\" \/>\n<meta property=\"og:image\" content=\"https:\/\/stage.capic.org\/wp-content\/uploads\/2023\/05\/NEWPORTEFOLIO_REVIEW_14JUIN_CARRE_V6-1024x1024.jpg\" \/>\n<meta name=\"twitter:label1\" content=\"Dur\u00e9e de lecture estim\u00e9e\" \/>\n\t<meta name=\"twitter:data1\" content=\"1 minute\" \/>\n<script type=\"application\/ld+json\" class=\"yoast-schema-graph\">{\"@context\":\"https:\/\/schema.org\",\"@graph\":[{\"@type\":\"Organization\",\"@id\":\"https:\/\/stage.capic.org\/fr\/#organization\",\"name\":\"The Canadian Association of Professional Image Creators (CAPIC)\",\"url\":\"https:\/\/stage.capic.org\/fr\/\",\"sameAs\":[\"https:\/\/www.facebook.com\/CAPICnational\",\"https:\/\/www.instagram.com\/capicnational\/\",\"https:\/\/twitter.com\/capicnational\"],\"logo\":{\"@type\":\"ImageObject\",\"@id\":\"https:\/\/stage.capic.org\/fr\/#logo\",\"inLanguage\":\"fr-FR\",\"url\":\"https:\/\/capic.org\/wp-content\/uploads\/2020\/07\/CAPIC_logo.png\",\"contentUrl\":\"https:\/\/capic.org\/wp-content\/uploads\/2020\/07\/CAPIC_logo.png\",\"width\":1569,\"height\":396,\"caption\":\"The Canadian Association of Professional Image Creators (CAPIC)\"},\"image\":{\"@id\":\"https:\/\/stage.capic.org\/fr\/#logo\"}},{\"@type\":\"WebSite\",\"@id\":\"https:\/\/stage.capic.org\/fr\/#website\",\"url\":\"https:\/\/stage.capic.org\/fr\/\",\"name\":\"CAPIC-National\",\"description\":\"L'ASSOCIATION CANADIENNE DES CR\\u00c9ATEURS PROFESSIONNELS DE L'IMAGE\",\"publisher\":{\"@id\":\"https:\/\/stage.capic.org\/fr\/#organization\"},\"potentialAction\":[{\"@type\":\"SearchAction\",\"target\":{\"@type\":\"EntryPoint\",\"urlTemplate\":\"https:\/\/stage.capic.org\/fr\/?s={search_term_string}\"},\"query-input\":\"required name=search_term_string\"}],\"inLanguage\":\"fr-FR\"},{\"@type\":\"ImageObject\",\"@id\":\"https:\/\/stage.capic.org\/fr\/montreal\/#primaryimage\",\"inLanguage\":\"fr-FR\",\"url\":\"https:\/\/stage.capic.org\/wp-content\/uploads\/2023\/05\/NEWPORTEFOLIO_REVIEW_14JUIN_CARRE_V6.jpg\",\"contentUrl\":\"https:\/\/stage.capic.org\/wp-content\/uploads\/2023\/05\/NEWPORTEFOLIO_REVIEW_14JUIN_CARRE_V6.jpg\",\"width\":2560,\"height\":2560},{\"@type\":\"WebPage\",\"@id\":\"https:\/\/stage.capic.org\/fr\/montreal\/#webpage\",\"url\":\"https:\/\/stage.capic.org\/fr\/montreal\/\",\"name\":\"Montr\\u00e9al - CAPIC-National\",\"isPartOf\":{\"@id\":\"https:\/\/stage.capic.org\/fr\/#website\"},\"primaryImageOfPage\":{\"@id\":\"https:\/\/stage.capic.org\/fr\/montreal\/#primaryimage\"},\"datePublished\":\"2019-10-24T19:04:40+00:00\",\"dateModified\":\"2023-06-07T23:21:57+00:00\",\"breadcrumb\":{\"@id\":\"https:\/\/stage.capic.org\/fr\/montreal\/#breadcrumb\"},\"inLanguage\":\"fr-FR\",\"potentialAction\":[{\"@type\":\"ReadAction\",\"target\":[\"https:\/\/stage.capic.org\/fr\/montreal\/\"]}]},{\"@type\":\"BreadcrumbList\",\"@id\":\"https:\/\/stage.capic.org\/fr\/montreal\/#breadcrumb\",\"itemListElement\":[{\"@type\":\"ListItem\",\"position\":1,\"name\":\"Home\",\"item\":\"https:\/\/stage.capic.org\/fr\/\"},{\"@type\":\"ListItem\",\"position\":2,\"name\":\"Montr\\u00e9al\"}]}]}<\/script>\n<!-- \/ Yoast SEO plugin. -->","yoast_head_json":{"title":"Montr\u00e9al - CAPIC-National","robots":{"index":"index","follow":"follow","max-snippet":"max-snippet:-1","max-image-preview":"max-image-preview:large","max-video-preview":"max-video-preview:-1"},"canonical":"https:\/\/stage.capic.org\/fr\/montreal\/","og_locale":"fr_FR","og_type":"article","og_title":"Montr\u00e9al - CAPIC-National","og_description":"Ne manquez pas les mises \u00e0 jour du chapitre ! Suivez CAPIC Montr\u00e9al :","og_url":"https:\/\/stage.capic.org\/fr\/montreal\/","og_site_name":"CAPIC-National","article_publisher":"https:\/\/www.facebook.com\/CAPICnational","article_modified_time":"2023-06-07T23:21:57+00:00","og_image":[{"url":"https:\/\/stage.capic.org\/wp-content\/uploads\/2023\/05\/NEWPORTEFOLIO_REVIEW_14JUIN_CARRE_V6-1024x1024.jpg"}],"twitter_misc":{"Dur\u00e9e de lecture estim\u00e9e":"1 minute"},"schema":{"@context":"https:\/\/schema.org","@graph":[{"@type":"Organization","@id":"https:\/\/stage.capic.org\/fr\/#organization","name":"The Canadian Association of Professional Image Creators (CAPIC)","url":"https:\/\/stage.capic.org\/fr\/","sameAs":["https:\/\/www.facebook.com\/CAPICnational","https:\/\/www.instagram.com\/capicnational\/","https:\/\/twitter.com\/capicnational"],"logo":{"@type":"ImageObject","@id":"https:\/\/stage.capic.org\/fr\/#logo","inLanguage":"fr-FR","url":"https:\/\/capic.org\/wp-content\/uploads\/2020\/07\/CAPIC_logo.png","contentUrl":"https:\/\/capic.org\/wp-content\/uploads\/2020\/07\/CAPIC_logo.png","width":1569,"height":396,"caption":"The Canadian Association of Professional Image Creators (CAPIC)"},"image":{"@id":"https:\/\/stage.capic.org\/fr\/#logo"}},{"@type":"WebSite","@id":"https:\/\/stage.capic.org\/fr\/#website","url":"https:\/\/stage.capic.org\/fr\/","name":"CAPIC-National","description":"L'ASSOCIATION CANADIENNE DES CR\u00c9ATEURS PROFESSIONNELS DE L'IMAGE","publisher":{"@id":"https:\/\/stage.capic.org\/fr\/#organization"},"potentialAction":[{"@type":"SearchAction","target":{"@type":"EntryPoint","urlTemplate":"https:\/\/stage.capic.org\/fr\/?s={search_term_string}"},"query-input":"required name=search_term_string"}],"inLanguage":"fr-FR"},{"@type":"ImageObject","@id":"https:\/\/stage.capic.org\/fr\/montreal\/#primaryimage","inLanguage":"fr-FR","url":"https:\/\/stage.capic.org\/wp-content\/uploads\/2023\/05\/NEWPORTEFOLIO_REVIEW_14JUIN_CARRE_V6.jpg","contentUrl":"https:\/\/stage.capic.org\/wp-content\/uploads\/2023\/05\/NEWPORTEFOLIO_REVIEW_14JUIN_CARRE_V6.jpg","width":2560,"height":2560},{"@type":"WebPage","@id":"https:\/\/stage.capic.org\/fr\/montreal\/#webpage","url":"https:\/\/stage.capic.org\/fr\/montreal\/","name":"Montr\u00e9al - CAPIC-National","isPartOf":{"@id":"https:\/\/stage.capic.org\/fr\/#website"},"primaryImageOfPage":{"@id":"https:\/\/stage.capic.org\/fr\/montreal\/#primaryimage"},"datePublished":"2019-10-24T19:04:40+00:00","dateModified":"2023-06-07T23:21:57+00:00","breadcrumb":{"@id":"https:\/\/stage.capic.org\/fr\/montreal\/#breadcrumb"},"inLanguage":"fr-FR","potentialAction":[{"@type":"ReadAction","target":["https:\/\/stage.capic.org\/fr\/montreal\/"]}]},{"@type":"BreadcrumbList","@id":"https:\/\/stage.capic.org\/fr\/montreal\/#breadcrumb","itemListElement":[{"@type":"ListItem","position":1,"name":"Home","item":"https:\/\/stage.capic.org\/fr\/"},{"@type":"ListItem","position":2,"name":"Montr\u00e9al"}]}]}},"_links":{"self":[{"href":"https:\/\/stage.capic.org\/fr\/wp-json\/wp\/v2\/pages\/14394\/"}],"collection":[{"href":"https:\/\/stage.capic.org\/fr\/wp-json\/wp\/v2\/pages\/"}],"about":[{"href":"https:\/\/stage.capic.org\/fr\/wp-json\/wp\/v2\/types\/page\/"}],"author":[{"embeddable":true,"href":"https:\/\/stage.capic.org\/fr\/wp-json\/wp\/v2\/users\/1245\/"}],"replies":[{"embeddable":true,"href":"https:\/\/stage.capic.org\/fr\/wp-json\/wp\/v2\/comments\/?post=14394"}],"version-history":[{"count":5,"href":"https:\/\/stage.capic.org\/fr\/wp-json\/wp\/v2\/pages\/14394\/revisions\/"}],"predecessor-version":[{"id":17937,"href":"https:\/\/stage.capic.org\/fr\/wp-json\/wp\/v2\/pages\/14394\/revisions\/17937\/"}],"wp:attachment":[{"href":"https:\/\/stage.capic.org\/fr\/wp-json\/wp\/v2\/media\/?parent=14394"}],"curies":[{"name":"wp","href":"https:\/\/api.w.org\/{rel}","templated":true}]}}