{"id":14406,"date":"2019-10-24T15:08:49","date_gmt":"2019-10-24T19:08:49","guid":{"rendered":"https:\/\/capic.org\/?page_id=14406"},"modified":"2023-04-03T16:07:15","modified_gmt":"2023-04-03T20:07:15","slug":"toronto","status":"publish","type":"page","link":"https:\/\/stage.capic.org\/fr\/toronto\/","title":{"rendered":"Toronto"},"content":{"rendered":"<p style=\"text-align: center;\">&nbsp;<\/p>\n<p style=\"text-align: center;\"><a href=\"https:\/\/stage.capic.org\/fr\/evenements\/doublevision\/image001-copy\/\"><img loading=\"lazy\" class=\"alignnone wp-image-17772 size-large\" src=\"https:\/\/stage.capic.org\/wp-content\/uploads\/2023\/04\/image001-copy-711x1024.jpg\" alt=\"\" width=\"711\" height=\"1024\" srcset=\"https:\/\/stage.capic.org\/wp-content\/uploads\/2023\/04\/image001-copy-711x1024.jpg 711w, https:\/\/stage.capic.org\/wp-content\/uploads\/2023\/04\/image001-copy-208x300.jpg 208w, https:\/\/stage.capic.org\/wp-content\/uploads\/2023\/04\/image001-copy.jpg 750w\" sizes=\"(max-width: 711px) 100vw, 711px\" \/><\/a><\/p>\n<h1 style=\"text-align: center;\"><span style=\"color: #005bbb;\"><strong>CAPIC DOUBLE VISION 2023<\/strong><\/span><\/h1>\n<p style=\"text-align: center;\"><span style=\"color: #ed6900;\"><strong>DATE LIMITE FINALE: le vendredi, 14 avril, 2023<\/strong><\/span><\/p>\n<p class=\"p1\">CAPIC Double Vision est de retour ! L\u2019Association canadienne des cr\u00e9ateurs professionnels de l\u2019image (CAPIC) annonce l\u2019appel \u00e0 candidatures pour Double Vision 2023. L\u2019appel s\u2019adresse \u00e0 tous les photographes, illustrateurs et cr\u00e9ateurs d\u2019images professionnels travaillent au Canada.<\/p>\n<p class=\"p3\"><b>Qu\u2019est-ce que c\u2019est l\u2019exposition Double Vision ?<\/b><\/p>\n<p class=\"p1\">CAPIC Double Vision est une exposition unique o\u00f9 des cr\u00e9ateurs d\u2019images sont jumel\u00e9s afin de r\u00e9aliser des portraits de l\u2019un de l\u2019autre. Les \u0153uvres achev\u00e9es sont ensuite expos\u00e9es c\u00f4te \u00e0 c\u00f4te comme une seule pr\u00e9sentation.<\/p>\n<p class=\"p5\" style=\"text-align: center;\"><span class=\"Apple-converted-space\">&nbsp; <a href=\"https:\/\/stage.capic.org\/wp-content\/uploads\/2023\/02\/mc_image002.jpg\"><img loading=\"lazy\" class=\"alignnone wp-image-17620 size-medium\" src=\"https:\/\/stage.capic.org\/wp-content\/uploads\/2023\/02\/mc_image002-223x300.jpg\" alt=\"\" width=\"223\" height=\"300\" srcset=\"https:\/\/stage.capic.org\/wp-content\/uploads\/2023\/02\/mc_image002-223x300.jpg 223w, https:\/\/stage.capic.org\/wp-content\/uploads\/2023\/02\/mc_image002.jpg 571w\" sizes=\"(max-width: 223px) 100vw, 223px\" \/><\/a>&nbsp; &nbsp; &nbsp; &nbsp; &nbsp; &nbsp;<a href=\"https:\/\/stage.capic.org\/wp-content\/uploads\/2023\/02\/mc_image001.jpg\"><img loading=\"lazy\" class=\"alignnone wp-image-17618 size-medium\" src=\"https:\/\/stage.capic.org\/wp-content\/uploads\/2023\/02\/mc_image001-207x300.jpg\" alt=\"\" width=\"207\" height=\"300\" srcset=\"https:\/\/stage.capic.org\/wp-content\/uploads\/2023\/02\/mc_image001-207x300.jpg 207w, https:\/\/stage.capic.org\/wp-content\/uploads\/2023\/02\/mc_image001.jpg 531w\" sizes=\"(max-width: 207px) 100vw, 207px\" \/><\/a><\/span><\/p>\n<p class=\"p6\" style=\"text-align: center;\">Sue Upton&nbsp; &nbsp; &nbsp; &nbsp; &nbsp; &nbsp; &nbsp; &nbsp; &nbsp; &nbsp; &nbsp; &nbsp; &nbsp; &nbsp; &nbsp; &nbsp; &nbsp; &nbsp; &nbsp; &nbsp; &nbsp; Michael Cooper<\/p>\n<p class=\"p1\">Double Vision est aussi un concours. Une jur\u00e9e compos\u00e9e des professionnels dans les domaines de la publicit\u00e9, du design graphique, de l\u2019\u00e9dition et des galeries d\u2019art choisira trois gagnants ou gagnantes. On encouragera les participants et les invit\u00e9s \u00e0 se joindre aux festivit\u00e9s en votant pour leur paire de portraits favorite et un quatri\u00e8me prix sera attribu\u00e9 \u00e0 la fin de la soir\u00e9e.<\/p>\n<p class=\"p7\"><i>Double Vision sera mont\u00e9 comme partie de CAPIC Exhibition 2023, qui compris de deux autres exhibitions annuelles. C\u2019est une c\u00e9l\u00e9bration du talent \u00e9mergent, ainsi qu\u2019\u00e9tabli, qui existe dans la communaut\u00e9 de la CAPIC.<\/i><\/p>\n<p><strong>Offre exclusive <\/strong><\/p>\n<p>Imprimo, partenaire de CAPIC, une plateforme num\u00e9rique pour pr\u00e9senter votre portfolio artistique en ligne et prot\u00e9ger vos droits d&#8217;auteur, offre six mois d&#8217;abonnement gratuits \u00e0 chaque artiste qui soumet son travail \u00e0 Double Vision ou Xpos\u00e9. Plus d&#8217;informations sur <a href=\"http:\/\/www.imprimo.art\" target=\"_blank\" rel=\"noopener\">www.imprimo.art<\/a>.<\/p>\n<p class=\"p9\"><b>Confirmation de votre participation<\/b><\/p>\n<p class=\"p7\">Pour participer, envoyez vos coordonn\u00e9es et votre discipline artistique principale (photographie, illustration, etc.) par courriel \u00e0: <a href=\"mailto:doublevision@stage.capic.org\"><span class=\"s1\">doublevision@stage.capic.org<\/span><\/a> en inscrivant participation \u00e0 \u00ab&nbsp;DV 2023 \u00bb dans la ligne de sujet. Veuillez inclure les informations suivantes dans votre courriel.<\/p>\n<p class=\"p7\">Nom<\/p>\n<p class=\"p7\">Adresse<\/p>\n<p class=\"p7\">Num\u00e9ro de t\u00e9l\u00e9phone<\/p>\n<p class=\"p7\">Discipline artistique principale (photographe, illustrateur, etc.)<\/p>\n<p class=\"p7\">D\u00e8s que les entr\u00e9es arrivent et sont confirm\u00e9es, vous serez jumel\u00e9 avec une autre artiste de votre r\u00e9gion. Envoyez votre confirmation de participation par le vendredi 14 avril<b>&nbsp;<\/b>pour \u00eatre inclus dans l\u2019exposition.<\/p>\n<p class=\"p11\"><b>Droit d\u2019entr\u00e9e<\/b><\/p>\n<p class=\"p7\">Pour les membres du CAPIC ou des associations affili\u00e9es&nbsp;:&nbsp;75 $<\/p>\n<p class=\"p7\">Pour les non-membres&nbsp;: 125 $<\/p>\n<p class=\"p7\">Virement \u00e9lectronique | <a href=\"mailto:torontotreasurer@stage.capic.org\">torontotreasurer@stage.capic.org<\/a><\/p>\n<p class=\"p7\">Ch\u00e8que | fait \u00e0 l\u2019ordre de \u00ab CAPIC Toronto Chaptre \u00bb et envoyez-le \u00e0&nbsp;: CAPIC Toronto Chapter Treasurer, 134 Fanshawe Drive, Brampton, Ont. L6Z 1B1<\/p>\n<p class=\"p12\">Votre paiement doit \u00eatre effectu\u00e9 avant le vendredi 14 avril, 2023, \u00e0 minuit.<\/p>\n<p class=\"p9\"><b>Directives de soumission<\/b><\/p>\n<p class=\"p14\">Une image de la paire d\u2019\u0153uvres compl\u00e9t\u00e9e doit \u00eatre soumise \u00e0 doublevision@stage.capic.org&nbsp;pour \u00eatre jug\u00e9e avant le vendredi 26 mai, 2023. <span class=\"s2\">Un texte d\u00e9crivant votre d\u00e9marche artistique, le processus de cr\u00e9ation et le concept de collaboration doit \u00eatre soumis avec l\u2019image.<\/span><\/p>\n<p class=\"p14\">Les \u0153uvres soumises pour l\u2019exposition peuvent avoir des dimensions allant jusqu\u2019\u00e0 40\u201d de large x 72\u201d de haut. Toutes les \u0153uvres doivent \u00eatre fix\u00e9es au mur et elles doivent \u00eatre vernies ou encadr\u00e9es dans des cadres de vitre. Il faut utiliser du verre plexi pour toutes \u0153uvres dont la dimension d\u00e9passe 48 pouces.<\/p>\n<p class=\"p17\"><b>Calendrier des dates<\/b><\/p>\n<p class=\"p18\">Date limite pour l\u2019appel de candidatures: le vendredi 14 avril, 2023<\/p>\n<p class=\"p19\">Introduction \u00e0 votre partenaire: le lundi 17 avril, 2023<\/p>\n<p class=\"p19\">Date limite pour les images de portraits&nbsp;: le vendredi 26 mai, 2023<\/p>\n<p class=\"p19\">Vernissage&nbsp;: le jeudi 8 juin 2023 de 18h \u00e0 22h<\/p>\n<p class=\"p19\">Dates de l\u2019exhibition&nbsp;: Du 7 juin 2023 au 2 juillet 2023<\/p>\n<p class=\"p20\">The Papermill Gallery at Todmorden Mills, 67 Pottery Road, Toronto, ON M4K 2B9<\/p>\n<p class=\"p23\"><b>\u00c0 propos de la CAPIC<\/b><\/p>\n<p class=\"p24\">L\u2019Association canadienne des cr\u00e9ateurs professionnels de l\u2019image est la premi\u00e8re association canadienne pour ceux et celles qui font des communications visuelles. CAPIC repr\u00e9sente les int\u00e9r\u00eats des membres avec beaucoup d\u2019\u00e9nergie et d\u2019efficacit\u00e9 sur un grand choix de sujets, allant du copyright aux proc\u00e9dures commerciales. En tant qu\u2019association professionnelle, la CAPIC a pour mission de promouvoir tant la qualit\u00e9 et la cr\u00e9ativit\u00e9 que la bonne pratique professionnelle.<\/p>\n<p class=\"p24\">Fond\u00e9e en 1978, CAPIC est un organisme national sans but lucratif d\u00e9di\u00e9 \u00e0 la d\u00e9fense et \u00e0 la promotion des droits et int\u00e9r\u00eats des photographes et illustrateurs des arts de la communication. D\u2019abord une simple section, la CAPIC s\u2019\u00e9tend maintenant d\u2019Halifax \u00e0 Vancouver.<\/p>\n","protected":false},"excerpt":{"rendered":"<p>&nbsp; CAPIC DOUBLE VISION 2023 DATE LIMITE FINALE: le vendredi, 14 avril, 2023 CAPIC Double Vision est de retour ! L\u2019Association canadienne des cr\u00e9ateurs professionnels de l\u2019image (CAPIC) annonce l\u2019appel [&hellip;]<\/p>\n","protected":false},"author":1245,"featured_media":0,"parent":0,"menu_order":0,"comment_status":"closed","ping_status":"closed","template":"","meta":{"ngg_post_thumbnail":0},"yoast_head":"<!-- This site is optimized with the Yoast SEO plugin v17.9 - https:\/\/yoast.com\/wordpress\/plugins\/seo\/ -->\n<title>Toronto - CAPIC-National<\/title>\n<meta name=\"robots\" content=\"index, follow, max-snippet:-1, max-image-preview:large, max-video-preview:-1\" \/>\n<link rel=\"canonical\" href=\"https:\/\/stage.capic.org\/fr\/toronto\/\" \/>\n<meta property=\"og:locale\" content=\"fr_FR\" \/>\n<meta property=\"og:type\" content=\"article\" \/>\n<meta property=\"og:title\" content=\"Toronto - CAPIC-National\" \/>\n<meta property=\"og:description\" content=\"&nbsp; CAPIC DOUBLE VISION 2023 DATE LIMITE FINALE: le vendredi, 14 avril, 2023 CAPIC Double Vision est de retour ! L\u2019Association canadienne des cr\u00e9ateurs professionnels de l\u2019image (CAPIC) annonce l\u2019appel [&hellip;]\" \/>\n<meta property=\"og:url\" content=\"https:\/\/stage.capic.org\/fr\/toronto\/\" \/>\n<meta property=\"og:site_name\" content=\"CAPIC-National\" \/>\n<meta property=\"article:publisher\" content=\"https:\/\/www.facebook.com\/CAPICnational\" \/>\n<meta property=\"article:modified_time\" content=\"2023-04-03T20:07:15+00:00\" \/>\n<meta property=\"og:image\" content=\"https:\/\/stage.capic.org\/wp-content\/uploads\/2023\/04\/image001-copy-711x1024.jpg\" \/>\n<meta name=\"twitter:label1\" content=\"Dur\u00e9e de lecture estim\u00e9e\" \/>\n\t<meta name=\"twitter:data1\" content=\"4 minutes\" \/>\n<script type=\"application\/ld+json\" class=\"yoast-schema-graph\">{\"@context\":\"https:\/\/schema.org\",\"@graph\":[{\"@type\":\"Organization\",\"@id\":\"https:\/\/stage.capic.org\/fr\/#organization\",\"name\":\"The Canadian Association of Professional Image Creators (CAPIC)\",\"url\":\"https:\/\/stage.capic.org\/fr\/\",\"sameAs\":[\"https:\/\/www.facebook.com\/CAPICnational\",\"https:\/\/www.instagram.com\/capicnational\/\",\"https:\/\/twitter.com\/capicnational\"],\"logo\":{\"@type\":\"ImageObject\",\"@id\":\"https:\/\/stage.capic.org\/fr\/#logo\",\"inLanguage\":\"fr-FR\",\"url\":\"https:\/\/capic.org\/wp-content\/uploads\/2020\/07\/CAPIC_logo.png\",\"contentUrl\":\"https:\/\/capic.org\/wp-content\/uploads\/2020\/07\/CAPIC_logo.png\",\"width\":1569,\"height\":396,\"caption\":\"The Canadian Association of Professional Image Creators (CAPIC)\"},\"image\":{\"@id\":\"https:\/\/stage.capic.org\/fr\/#logo\"}},{\"@type\":\"WebSite\",\"@id\":\"https:\/\/stage.capic.org\/fr\/#website\",\"url\":\"https:\/\/stage.capic.org\/fr\/\",\"name\":\"CAPIC-National\",\"description\":\"L'ASSOCIATION CANADIENNE DES CR\\u00c9ATEURS PROFESSIONNELS DE L'IMAGE\",\"publisher\":{\"@id\":\"https:\/\/stage.capic.org\/fr\/#organization\"},\"potentialAction\":[{\"@type\":\"SearchAction\",\"target\":{\"@type\":\"EntryPoint\",\"urlTemplate\":\"https:\/\/stage.capic.org\/fr\/?s={search_term_string}\"},\"query-input\":\"required name=search_term_string\"}],\"inLanguage\":\"fr-FR\"},{\"@type\":\"ImageObject\",\"@id\":\"https:\/\/stage.capic.org\/fr\/toronto\/#primaryimage\",\"inLanguage\":\"fr-FR\",\"url\":\"https:\/\/stage.capic.org\/wp-content\/uploads\/2023\/04\/image001-copy.jpg\",\"contentUrl\":\"https:\/\/stage.capic.org\/wp-content\/uploads\/2023\/04\/image001-copy.jpg\",\"width\":750,\"height\":1080},{\"@type\":\"WebPage\",\"@id\":\"https:\/\/stage.capic.org\/fr\/toronto\/#webpage\",\"url\":\"https:\/\/stage.capic.org\/fr\/toronto\/\",\"name\":\"Toronto - CAPIC-National\",\"isPartOf\":{\"@id\":\"https:\/\/stage.capic.org\/fr\/#website\"},\"primaryImageOfPage\":{\"@id\":\"https:\/\/stage.capic.org\/fr\/toronto\/#primaryimage\"},\"datePublished\":\"2019-10-24T19:08:49+00:00\",\"dateModified\":\"2023-04-03T20:07:15+00:00\",\"breadcrumb\":{\"@id\":\"https:\/\/stage.capic.org\/fr\/toronto\/#breadcrumb\"},\"inLanguage\":\"fr-FR\",\"potentialAction\":[{\"@type\":\"ReadAction\",\"target\":[\"https:\/\/stage.capic.org\/fr\/toronto\/\"]}]},{\"@type\":\"BreadcrumbList\",\"@id\":\"https:\/\/stage.capic.org\/fr\/toronto\/#breadcrumb\",\"itemListElement\":[{\"@type\":\"ListItem\",\"position\":1,\"name\":\"Home\",\"item\":\"https:\/\/stage.capic.org\/fr\/\"},{\"@type\":\"ListItem\",\"position\":2,\"name\":\"Toronto\"}]}]}<\/script>\n<!-- \/ Yoast SEO plugin. -->","yoast_head_json":{"title":"Toronto - CAPIC-National","robots":{"index":"index","follow":"follow","max-snippet":"max-snippet:-1","max-image-preview":"max-image-preview:large","max-video-preview":"max-video-preview:-1"},"canonical":"https:\/\/stage.capic.org\/fr\/toronto\/","og_locale":"fr_FR","og_type":"article","og_title":"Toronto - CAPIC-National","og_description":"&nbsp; CAPIC DOUBLE VISION 2023 DATE LIMITE FINALE: le vendredi, 14 avril, 2023 CAPIC Double Vision est de retour ! L\u2019Association canadienne des cr\u00e9ateurs professionnels de l\u2019image (CAPIC) annonce l\u2019appel [&hellip;]","og_url":"https:\/\/stage.capic.org\/fr\/toronto\/","og_site_name":"CAPIC-National","article_publisher":"https:\/\/www.facebook.com\/CAPICnational","article_modified_time":"2023-04-03T20:07:15+00:00","og_image":[{"url":"https:\/\/stage.capic.org\/wp-content\/uploads\/2023\/04\/image001-copy-711x1024.jpg"}],"twitter_misc":{"Dur\u00e9e de lecture estim\u00e9e":"4 minutes"},"schema":{"@context":"https:\/\/schema.org","@graph":[{"@type":"Organization","@id":"https:\/\/stage.capic.org\/fr\/#organization","name":"The Canadian Association of Professional Image Creators (CAPIC)","url":"https:\/\/stage.capic.org\/fr\/","sameAs":["https:\/\/www.facebook.com\/CAPICnational","https:\/\/www.instagram.com\/capicnational\/","https:\/\/twitter.com\/capicnational"],"logo":{"@type":"ImageObject","@id":"https:\/\/stage.capic.org\/fr\/#logo","inLanguage":"fr-FR","url":"https:\/\/capic.org\/wp-content\/uploads\/2020\/07\/CAPIC_logo.png","contentUrl":"https:\/\/capic.org\/wp-content\/uploads\/2020\/07\/CAPIC_logo.png","width":1569,"height":396,"caption":"The Canadian Association of Professional Image Creators (CAPIC)"},"image":{"@id":"https:\/\/stage.capic.org\/fr\/#logo"}},{"@type":"WebSite","@id":"https:\/\/stage.capic.org\/fr\/#website","url":"https:\/\/stage.capic.org\/fr\/","name":"CAPIC-National","description":"L'ASSOCIATION CANADIENNE DES CR\u00c9ATEURS PROFESSIONNELS DE L'IMAGE","publisher":{"@id":"https:\/\/stage.capic.org\/fr\/#organization"},"potentialAction":[{"@type":"SearchAction","target":{"@type":"EntryPoint","urlTemplate":"https:\/\/stage.capic.org\/fr\/?s={search_term_string}"},"query-input":"required name=search_term_string"}],"inLanguage":"fr-FR"},{"@type":"ImageObject","@id":"https:\/\/stage.capic.org\/fr\/toronto\/#primaryimage","inLanguage":"fr-FR","url":"https:\/\/stage.capic.org\/wp-content\/uploads\/2023\/04\/image001-copy.jpg","contentUrl":"https:\/\/stage.capic.org\/wp-content\/uploads\/2023\/04\/image001-copy.jpg","width":750,"height":1080},{"@type":"WebPage","@id":"https:\/\/stage.capic.org\/fr\/toronto\/#webpage","url":"https:\/\/stage.capic.org\/fr\/toronto\/","name":"Toronto - CAPIC-National","isPartOf":{"@id":"https:\/\/stage.capic.org\/fr\/#website"},"primaryImageOfPage":{"@id":"https:\/\/stage.capic.org\/fr\/toronto\/#primaryimage"},"datePublished":"2019-10-24T19:08:49+00:00","dateModified":"2023-04-03T20:07:15+00:00","breadcrumb":{"@id":"https:\/\/stage.capic.org\/fr\/toronto\/#breadcrumb"},"inLanguage":"fr-FR","potentialAction":[{"@type":"ReadAction","target":["https:\/\/stage.capic.org\/fr\/toronto\/"]}]},{"@type":"BreadcrumbList","@id":"https:\/\/stage.capic.org\/fr\/toronto\/#breadcrumb","itemListElement":[{"@type":"ListItem","position":1,"name":"Home","item":"https:\/\/stage.capic.org\/fr\/"},{"@type":"ListItem","position":2,"name":"Toronto"}]}]}},"_links":{"self":[{"href":"https:\/\/stage.capic.org\/fr\/wp-json\/wp\/v2\/pages\/14406\/"}],"collection":[{"href":"https:\/\/stage.capic.org\/fr\/wp-json\/wp\/v2\/pages\/"}],"about":[{"href":"https:\/\/stage.capic.org\/fr\/wp-json\/wp\/v2\/types\/page\/"}],"author":[{"embeddable":true,"href":"https:\/\/stage.capic.org\/fr\/wp-json\/wp\/v2\/users\/1245\/"}],"replies":[{"embeddable":true,"href":"https:\/\/stage.capic.org\/fr\/wp-json\/wp\/v2\/comments\/?post=14406"}],"version-history":[{"count":8,"href":"https:\/\/stage.capic.org\/fr\/wp-json\/wp\/v2\/pages\/14406\/revisions\/"}],"predecessor-version":[{"id":17775,"href":"https:\/\/stage.capic.org\/fr\/wp-json\/wp\/v2\/pages\/14406\/revisions\/17775\/"}],"wp:attachment":[{"href":"https:\/\/stage.capic.org\/fr\/wp-json\/wp\/v2\/media\/?parent=14406"}],"curies":[{"name":"wp","href":"https:\/\/api.w.org\/{rel}","templated":true}]}}