{"id":14516,"date":"2019-10-14T12:17:17","date_gmt":"2019-10-14T16:17:17","guid":{"rendered":"https:\/\/capic.org\/membership-benefits\/"},"modified":"2021-12-02T16:01:19","modified_gmt":"2021-12-02T21:01:19","slug":"membership-benefits","status":"publish","type":"page","link":"https:\/\/stage.capic.org\/fr\/membership-benefits\/","title":{"rendered":"Avantages aux membres"},"content":{"rendered":"<h1 style=\"text-align: center;\"><a href=\"https:\/\/stage.capic.org\/fr\/covid-19-lignes-directrices\/\" target=\"_blank\" rel=\"noopener noreferrer\"><img loading=\"lazy\" class=\"aligncenter size-full wp-image-15498\" src=\"https:\/\/stage.capic.org\/wp-content\/uploads\/2020\/05\/button2-FR.png\" alt=\"\" width=\"500\" height=\"159\" srcset=\"https:\/\/stage.capic.org\/wp-content\/uploads\/2020\/05\/button2-FR.png 800w, https:\/\/stage.capic.org\/wp-content\/uploads\/2020\/05\/button2-FR-300x96.png 300w, https:\/\/stage.capic.org\/wp-content\/uploads\/2020\/05\/button2-FR-768x245.png 768w\" sizes=\"(max-width: 500px) 100vw, 500px\" \/><\/a><\/h1>\n<div>&nbsp;<\/div>\n<div style=\"padding: 56.25% 0 0 0; position: relative;\"><iframe style=\"position: absolute; top: 0; left: 0; width: 100%; height: 100%;\" src=\"https:\/\/player.vimeo.com\/video\/371896643?color=3394ff&amp;title=0&amp;byline=0&amp;portrait=0\" frameborder=\"0\" allowfullscreen=\"allowfullscreen\"><\/iframe><\/div>\n<p><script src=\"https:\/\/player.vimeo.com\/api\/player.js\"><\/script><\/p>\n<p>&nbsp;<\/p>\n<p><a href=\"https:\/\/stage.capic.org\/download\/2019-capic-lfsr-sample-page\/\" target=\"_blank\" rel=\"noopener noreferrer\"><img loading=\"lazy\" class=\"alignleft size-thumbnail wp-image-14438\" src=\"https:\/\/stage.capic.org\/wp-content\/uploads\/2019\/10\/surveyB-150x150@2x-150x150.png\" alt=\"\" width=\"150\" height=\"150\" srcset=\"https:\/\/stage.capic.org\/wp-content\/uploads\/2019\/10\/surveyB-150x150@2x-150x150.png 150w, https:\/\/stage.capic.org\/wp-content\/uploads\/2019\/10\/surveyB-150x150@2x.png 300w\" sizes=\"(max-width: 150px) 100vw, 150px\" \/><\/a><\/p>\n<h3 class=\"light\" style=\"text-align: left;\">SONDAGE 2019 SUR LES LICENCES ET LES TARIFS<\/h3>\n<p class=\"p1\" style=\"text-align: left;\">Nous avons demand\u00e9 aux photographes canadiens de proposer des tarifs pour une s\u00e9rie d\u2019emplois hypoth\u00e9tiques. 27 emplois diff\u00e9rents sont repr\u00e9sent\u00e9s, notamment en publicit\u00e9, alimentation, mode de vie, architecture, \u00e9v\u00e9nements, etc. Un exemple de page peut \u00eatre vu <a href=\"https:\/\/stage.capic.org\/wp-content\/uploads\/2019\/10\/CAPIC-LFSR-2019-11-web.png\" target=\"_blank\" rel=\"noopener noreferrer\">ici<\/a>, mais seuls les membres agr\u00e9\u00e9s peuvent t\u00e9l\u00e9charger le <a href=\"https:\/\/stage.capic.org\/fr\/profile-2\/\" target=\"_blank\" rel=\"noopener noreferrer\">document au complet<\/a>.<\/p>\n<p>&nbsp;<\/p>\n<p><a href=\"https:\/\/stage.capic.org\/fr\/librairie-video\/\"><img loading=\"lazy\" class=\"alignleft size-thumbnail wp-image-14458\" src=\"https:\/\/stage.capic.org\/wp-content\/uploads\/2019\/10\/videos-300x300@2x-150x150.jpg\" alt=\"\" width=\"150\" height=\"150\" srcset=\"https:\/\/stage.capic.org\/wp-content\/uploads\/2019\/10\/videos-300x300@2x-150x150.jpg 150w, https:\/\/stage.capic.org\/wp-content\/uploads\/2019\/10\/videos-300x300@2x.jpg 300w\" sizes=\"(max-width: 150px) 100vw, 150px\" \/><\/a><\/p>\n<h3 class=\"light\">LIBRAIRIE VIDEO<\/h3>\n<p class=\"p1\">Des activit\u00e9s \u00e9ducatives et sociales sont organis\u00e9es r\u00e9guli\u00e8rement par les chapitres locaux de la CAPIC. Ces \u00e9v\u00e9nements sont film\u00e9s et les vid\u00e9os sont disponibles pour les membres de la CAPIC. Un exemple peut \u00eatre vu <a href=\"https:\/\/stage.capic.org\/fr\/videos-2\/#video\" target=\"_blank\" rel=\"noopener noreferrer\">i\u00e7i<\/a>, mais seul les membres de la CAPIC ont acc\u00e8s \u00e0 la <a href=\"https:\/\/stage.capic.org\/fr\/librairie-video\/\" target=\"_blank\" rel=\"noopener noreferrer\">librairie vid\u00e9o<\/a> compl\u00e8te.<\/p>\n<p>&nbsp;<\/p>\n<p><a href=\"https:\/\/www.appliedartsmag.com\/\" target=\"_blank\" rel=\"noopener noreferrer\"><img loading=\"lazy\" class=\"alignleft size-thumbnail wp-image-14462\" src=\"https:\/\/stage.capic.org\/wp-content\/uploads\/2019\/10\/appliedarts-300x300@2x-150x150.jpg\" alt=\"\" width=\"150\" height=\"150\" srcset=\"https:\/\/stage.capic.org\/wp-content\/uploads\/2019\/10\/appliedarts-300x300@2x-150x150.jpg 150w, https:\/\/stage.capic.org\/wp-content\/uploads\/2019\/10\/appliedarts-300x300@2x.jpg 300w\" sizes=\"(max-width: 150px) 100vw, 150px\" \/><\/a><\/p>\n<h3 class=\"light\" style=\"text-align: left;\">ABONNEMENT GRATUIT \u00e0 APPLIED ARTS<\/h3>\n<p class=\"p1\" style=\"text-align: left;\">Tous les membres agr\u00e9e de la CAPIC re\u00e7oivent un abonnement gratuit \u00e0 <a href=\"https:\/\/www.appliedartsmag.com\/\" target=\"_blank\" rel=\"noopener noreferrer\">Applied Arts<\/a>. L&#8217;abonnement commencera une fois que vous devenez <a href=\"https:\/\/stage.capic.org\/fr\/adhesion\/\" target=\"_blank\" rel=\"noopener noreferrer\">membre<\/a>.<\/p>\n<p>&nbsp;<\/p>\n<p><img loading=\"lazy\" class=\"alignleft size-thumbnail wp-image-14464\" src=\"https:\/\/stage.capic.org\/wp-content\/uploads\/2019\/10\/partners-300x300@2x-150x150.jpg\" alt=\"\" width=\"150\" height=\"150\" srcset=\"https:\/\/stage.capic.org\/wp-content\/uploads\/2019\/10\/partners-300x300@2x-150x150.jpg 150w, https:\/\/stage.capic.org\/wp-content\/uploads\/2019\/10\/partners-300x300@2x.jpg 300w\" sizes=\"(max-width: 150px) 100vw, 150px\" \/><\/p>\n<h3 class=\"light\" style=\"text-align: left;\">AUTRES AVANTAGES<\/h3>\n<p class=\"p1\" style=\"text-align: left;\">Les membres de la CAPIC b\u00e9n\u00e9ficient d&#8217;un tarif r\u00e9duit ou gratuit sur tous les \u00e9v\u00e9nements CAPIC. Les membres de la CAPIC re\u00e7oivent \u00e9galement des remises de plusieurs organisations incluses Front Row Insurance, B3K Digital, DeSerres, et Royal Photo. Voir la liste compl\u00e8te des avantages <a href=\"https:\/\/stage.capic.org\/fr\/avantages-accordes-aux-membres\/\" target=\"_blank\" rel=\"noopener noreferrer\">ici.<\/a>&nbsp;<\/p>\n<p>&nbsp;<\/p>\n","protected":false},"excerpt":{"rendered":"<p>&nbsp; &nbsp; SONDAGE 2019 SUR LES LICENCES ET LES TARIFS Nous avons demand\u00e9 aux photographes canadiens de proposer des tarifs pour une s\u00e9rie d\u2019emplois hypoth\u00e9tiques. 27 emplois diff\u00e9rents sont repr\u00e9sent\u00e9s, [&hellip;]<\/p>\n","protected":false},"author":1,"featured_media":0,"parent":0,"menu_order":0,"comment_status":"closed","ping_status":"closed","template":"","meta":{"ngg_post_thumbnail":0},"yoast_head":"<!-- This site is optimized with the Yoast SEO plugin v17.9 - https:\/\/yoast.com\/wordpress\/plugins\/seo\/ -->\n<title>Avantages aux membres - CAPIC-National<\/title>\n<meta name=\"robots\" content=\"index, follow, max-snippet:-1, max-image-preview:large, max-video-preview:-1\" \/>\n<link rel=\"canonical\" href=\"https:\/\/stage.capic.org\/fr\/membership-benefits\/\" \/>\n<meta property=\"og:locale\" content=\"fr_FR\" \/>\n<meta property=\"og:type\" content=\"article\" \/>\n<meta property=\"og:title\" content=\"Avantages aux membres - CAPIC-National\" \/>\n<meta property=\"og:description\" content=\"&nbsp; &nbsp; SONDAGE 2019 SUR LES LICENCES ET LES TARIFS Nous avons demand\u00e9 aux photographes canadiens de proposer des tarifs pour une s\u00e9rie d\u2019emplois hypoth\u00e9tiques. 27 emplois diff\u00e9rents sont repr\u00e9sent\u00e9s, [&hellip;]\" \/>\n<meta property=\"og:url\" content=\"https:\/\/stage.capic.org\/fr\/membership-benefits\/\" \/>\n<meta property=\"og:site_name\" content=\"CAPIC-National\" \/>\n<meta property=\"article:publisher\" content=\"https:\/\/www.facebook.com\/CAPICnational\" \/>\n<meta property=\"article:modified_time\" content=\"2021-12-02T21:01:19+00:00\" \/>\n<meta property=\"og:image\" content=\"https:\/\/stage.capic.org\/wp-content\/uploads\/2020\/05\/button2-FR.png\" \/>\n<meta name=\"twitter:label1\" content=\"Dur\u00e9e de lecture estim\u00e9e\" \/>\n\t<meta name=\"twitter:data1\" content=\"1 minute\" \/>\n<script type=\"application\/ld+json\" class=\"yoast-schema-graph\">{\"@context\":\"https:\/\/schema.org\",\"@graph\":[{\"@type\":\"Organization\",\"@id\":\"https:\/\/stage.capic.org\/fr\/#organization\",\"name\":\"The Canadian Association of Professional Image Creators (CAPIC)\",\"url\":\"https:\/\/stage.capic.org\/fr\/\",\"sameAs\":[\"https:\/\/www.facebook.com\/CAPICnational\",\"https:\/\/www.instagram.com\/capicnational\/\",\"https:\/\/twitter.com\/capicnational\"],\"logo\":{\"@type\":\"ImageObject\",\"@id\":\"https:\/\/stage.capic.org\/fr\/#logo\",\"inLanguage\":\"fr-FR\",\"url\":\"https:\/\/capic.org\/wp-content\/uploads\/2020\/07\/CAPIC_logo.png\",\"contentUrl\":\"https:\/\/capic.org\/wp-content\/uploads\/2020\/07\/CAPIC_logo.png\",\"width\":1569,\"height\":396,\"caption\":\"The Canadian Association of Professional Image Creators (CAPIC)\"},\"image\":{\"@id\":\"https:\/\/stage.capic.org\/fr\/#logo\"}},{\"@type\":\"WebSite\",\"@id\":\"https:\/\/stage.capic.org\/fr\/#website\",\"url\":\"https:\/\/stage.capic.org\/fr\/\",\"name\":\"CAPIC-National\",\"description\":\"L'ASSOCIATION CANADIENNE DES CR\\u00c9ATEURS PROFESSIONNELS DE L'IMAGE\",\"publisher\":{\"@id\":\"https:\/\/stage.capic.org\/fr\/#organization\"},\"potentialAction\":[{\"@type\":\"SearchAction\",\"target\":{\"@type\":\"EntryPoint\",\"urlTemplate\":\"https:\/\/stage.capic.org\/fr\/?s={search_term_string}\"},\"query-input\":\"required name=search_term_string\"}],\"inLanguage\":\"fr-FR\"},{\"@type\":\"ImageObject\",\"@id\":\"https:\/\/stage.capic.org\/fr\/membership-benefits\/#primaryimage\",\"inLanguage\":\"fr-FR\",\"url\":\"https:\/\/stage.capic.org\/wp-content\/uploads\/2020\/05\/button2-FR.png\",\"contentUrl\":\"https:\/\/stage.capic.org\/wp-content\/uploads\/2020\/05\/button2-FR.png\",\"width\":800,\"height\":255},{\"@type\":\"WebPage\",\"@id\":\"https:\/\/stage.capic.org\/fr\/membership-benefits\/#webpage\",\"url\":\"https:\/\/stage.capic.org\/fr\/membership-benefits\/\",\"name\":\"Avantages aux membres - CAPIC-National\",\"isPartOf\":{\"@id\":\"https:\/\/stage.capic.org\/fr\/#website\"},\"primaryImageOfPage\":{\"@id\":\"https:\/\/stage.capic.org\/fr\/membership-benefits\/#primaryimage\"},\"datePublished\":\"2019-10-14T16:17:17+00:00\",\"dateModified\":\"2021-12-02T21:01:19+00:00\",\"breadcrumb\":{\"@id\":\"https:\/\/stage.capic.org\/fr\/membership-benefits\/#breadcrumb\"},\"inLanguage\":\"fr-FR\",\"potentialAction\":[{\"@type\":\"ReadAction\",\"target\":[\"https:\/\/stage.capic.org\/fr\/membership-benefits\/\"]}]},{\"@type\":\"BreadcrumbList\",\"@id\":\"https:\/\/stage.capic.org\/fr\/membership-benefits\/#breadcrumb\",\"itemListElement\":[{\"@type\":\"ListItem\",\"position\":1,\"name\":\"Home\",\"item\":\"https:\/\/stage.capic.org\/fr\/\"},{\"@type\":\"ListItem\",\"position\":2,\"name\":\"Avantages aux membres\"}]}]}<\/script>\n<!-- \/ Yoast SEO plugin. -->","yoast_head_json":{"title":"Avantages aux membres - CAPIC-National","robots":{"index":"index","follow":"follow","max-snippet":"max-snippet:-1","max-image-preview":"max-image-preview:large","max-video-preview":"max-video-preview:-1"},"canonical":"https:\/\/stage.capic.org\/fr\/membership-benefits\/","og_locale":"fr_FR","og_type":"article","og_title":"Avantages aux membres - CAPIC-National","og_description":"&nbsp; &nbsp; SONDAGE 2019 SUR LES LICENCES ET LES TARIFS Nous avons demand\u00e9 aux photographes canadiens de proposer des tarifs pour une s\u00e9rie d\u2019emplois hypoth\u00e9tiques. 27 emplois diff\u00e9rents sont repr\u00e9sent\u00e9s, [&hellip;]","og_url":"https:\/\/stage.capic.org\/fr\/membership-benefits\/","og_site_name":"CAPIC-National","article_publisher":"https:\/\/www.facebook.com\/CAPICnational","article_modified_time":"2021-12-02T21:01:19+00:00","og_image":[{"url":"https:\/\/stage.capic.org\/wp-content\/uploads\/2020\/05\/button2-FR.png"}],"twitter_misc":{"Dur\u00e9e de lecture estim\u00e9e":"1 minute"},"schema":{"@context":"https:\/\/schema.org","@graph":[{"@type":"Organization","@id":"https:\/\/stage.capic.org\/fr\/#organization","name":"The Canadian Association of Professional Image Creators (CAPIC)","url":"https:\/\/stage.capic.org\/fr\/","sameAs":["https:\/\/www.facebook.com\/CAPICnational","https:\/\/www.instagram.com\/capicnational\/","https:\/\/twitter.com\/capicnational"],"logo":{"@type":"ImageObject","@id":"https:\/\/stage.capic.org\/fr\/#logo","inLanguage":"fr-FR","url":"https:\/\/capic.org\/wp-content\/uploads\/2020\/07\/CAPIC_logo.png","contentUrl":"https:\/\/capic.org\/wp-content\/uploads\/2020\/07\/CAPIC_logo.png","width":1569,"height":396,"caption":"The Canadian Association of Professional Image Creators (CAPIC)"},"image":{"@id":"https:\/\/stage.capic.org\/fr\/#logo"}},{"@type":"WebSite","@id":"https:\/\/stage.capic.org\/fr\/#website","url":"https:\/\/stage.capic.org\/fr\/","name":"CAPIC-National","description":"L'ASSOCIATION CANADIENNE DES CR\u00c9ATEURS PROFESSIONNELS DE L'IMAGE","publisher":{"@id":"https:\/\/stage.capic.org\/fr\/#organization"},"potentialAction":[{"@type":"SearchAction","target":{"@type":"EntryPoint","urlTemplate":"https:\/\/stage.capic.org\/fr\/?s={search_term_string}"},"query-input":"required name=search_term_string"}],"inLanguage":"fr-FR"},{"@type":"ImageObject","@id":"https:\/\/stage.capic.org\/fr\/membership-benefits\/#primaryimage","inLanguage":"fr-FR","url":"https:\/\/stage.capic.org\/wp-content\/uploads\/2020\/05\/button2-FR.png","contentUrl":"https:\/\/stage.capic.org\/wp-content\/uploads\/2020\/05\/button2-FR.png","width":800,"height":255},{"@type":"WebPage","@id":"https:\/\/stage.capic.org\/fr\/membership-benefits\/#webpage","url":"https:\/\/stage.capic.org\/fr\/membership-benefits\/","name":"Avantages aux membres - CAPIC-National","isPartOf":{"@id":"https:\/\/stage.capic.org\/fr\/#website"},"primaryImageOfPage":{"@id":"https:\/\/stage.capic.org\/fr\/membership-benefits\/#primaryimage"},"datePublished":"2019-10-14T16:17:17+00:00","dateModified":"2021-12-02T21:01:19+00:00","breadcrumb":{"@id":"https:\/\/stage.capic.org\/fr\/membership-benefits\/#breadcrumb"},"inLanguage":"fr-FR","potentialAction":[{"@type":"ReadAction","target":["https:\/\/stage.capic.org\/fr\/membership-benefits\/"]}]},{"@type":"BreadcrumbList","@id":"https:\/\/stage.capic.org\/fr\/membership-benefits\/#breadcrumb","itemListElement":[{"@type":"ListItem","position":1,"name":"Home","item":"https:\/\/stage.capic.org\/fr\/"},{"@type":"ListItem","position":2,"name":"Avantages aux membres"}]}]}},"_links":{"self":[{"href":"https:\/\/stage.capic.org\/fr\/wp-json\/wp\/v2\/pages\/14516\/"}],"collection":[{"href":"https:\/\/stage.capic.org\/fr\/wp-json\/wp\/v2\/pages\/"}],"about":[{"href":"https:\/\/stage.capic.org\/fr\/wp-json\/wp\/v2\/types\/page\/"}],"author":[{"embeddable":true,"href":"https:\/\/stage.capic.org\/fr\/wp-json\/wp\/v2\/users\/1\/"}],"replies":[{"embeddable":true,"href":"https:\/\/stage.capic.org\/fr\/wp-json\/wp\/v2\/comments\/?post=14516"}],"version-history":[{"count":24,"href":"https:\/\/stage.capic.org\/fr\/wp-json\/wp\/v2\/pages\/14516\/revisions\/"}],"predecessor-version":[{"id":16899,"href":"https:\/\/stage.capic.org\/fr\/wp-json\/wp\/v2\/pages\/14516\/revisions\/16899\/"}],"wp:attachment":[{"href":"https:\/\/stage.capic.org\/fr\/wp-json\/wp\/v2\/media\/?parent=14516"}],"curies":[{"name":"wp","href":"https:\/\/api.w.org\/{rel}","templated":true}]}}