{"id":15404,"date":"2020-05-29T13:49:13","date_gmt":"2020-05-29T17:49:13","guid":{"rendered":"https:\/\/capic.org\/?page_id=15404"},"modified":"2020-07-07T11:59:15","modified_gmt":"2020-07-07T15:59:15","slug":"covid-19-lignes-directrices","status":"publish","type":"page","link":"https:\/\/stage.capic.org\/fr\/covid-19-lignes-directrices\/","title":{"rendered":"Covid-19 : Lignes directrices en mati\u00e8re de sant\u00e9 et de s\u00e9curit\u00e9 pour les photographes commerciaux"},"content":{"rendered":"<p><span style=\"color: #ed6947;\">Le 30 juin 2020<\/span><\/p>\n<p>Pour accompagner le document <a href=\"https:\/\/stage.capic.org\/wp-content\/uploads\/2020\/06\/CAPIC_Covid19-Guidelines_FR-2.pdf\" target=\"_blank\" rel=\"noopener noreferrer\">Covid-19 : Lignes directrices en mati\u00e8re de sant\u00e9 et de s\u00e9curit\u00e9 pour les photographes commerciaux<\/a>, la CAPIC a publi\u00e9 des lignes directrices illustr\u00e9es et des panneaux que les photographes peuvent utiliser sur leur lieu de travail.<\/p>\n<p>Les lignes directrices illustr\u00e9es et les panneaux \u00e9taient cr\u00e9\u00e9es pour aider les photographes \u00e0 \u00e9tablir des conditions les plus s\u00e9curitaires et les plus saines possible pour toutes personnes pr\u00e9sentes sur le plateau. Nous encourageons les photographes \u00e0 les t\u00e9l\u00e9charger et \u00e0 les imprimer pour les utiliser sur leur lieu de travail.<\/p>\n<h3>Ressources \u00e0 imprimer<\/h3>\n<h4>Lignes directrices illustr\u00e9es<\/h4>\n<p><a href=\"https:\/\/stage.capic.org\/wp-content\/uploads\/2020\/07\/capic-covid-19-guideline-poster-print-version-french.pdf\" target=\"_blank\" rel=\"noopener noreferrer\">Covid-19 : Lignes directrices illustr\u00e9es<\/a><\/p>\n<p><a href=\"https:\/\/stage.capic.org\/wp-content\/uploads\/2020\/07\/CAPIC-Covid-19-Guidelines_Full-Poster-FR.pdf\" target=\"_blank\" rel=\"noopener noreferrer\">AFFICHE \u2013 Covid-19 : Lignes directrices illustr\u00e9es<\/a><\/p>\n<h4>Panneaux<\/h4>\n<p><div class=\"one-half first\"> <a href=\"https:\/\/stage.capic.org\/wp-content\/uploads\/2020\/07\/capic-covid-19-signage-french-1.pdf\" target=\"_blank\" rel=\"noopener noreferrer\">PANNEAUX \u2013 CAPIC Covid-19<\/a><\/p>\n<p><a href=\"https:\/\/stage.capic.org\/wp-content\/uploads\/2020\/07\/CAPIC-de\u0301fense-dentrer-panneau.pdf\">CAPIC de\u0301fense d&#8217;entrer panneau<\/a><\/p>\n<p><a href=\"https:\/\/stage.capic.org\/wp-content\/uploads\/2020\/06\/CAPIC-de\u0301pistage-panneau.pdf\" target=\"_blank\" rel=\"noopener noreferrer\">CAPIC de\u0301pistage panneau<\/a><\/p>\n<p><a href=\"https:\/\/stage.capic.org\/wp-content\/uploads\/2020\/06\/CAPIC-distance-masque-panneau.pdf\" target=\"_blank\" rel=\"noopener noreferrer\">CAPIC distance masque panneau<\/a><\/p>\n<p><a href=\"https:\/\/stage.capic.org\/wp-content\/uploads\/2020\/06\/CAPIC-entre\u0301e-panneau.pdf\" target=\"_blank\" rel=\"noopener noreferrer\">CAPIC entre\u0301e panneau<\/a><\/p>\n<p><a href=\"https:\/\/stage.capic.org\/wp-content\/uploads\/2020\/06\/CAPIC-EPI-panneau.pdf\" target=\"_blank\" rel=\"noopener noreferrer\">CAPIC EPI panneau<\/a><\/p>\n<\/div><div class=\"one-half\">\n<p><a href=\"https:\/\/stage.capic.org\/wp-content\/uploads\/2020\/06\/CAPIC-lavez-mains-panneau.pdf\" target=\"_blank\" rel=\"noopener noreferrer\">CAPIC lavez mains panneau<\/a><\/p>\n<p><a href=\"https:\/\/stage.capic.org\/wp-content\/uploads\/2020\/06\/CAPIC-nourriture-boissons-panneau.pdf\" target=\"_blank\" rel=\"noopener noreferrer\">CAPIC nourriture boissons panneau<\/a><\/p>\n<p><a href=\"https:\/\/stage.capic.org\/wp-content\/uploads\/2020\/07\/CAPIC-outils-e\u0301quipments-panneau.pdf\">CAPIC outils e\u0301quipments panneau<\/a><\/p>\n<p><a href=\"https:\/\/stage.capic.org\/wp-content\/uploads\/2020\/07\/CAPIC-sens-unique-panneaux.pdf\" target=\"_blank\" rel=\"noopener noreferrer\">CAPIC sens unique panneaux<\/a><\/p>\n<p><a href=\"https:\/\/stage.capic.org\/wp-content\/uploads\/2020\/06\/CAPIC-sortie-panneau.pdf\" target=\"_blank\" rel=\"noopener noreferrer\">CAPIC sortie panneau<\/a><\/p>\n<\/div><\/p>\n<p>&nbsp;<\/p>\n<p><em>Conception graphique par <a href=\"https:\/\/www.sarasnnguyen.com\/\" target=\"_blank\" rel=\"noopener noreferrer\">Sara Nguyen<\/a> <\/em><\/p>\n<p><em>I<\/em><em>llustr\u00e9e par <a href=\"https:\/\/www.halukayagi.com\/\" target=\"_blank\" rel=\"noopener noreferrer\">Haluka Yagi<\/a><\/em><\/p>\n<p>La CAPIC continue d\u2019\u00eatre en consultation avec des gouvernements provinciaux \u00e0 travers le Canada au sujet des mati\u00e8res de la sant\u00e9 et de la s\u00e9curit\u00e9 en milieu de travail pour les photographes commerciaux dans le contexte de la Covid-19. Si vous avez des questions reli\u00e9es aux lignes directrices, n\u2019h\u00e9sitez pas \u00e0 contacter le bureau CAPIC : <a href=\"mailto:info@stage.capic.org\">info@stage.capic.org<\/a><\/p>\n<p><span style=\"color: #ed6947;\">Le 29 mai 2020<\/span><\/p>\n<p class=\"p1\">CAPIC a publi\u00e9 des lignes directrices en mati\u00e8re de sant\u00e9 et de s\u00e9curit\u00e9 pour les photographes commerciaux qui retournent au travail durant la pand\u00e9mie Covid-19. Les recommandations qui suivent sont des lignes directrices que les photographes devront adapter \u00e0 leur propre activit\u00e9. Les photographes qui suivent ces lignes directrices doivent s\u2019assurer qu\u2019ils respectent \u00e9galement toutes les directives locales en mati\u00e8re de sant\u00e9 et de s\u00e9curit\u00e9. Les autorit\u00e9s de sant\u00e9 publique fixent les normes et r\u00e9glementations minimales qui doivent \u00eatre respect\u00e9es par tous.<\/p>\n<p class=\"p1\">Les minist\u00e8res provinciaux du travail exigent des employeurs qu\u2019ils mettent en place un plan complet de sant\u00e9 et de s\u00e9curit\u00e9 pour la Covid-19. Ainsi, les photographes doivent \u00e9tablir leur propre politique d\u00e9crivant clairement les mesures mises en oeuvre pour att\u00e9nuer la propagation de la Covid-19. Les lignes directrices qui suivent sont con\u00e7ues pour aider les photographes \u00e0 cr\u00e9er leur propre politique Covid-19.<\/p>\n<p>T\u00e9l\u00e9charger ici : <a href=\"https:\/\/stage.capic.org\/wp-content\/uploads\/2020\/06\/CAPIC_Covid19-Guidelines_FR-1.pdf\" target=\"_blank\" rel=\"noopener noreferrer\">Covid-19 : Lignes directrices en mati\u00e8re de sant\u00e9 et de s\u00e9curit\u00e9 pour les photographes commerciaux<\/a><\/p>\n<p>Lire la <a href=\"https:\/\/stage.capic.org\/fr\/capic-publie-des-lignes-directrices-pour-les-photographes-commerciaux\/\" target=\"_blank\" rel=\"noopener noreferrer\">lettre ouverte<\/a> concernant les lignes directrices en mati\u00e8re de sant\u00e9 et de s\u00e9curit\u00e9 pour les photographes commerciaux recommand\u00e9es par CAPIC.<\/p>\n<h3>Mod\u00e8les<\/h3>\n<p><a href=\"https:\/\/stage.capic.org\/wp-content\/uploads\/2020\/06\/CAPIC_Mode\u0300le_Politique-standard-.pdf\" target=\"_blank\" rel=\"noopener noreferrer\">Covid-19 \u2013 Politique standard pour le lieu de travail<\/a><\/p>\n<p><a href=\"https:\/\/stage.capic.org\/wp-content\/uploads\/2020\/06\/CAPIC_Mode\u0300le_Reconnaissance-des-risques-.pdf\" target=\"_blank\" rel=\"noopener noreferrer\">Covid-19 \u2013 Reconnaissance des risques li\u00e9s \u00e0 la pr\u00e9sence sur le plateau de prise de vue<\/a><\/p>\n<p><a href=\"https:\/\/stage.capic.org\/wp-content\/uploads\/2020\/06\/CAPIC_Mode\u0300le_De\u0301pistage.pdf\" target=\"_blank\" rel=\"noopener noreferrer\">Covid-19 \u2013 Lettre de d\u00e9charge concernant le d\u00e9pistage <\/a><\/p>\n<h3>Secteurs li\u00e9s<\/h3>\n<p>CAPIC reconnait que tous secteurs li\u00e9s auront leurs propres lignes directrices et recommandations en concernant les mesures de s\u00e9curit\u00e9 et de sant\u00e9 durant la pand\u00e9mie Covid-19. En cr\u00e9er nos lignes directrices pour les photographes commerciaux, CAPIC \u00e0 consulter les lignes directrices et les pratiques exemplaires publi\u00e9es par les industries connexes.<\/p>\n<p>CAPIC \u00e0 cr\u00e9er une page de ressources avec toutes les recommandations des secteurs li\u00e9s \u00e0 la photographie commerciale.<\/p>\n<p>Voir la <a href=\"https:\/\/stage.capic.org\/covid-19-related-industry-guidelines-recommandations-des-secteurs-lies\/\" target=\"_blank\" rel=\"noopener noreferrer\">page de ressources pour les secteurs li\u00e9s<\/a>.<\/p>\n<h5><span style=\"color: #ed6947;\">CLAUSE DE NON-RESPONSABILIT\u00c9<\/span><\/h5>\n<p>Ces documents ont \u00e9t\u00e9 pr\u00e9par\u00e9s par la CAPIC en fonction des meilleures pratiques et des directives l\u00e9gales en vigueur actuellement \u00e0 l\u2019\u00e9gard de la sant\u00e9 et de la s\u00e9curit\u00e9 concernant la reprise du travail de photographe. Ces ressources ne constituent pas des conseils sp\u00e9cifiques en mati\u00e8re de sant\u00e9, de s\u00e9curit\u00e9 ou de droit. Veuillez ne pas vous appuyer sur ce document sans l\u2019avoir adapt\u00e9 \u00e0 votre situation particuli\u00e8re, y compris les lignes directrices et les r\u00e8gles applicables \u00e0 votre lieu de travail.<\/p>\n","protected":false},"excerpt":{"rendered":"<p>Le 30 juin 2020 Pour accompagner le document Covid-19 : Lignes directrices en mati\u00e8re de sant\u00e9 et de s\u00e9curit\u00e9 pour les photographes commerciaux, la CAPIC a publi\u00e9 des lignes directrices [&hellip;]<\/p>\n","protected":false},"author":1245,"featured_media":0,"parent":0,"menu_order":0,"comment_status":"closed","ping_status":"closed","template":"","meta":{"ngg_post_thumbnail":0},"yoast_head":"<!-- This site is optimized with the Yoast SEO plugin v17.9 - https:\/\/yoast.com\/wordpress\/plugins\/seo\/ -->\n<title>Covid-19 : Lignes directrices en mati\u00e8re de sant\u00e9 et de s\u00e9curit\u00e9 pour les photographes commerciaux - CAPIC-National<\/title>\n<meta name=\"robots\" content=\"index, follow, max-snippet:-1, max-image-preview:large, max-video-preview:-1\" \/>\n<link rel=\"canonical\" href=\"https:\/\/stage.capic.org\/fr\/covid-19-lignes-directrices\/\" \/>\n<meta property=\"og:locale\" content=\"fr_FR\" \/>\n<meta property=\"og:type\" content=\"article\" \/>\n<meta property=\"og:title\" content=\"Covid-19 : Lignes directrices en mati\u00e8re de sant\u00e9 et de s\u00e9curit\u00e9 pour les photographes commerciaux - CAPIC-National\" \/>\n<meta property=\"og:description\" content=\"Le 30 juin 2020 Pour accompagner le document Covid-19 : Lignes directrices en mati\u00e8re de sant\u00e9 et de s\u00e9curit\u00e9 pour les photographes commerciaux, la CAPIC a publi\u00e9 des lignes directrices [&hellip;]\" \/>\n<meta property=\"og:url\" content=\"https:\/\/stage.capic.org\/fr\/covid-19-lignes-directrices\/\" \/>\n<meta property=\"og:site_name\" content=\"CAPIC-National\" \/>\n<meta property=\"article:publisher\" content=\"https:\/\/www.facebook.com\/CAPICnational\" \/>\n<meta property=\"article:modified_time\" content=\"2020-07-07T15:59:15+00:00\" \/>\n<meta property=\"og:image\" content=\"https:\/\/stage.capic.org\/wp-content\/uploads\/2020\/07\/CAPIC_logo.png\" \/>\n\t<meta property=\"og:image:width\" content=\"1569\" \/>\n\t<meta property=\"og:image:height\" content=\"396\" \/>\n\t<meta property=\"og:image:type\" content=\"image\/png\" \/>\n<meta name=\"twitter:label1\" content=\"Dur\u00e9e de lecture estim\u00e9e\" \/>\n\t<meta name=\"twitter:data1\" content=\"3 minutes\" \/>\n<script type=\"application\/ld+json\" class=\"yoast-schema-graph\">{\"@context\":\"https:\/\/schema.org\",\"@graph\":[{\"@type\":\"Organization\",\"@id\":\"https:\/\/stage.capic.org\/fr\/#organization\",\"name\":\"The Canadian Association of Professional Image Creators (CAPIC)\",\"url\":\"https:\/\/stage.capic.org\/fr\/\",\"sameAs\":[\"https:\/\/www.facebook.com\/CAPICnational\",\"https:\/\/www.instagram.com\/capicnational\/\",\"https:\/\/twitter.com\/capicnational\"],\"logo\":{\"@type\":\"ImageObject\",\"@id\":\"https:\/\/stage.capic.org\/fr\/#logo\",\"inLanguage\":\"fr-FR\",\"url\":\"https:\/\/capic.org\/wp-content\/uploads\/2020\/07\/CAPIC_logo.png\",\"contentUrl\":\"https:\/\/capic.org\/wp-content\/uploads\/2020\/07\/CAPIC_logo.png\",\"width\":1569,\"height\":396,\"caption\":\"The Canadian Association of Professional Image Creators (CAPIC)\"},\"image\":{\"@id\":\"https:\/\/stage.capic.org\/fr\/#logo\"}},{\"@type\":\"WebSite\",\"@id\":\"https:\/\/stage.capic.org\/fr\/#website\",\"url\":\"https:\/\/stage.capic.org\/fr\/\",\"name\":\"CAPIC-National\",\"description\":\"L'ASSOCIATION CANADIENNE DES CR\\u00c9ATEURS PROFESSIONNELS DE L'IMAGE\",\"publisher\":{\"@id\":\"https:\/\/stage.capic.org\/fr\/#organization\"},\"potentialAction\":[{\"@type\":\"SearchAction\",\"target\":{\"@type\":\"EntryPoint\",\"urlTemplate\":\"https:\/\/stage.capic.org\/fr\/?s={search_term_string}\"},\"query-input\":\"required name=search_term_string\"}],\"inLanguage\":\"fr-FR\"},{\"@type\":\"WebPage\",\"@id\":\"https:\/\/stage.capic.org\/fr\/covid-19-lignes-directrices\/#webpage\",\"url\":\"https:\/\/stage.capic.org\/fr\/covid-19-lignes-directrices\/\",\"name\":\"Covid-19 : Lignes directrices en mati\\u00e8re de sant\\u00e9 et de s\\u00e9curit\\u00e9 pour les photographes commerciaux - CAPIC-National\",\"isPartOf\":{\"@id\":\"https:\/\/stage.capic.org\/fr\/#website\"},\"datePublished\":\"2020-05-29T17:49:13+00:00\",\"dateModified\":\"2020-07-07T15:59:15+00:00\",\"breadcrumb\":{\"@id\":\"https:\/\/stage.capic.org\/fr\/covid-19-lignes-directrices\/#breadcrumb\"},\"inLanguage\":\"fr-FR\",\"potentialAction\":[{\"@type\":\"ReadAction\",\"target\":[\"https:\/\/stage.capic.org\/fr\/covid-19-lignes-directrices\/\"]}]},{\"@type\":\"BreadcrumbList\",\"@id\":\"https:\/\/stage.capic.org\/fr\/covid-19-lignes-directrices\/#breadcrumb\",\"itemListElement\":[{\"@type\":\"ListItem\",\"position\":1,\"name\":\"Home\",\"item\":\"https:\/\/stage.capic.org\/fr\/\"},{\"@type\":\"ListItem\",\"position\":2,\"name\":\"Covid-19 : Lignes directrices en mati\\u00e8re de sant\\u00e9 et de s\\u00e9curit\\u00e9 pour les photographes commerciaux\"}]}]}<\/script>\n<!-- \/ Yoast SEO plugin. -->","yoast_head_json":{"title":"Covid-19 : Lignes directrices en mati\u00e8re de sant\u00e9 et de s\u00e9curit\u00e9 pour les photographes commerciaux - CAPIC-National","robots":{"index":"index","follow":"follow","max-snippet":"max-snippet:-1","max-image-preview":"max-image-preview:large","max-video-preview":"max-video-preview:-1"},"canonical":"https:\/\/stage.capic.org\/fr\/covid-19-lignes-directrices\/","og_locale":"fr_FR","og_type":"article","og_title":"Covid-19 : Lignes directrices en mati\u00e8re de sant\u00e9 et de s\u00e9curit\u00e9 pour les photographes commerciaux - CAPIC-National","og_description":"Le 30 juin 2020 Pour accompagner le document Covid-19 : Lignes directrices en mati\u00e8re de sant\u00e9 et de s\u00e9curit\u00e9 pour les photographes commerciaux, la CAPIC a publi\u00e9 des lignes directrices [&hellip;]","og_url":"https:\/\/stage.capic.org\/fr\/covid-19-lignes-directrices\/","og_site_name":"CAPIC-National","article_publisher":"https:\/\/www.facebook.com\/CAPICnational","article_modified_time":"2020-07-07T15:59:15+00:00","og_image":[{"width":1569,"height":396,"url":"https:\/\/stage.capic.org\/wp-content\/uploads\/2020\/07\/CAPIC_logo.png","type":"image\/png"}],"twitter_misc":{"Dur\u00e9e de lecture estim\u00e9e":"3 minutes"},"schema":{"@context":"https:\/\/schema.org","@graph":[{"@type":"Organization","@id":"https:\/\/stage.capic.org\/fr\/#organization","name":"The Canadian Association of Professional Image Creators (CAPIC)","url":"https:\/\/stage.capic.org\/fr\/","sameAs":["https:\/\/www.facebook.com\/CAPICnational","https:\/\/www.instagram.com\/capicnational\/","https:\/\/twitter.com\/capicnational"],"logo":{"@type":"ImageObject","@id":"https:\/\/stage.capic.org\/fr\/#logo","inLanguage":"fr-FR","url":"https:\/\/capic.org\/wp-content\/uploads\/2020\/07\/CAPIC_logo.png","contentUrl":"https:\/\/capic.org\/wp-content\/uploads\/2020\/07\/CAPIC_logo.png","width":1569,"height":396,"caption":"The Canadian Association of Professional Image Creators (CAPIC)"},"image":{"@id":"https:\/\/stage.capic.org\/fr\/#logo"}},{"@type":"WebSite","@id":"https:\/\/stage.capic.org\/fr\/#website","url":"https:\/\/stage.capic.org\/fr\/","name":"CAPIC-National","description":"L'ASSOCIATION CANADIENNE DES CR\u00c9ATEURS PROFESSIONNELS DE L'IMAGE","publisher":{"@id":"https:\/\/stage.capic.org\/fr\/#organization"},"potentialAction":[{"@type":"SearchAction","target":{"@type":"EntryPoint","urlTemplate":"https:\/\/stage.capic.org\/fr\/?s={search_term_string}"},"query-input":"required name=search_term_string"}],"inLanguage":"fr-FR"},{"@type":"WebPage","@id":"https:\/\/stage.capic.org\/fr\/covid-19-lignes-directrices\/#webpage","url":"https:\/\/stage.capic.org\/fr\/covid-19-lignes-directrices\/","name":"Covid-19 : Lignes directrices en mati\u00e8re de sant\u00e9 et de s\u00e9curit\u00e9 pour les photographes commerciaux - CAPIC-National","isPartOf":{"@id":"https:\/\/stage.capic.org\/fr\/#website"},"datePublished":"2020-05-29T17:49:13+00:00","dateModified":"2020-07-07T15:59:15+00:00","breadcrumb":{"@id":"https:\/\/stage.capic.org\/fr\/covid-19-lignes-directrices\/#breadcrumb"},"inLanguage":"fr-FR","potentialAction":[{"@type":"ReadAction","target":["https:\/\/stage.capic.org\/fr\/covid-19-lignes-directrices\/"]}]},{"@type":"BreadcrumbList","@id":"https:\/\/stage.capic.org\/fr\/covid-19-lignes-directrices\/#breadcrumb","itemListElement":[{"@type":"ListItem","position":1,"name":"Home","item":"https:\/\/stage.capic.org\/fr\/"},{"@type":"ListItem","position":2,"name":"Covid-19 : Lignes directrices en mati\u00e8re de sant\u00e9 et de s\u00e9curit\u00e9 pour les photographes commerciaux"}]}]}},"_links":{"self":[{"href":"https:\/\/stage.capic.org\/fr\/wp-json\/wp\/v2\/pages\/15404\/"}],"collection":[{"href":"https:\/\/stage.capic.org\/fr\/wp-json\/wp\/v2\/pages\/"}],"about":[{"href":"https:\/\/stage.capic.org\/fr\/wp-json\/wp\/v2\/types\/page\/"}],"author":[{"embeddable":true,"href":"https:\/\/stage.capic.org\/fr\/wp-json\/wp\/v2\/users\/1245\/"}],"replies":[{"embeddable":true,"href":"https:\/\/stage.capic.org\/fr\/wp-json\/wp\/v2\/comments\/?post=15404"}],"version-history":[{"count":24,"href":"https:\/\/stage.capic.org\/fr\/wp-json\/wp\/v2\/pages\/15404\/revisions\/"}],"predecessor-version":[{"id":15822,"href":"https:\/\/stage.capic.org\/fr\/wp-json\/wp\/v2\/pages\/15404\/revisions\/15822\/"}],"wp:attachment":[{"href":"https:\/\/stage.capic.org\/fr\/wp-json\/wp\/v2\/media\/?parent=15404"}],"curies":[{"name":"wp","href":"https:\/\/api.w.org\/{rel}","templated":true}]}}