{"id":17672,"date":"2023-03-02T14:30:00","date_gmt":"2023-03-02T19:30:00","guid":{"rendered":"https:\/\/capic.org\/?page_id=17672"},"modified":"2023-03-02T14:30:32","modified_gmt":"2023-03-02T19:30:32","slug":"rodeo-15","status":"publish","type":"page","link":"https:\/\/stage.capic.org\/fr\/rodeo-15\/","title":{"rendered":"Rodeo 15"},"content":{"rendered":"<h3 style=\"text-align: center;\"><img loading=\"lazy\" class=\"aligncenter wp-image-17637 size-full\" src=\"https:\/\/stage.capic.org\/wp-content\/uploads\/2023\/03\/Artboard-1-80.jpg\" alt=\"\" width=\"865\" height=\"289\" srcset=\"https:\/\/stage.capic.org\/wp-content\/uploads\/2023\/03\/Artboard-1-80.jpg 865w, https:\/\/stage.capic.org\/wp-content\/uploads\/2023\/03\/Artboard-1-80-300x100.jpg 300w, https:\/\/stage.capic.org\/wp-content\/uploads\/2023\/03\/Artboard-1-80-768x257.jpg 768w\" sizes=\"(max-width: 865px) 100vw, 865px\" \/><\/h3>\n<h1>&nbsp;<\/h1>\n<h1 class=\"p1\" style=\"text-align: center;\"><span style=\"color: #005bbb;\">Appel \u00e0 candidatures !<\/span><\/h1>\n<h3 style=\"text-align: center;\"><strong><span style=\"color: #ed6947;\">Date limite : vendredi 28 avril 2023<\/span><\/strong><\/h3>\n<h2 style=\"text-align: center;\">&nbsp;<\/h2>\n<h3 style=\"text-align: center;\"><img loading=\"lazy\" class=\"aligncenter wp-image-17660\" src=\"https:\/\/stage.capic.org\/wp-content\/uploads\/2023\/03\/rodeo_Poster11x11-12.4.10.2-FR-300x300.jpg\" alt=\"\" width=\"865\" height=\"865\" srcset=\"https:\/\/stage.capic.org\/wp-content\/uploads\/2023\/03\/rodeo_Poster11x11-12.4.10.2-FR-300x300.jpg 300w, https:\/\/stage.capic.org\/wp-content\/uploads\/2023\/03\/rodeo_Poster11x11-12.4.10.2-FR-1024x1024.jpg 1024w, https:\/\/stage.capic.org\/wp-content\/uploads\/2023\/03\/rodeo_Poster11x11-12.4.10.2-FR-150x150.jpg 150w, https:\/\/stage.capic.org\/wp-content\/uploads\/2023\/03\/rodeo_Poster11x11-12.4.10.2-FR-768x768.jpg 768w, https:\/\/stage.capic.org\/wp-content\/uploads\/2023\/03\/rodeo_Poster11x11-12.4.10.2-FR-1536x1536.jpg 1536w, https:\/\/stage.capic.org\/wp-content\/uploads\/2023\/03\/rodeo_Poster11x11-12.4.10.2-FR.jpg 2000w\" sizes=\"(max-width: 865px) 100vw, 865px\" \/><\/h3>\n<p>Appel \u00e0 tous les \u00e9tudiants en art visuel ! La CAPIC est heureuse d\u2019annoncer la 15e \u00e9dition du concours RODEO pour les \u00e9tudiants.<\/p>\n<p>Les \u00e9tudiants peuvent soumettre leurs images dans deux cat\u00e9gories : <strong>photographie<\/strong> et <strong>illustration<\/strong>. Les trois \u00e9tudiants s\u00e9lectionn\u00e9s de chaque cat\u00e9gorie gagneront un prix $$$ et profiteront d&#8217;une visibilit\u00e9 nationale !<\/p>\n<p>1er prix &#8211; <strong>300 $<\/strong><br \/>\n2e prix &#8211; <strong>200 $<\/strong><br \/>\n3e prix &#8211; <strong>150 $<\/strong><\/p>\n<p>Aussi, les dix 1ers \u00e9tudiants de chaque cat\u00e9gorie auront la chance d&#8217;exposer leurs oeuvres sur notre site internet, ainsi qu&#8217;\u00e0 l&#8217;exposition annuelle de CAPIC qui se tiendra \u00e0 Toronto au mois de juin.<\/p>\n<h4><span style=\"color: #005bbb;\">R\u00e8glements du concours CAPIC Rod\u00e9o 15<\/span><\/h4>\n<p>Ce concours s\u2019adresse aux \u00e9tudiants post secondaire en art visuel.<\/p>\n<p>Chaque participant peut soumettre un maximum de 20 images.<\/p>\n<p>Tous les \u00e9tudiants qui s&#8217;inscriront recevront gratuitement une adh\u00e9sion \u00e0 CAPIC \u00e0 titre de membre \u00e9tudiant.<\/p>\n<p>Co\u00fbts par image soumise : 20 $ + taxes<\/p>\n<p>Les \u0153uvres soumises au concours seront jug\u00e9es <span class=\"s1\">par des illustrateurs commerciales et des photographes commerciales travaillent au Canada.<\/span><\/p>\n<p><strong>Trouvez les r\u00e8glements complets du concours ici : <a href=\"https:\/\/stage.capic.org\/fr\/capic-rodeo-15\/r15_reglements-du-concours\/\" target=\"_blank\" rel=\"attachment noopener wp-att-17663\">R15_Re\u0300glement du concours<\/a><\/strong><\/p>\n<p>&nbsp;<\/p>\n<h2 style=\"text-align: center;\"><span style=\"color: #ed6947;\"><strong>Soumettez vos images ci-dessous !<\/strong><\/span><\/h2>\n<h3>&nbsp;<\/h3>\n<p style=\"text-align: center;\">&nbsp;<\/p>\n<h2><span style=\"color: #005bbb;\">Formulaire&nbsp;de participation<\/span>&nbsp;<\/h2>\n<p>D\u00e9sol\u00e9. Ce formulaire n\u2019est plus disponible.<\/p>\n","protected":false},"excerpt":{"rendered":"<p>&nbsp; Appel \u00e0 candidatures ! Date limite : vendredi 28 avril 2023 &nbsp; Appel \u00e0 tous les \u00e9tudiants en art visuel ! La CAPIC est heureuse d\u2019annoncer la 15e \u00e9dition [&hellip;]<\/p>\n","protected":false},"author":2094,"featured_media":0,"parent":0,"menu_order":0,"comment_status":"closed","ping_status":"closed","template":"","meta":{"ngg_post_thumbnail":0},"yoast_head":"<!-- This site is optimized with the Yoast SEO plugin v17.9 - https:\/\/yoast.com\/wordpress\/plugins\/seo\/ -->\n<title>Rodeo 15 - CAPIC-National<\/title>\n<meta name=\"robots\" content=\"index, follow, max-snippet:-1, max-image-preview:large, max-video-preview:-1\" \/>\n<link rel=\"canonical\" href=\"https:\/\/stage.capic.org\/fr\/rodeo-15\/\" \/>\n<meta property=\"og:locale\" content=\"fr_FR\" \/>\n<meta property=\"og:type\" content=\"article\" \/>\n<meta property=\"og:title\" content=\"Rodeo 15 - CAPIC-National\" \/>\n<meta property=\"og:description\" content=\"&nbsp; Appel \u00e0 candidatures ! Date limite : vendredi 28 avril 2023 &nbsp; Appel \u00e0 tous les \u00e9tudiants en art visuel ! La CAPIC est heureuse d\u2019annoncer la 15e \u00e9dition [&hellip;]\" \/>\n<meta property=\"og:url\" content=\"https:\/\/stage.capic.org\/fr\/rodeo-15\/\" \/>\n<meta property=\"og:site_name\" content=\"CAPIC-National\" \/>\n<meta property=\"article:publisher\" content=\"https:\/\/www.facebook.com\/CAPICnational\" \/>\n<meta property=\"article:modified_time\" content=\"2023-03-02T19:30:32+00:00\" \/>\n<meta property=\"og:image\" content=\"https:\/\/stage.capic.org\/wp-content\/uploads\/2023\/03\/Artboard-1-80.jpg\" \/>\n<meta name=\"twitter:label1\" content=\"Dur\u00e9e de lecture estim\u00e9e\" \/>\n\t<meta name=\"twitter:data1\" content=\"2 minutes\" \/>\n<script type=\"application\/ld+json\" class=\"yoast-schema-graph\">{\"@context\":\"https:\/\/schema.org\",\"@graph\":[{\"@type\":\"Organization\",\"@id\":\"https:\/\/stage.capic.org\/fr\/#organization\",\"name\":\"The Canadian Association of Professional Image Creators (CAPIC)\",\"url\":\"https:\/\/stage.capic.org\/fr\/\",\"sameAs\":[\"https:\/\/www.facebook.com\/CAPICnational\",\"https:\/\/www.instagram.com\/capicnational\/\",\"https:\/\/twitter.com\/capicnational\"],\"logo\":{\"@type\":\"ImageObject\",\"@id\":\"https:\/\/stage.capic.org\/fr\/#logo\",\"inLanguage\":\"fr-FR\",\"url\":\"https:\/\/capic.org\/wp-content\/uploads\/2020\/07\/CAPIC_logo.png\",\"contentUrl\":\"https:\/\/capic.org\/wp-content\/uploads\/2020\/07\/CAPIC_logo.png\",\"width\":1569,\"height\":396,\"caption\":\"The Canadian Association of Professional Image Creators (CAPIC)\"},\"image\":{\"@id\":\"https:\/\/stage.capic.org\/fr\/#logo\"}},{\"@type\":\"WebSite\",\"@id\":\"https:\/\/stage.capic.org\/fr\/#website\",\"url\":\"https:\/\/stage.capic.org\/fr\/\",\"name\":\"CAPIC-National\",\"description\":\"L'ASSOCIATION CANADIENNE DES CR\\u00c9ATEURS PROFESSIONNELS DE L'IMAGE\",\"publisher\":{\"@id\":\"https:\/\/stage.capic.org\/fr\/#organization\"},\"potentialAction\":[{\"@type\":\"SearchAction\",\"target\":{\"@type\":\"EntryPoint\",\"urlTemplate\":\"https:\/\/stage.capic.org\/fr\/?s={search_term_string}\"},\"query-input\":\"required name=search_term_string\"}],\"inLanguage\":\"fr-FR\"},{\"@type\":\"ImageObject\",\"@id\":\"https:\/\/stage.capic.org\/fr\/rodeo-15\/#primaryimage\",\"inLanguage\":\"fr-FR\",\"url\":\"https:\/\/stage.capic.org\/wp-content\/uploads\/2023\/03\/Artboard-1-80.jpg\",\"contentUrl\":\"https:\/\/stage.capic.org\/wp-content\/uploads\/2023\/03\/Artboard-1-80.jpg\",\"width\":865,\"height\":289},{\"@type\":\"WebPage\",\"@id\":\"https:\/\/stage.capic.org\/fr\/rodeo-15\/#webpage\",\"url\":\"https:\/\/stage.capic.org\/fr\/rodeo-15\/\",\"name\":\"Rodeo 15 - CAPIC-National\",\"isPartOf\":{\"@id\":\"https:\/\/stage.capic.org\/fr\/#website\"},\"primaryImageOfPage\":{\"@id\":\"https:\/\/stage.capic.org\/fr\/rodeo-15\/#primaryimage\"},\"datePublished\":\"2023-03-02T19:30:00+00:00\",\"dateModified\":\"2023-03-02T19:30:32+00:00\",\"breadcrumb\":{\"@id\":\"https:\/\/stage.capic.org\/fr\/rodeo-15\/#breadcrumb\"},\"inLanguage\":\"fr-FR\",\"potentialAction\":[{\"@type\":\"ReadAction\",\"target\":[\"https:\/\/stage.capic.org\/fr\/rodeo-15\/\"]}]},{\"@type\":\"BreadcrumbList\",\"@id\":\"https:\/\/stage.capic.org\/fr\/rodeo-15\/#breadcrumb\",\"itemListElement\":[{\"@type\":\"ListItem\",\"position\":1,\"name\":\"Home\",\"item\":\"https:\/\/stage.capic.org\/fr\/\"},{\"@type\":\"ListItem\",\"position\":2,\"name\":\"Rodeo 15\"}]}]}<\/script>\n<!-- \/ Yoast SEO plugin. -->","yoast_head_json":{"title":"Rodeo 15 - CAPIC-National","robots":{"index":"index","follow":"follow","max-snippet":"max-snippet:-1","max-image-preview":"max-image-preview:large","max-video-preview":"max-video-preview:-1"},"canonical":"https:\/\/stage.capic.org\/fr\/rodeo-15\/","og_locale":"fr_FR","og_type":"article","og_title":"Rodeo 15 - CAPIC-National","og_description":"&nbsp; Appel \u00e0 candidatures ! Date limite : vendredi 28 avril 2023 &nbsp; Appel \u00e0 tous les \u00e9tudiants en art visuel ! La CAPIC est heureuse d\u2019annoncer la 15e \u00e9dition [&hellip;]","og_url":"https:\/\/stage.capic.org\/fr\/rodeo-15\/","og_site_name":"CAPIC-National","article_publisher":"https:\/\/www.facebook.com\/CAPICnational","article_modified_time":"2023-03-02T19:30:32+00:00","og_image":[{"url":"https:\/\/stage.capic.org\/wp-content\/uploads\/2023\/03\/Artboard-1-80.jpg"}],"twitter_misc":{"Dur\u00e9e de lecture estim\u00e9e":"2 minutes"},"schema":{"@context":"https:\/\/schema.org","@graph":[{"@type":"Organization","@id":"https:\/\/stage.capic.org\/fr\/#organization","name":"The Canadian Association of Professional Image Creators (CAPIC)","url":"https:\/\/stage.capic.org\/fr\/","sameAs":["https:\/\/www.facebook.com\/CAPICnational","https:\/\/www.instagram.com\/capicnational\/","https:\/\/twitter.com\/capicnational"],"logo":{"@type":"ImageObject","@id":"https:\/\/stage.capic.org\/fr\/#logo","inLanguage":"fr-FR","url":"https:\/\/capic.org\/wp-content\/uploads\/2020\/07\/CAPIC_logo.png","contentUrl":"https:\/\/capic.org\/wp-content\/uploads\/2020\/07\/CAPIC_logo.png","width":1569,"height":396,"caption":"The Canadian Association of Professional Image Creators (CAPIC)"},"image":{"@id":"https:\/\/stage.capic.org\/fr\/#logo"}},{"@type":"WebSite","@id":"https:\/\/stage.capic.org\/fr\/#website","url":"https:\/\/stage.capic.org\/fr\/","name":"CAPIC-National","description":"L'ASSOCIATION CANADIENNE DES CR\u00c9ATEURS PROFESSIONNELS DE L'IMAGE","publisher":{"@id":"https:\/\/stage.capic.org\/fr\/#organization"},"potentialAction":[{"@type":"SearchAction","target":{"@type":"EntryPoint","urlTemplate":"https:\/\/stage.capic.org\/fr\/?s={search_term_string}"},"query-input":"required name=search_term_string"}],"inLanguage":"fr-FR"},{"@type":"ImageObject","@id":"https:\/\/stage.capic.org\/fr\/rodeo-15\/#primaryimage","inLanguage":"fr-FR","url":"https:\/\/stage.capic.org\/wp-content\/uploads\/2023\/03\/Artboard-1-80.jpg","contentUrl":"https:\/\/stage.capic.org\/wp-content\/uploads\/2023\/03\/Artboard-1-80.jpg","width":865,"height":289},{"@type":"WebPage","@id":"https:\/\/stage.capic.org\/fr\/rodeo-15\/#webpage","url":"https:\/\/stage.capic.org\/fr\/rodeo-15\/","name":"Rodeo 15 - CAPIC-National","isPartOf":{"@id":"https:\/\/stage.capic.org\/fr\/#website"},"primaryImageOfPage":{"@id":"https:\/\/stage.capic.org\/fr\/rodeo-15\/#primaryimage"},"datePublished":"2023-03-02T19:30:00+00:00","dateModified":"2023-03-02T19:30:32+00:00","breadcrumb":{"@id":"https:\/\/stage.capic.org\/fr\/rodeo-15\/#breadcrumb"},"inLanguage":"fr-FR","potentialAction":[{"@type":"ReadAction","target":["https:\/\/stage.capic.org\/fr\/rodeo-15\/"]}]},{"@type":"BreadcrumbList","@id":"https:\/\/stage.capic.org\/fr\/rodeo-15\/#breadcrumb","itemListElement":[{"@type":"ListItem","position":1,"name":"Home","item":"https:\/\/stage.capic.org\/fr\/"},{"@type":"ListItem","position":2,"name":"Rodeo 15"}]}]}},"_links":{"self":[{"href":"https:\/\/stage.capic.org\/fr\/wp-json\/wp\/v2\/pages\/17672\/"}],"collection":[{"href":"https:\/\/stage.capic.org\/fr\/wp-json\/wp\/v2\/pages\/"}],"about":[{"href":"https:\/\/stage.capic.org\/fr\/wp-json\/wp\/v2\/types\/page\/"}],"author":[{"embeddable":true,"href":"https:\/\/stage.capic.org\/fr\/wp-json\/wp\/v2\/users\/2094\/"}],"replies":[{"embeddable":true,"href":"https:\/\/stage.capic.org\/fr\/wp-json\/wp\/v2\/comments\/?post=17672"}],"version-history":[{"count":1,"href":"https:\/\/stage.capic.org\/fr\/wp-json\/wp\/v2\/pages\/17672\/revisions\/"}],"predecessor-version":[{"id":17673,"href":"https:\/\/stage.capic.org\/fr\/wp-json\/wp\/v2\/pages\/17672\/revisions\/17673\/"}],"wp:attachment":[{"href":"https:\/\/stage.capic.org\/fr\/wp-json\/wp\/v2\/media\/?parent=17672"}],"curies":[{"name":"wp","href":"https:\/\/api.w.org\/{rel}","templated":true}]}}