{"id":683,"date":"2014-03-13T01:28:07","date_gmt":"2014-03-13T01:28:07","guid":{"rendered":"http:\/\/capic.org\/?page_id=683"},"modified":"2023-01-30T18:13:37","modified_gmt":"2023-01-30T23:13:37","slug":"nous-contacter","status":"publish","type":"page","link":"https:\/\/stage.capic.org\/fr\/nous-contacter\/","title":{"rendered":"Nous contacter"},"content":{"rendered":"<h4>SI\u00c8GE SOCIAL<\/h4>\n<p>PO Box 99146 RPO GALLERIA<br \/>\nToronto, ON M6H 4H7<\/p>\n<p>T\u00e9l\u00e9phone: 416-462-3677 ou&nbsp;1-888-252-2742<\/p>\n<p><strong>Contact<br \/>\n<\/strong>Directrice des op\u00e9rations | 416-462-3677 | <a href=\"mailto:info@stage.capic.org\">info@stage.capic.org<br \/>\n<\/a><\/p>\n<h4>CONSEIL NATIONAL<\/h4>\n<p>Hai Au Bui | Pr\u00e9sident national | <a href=\"mailto:natlpresident@stage.capic.org\">natlpresident@stage.capic.org<\/a><br \/>\nAndrew Latreille | Directeur national | <a href=\"mailto:natltreasurer@stage.capic.org\"><br \/>\n<\/a><span style=\"line-height: 1.5em;\">Bryon Johnson| Directeur national | <a href=\"mailto:nationalpastpresident@stage.capic.org\">nationalpastpresident@stage.capic.org<\/a><\/span><span style=\"line-height: 1.5em;\"><br \/>\nSteve Pinter| Directeur national&nbsp; |&nbsp;<a href=\"mailto:vancouvernationalrep@stage.capic.org\">vancouvernationalrep@stage.capic.org<\/a><br \/>\nPeter Roberts | Directeur national | <a href=\"mailto:torontopresident@stage.capic.org\">torontopresident@stage.capic.org<\/a><br \/>\nGenevi\u00e8ve Charbonneau | Directeur national&nbsp; |&nbsp;<a href=\"mailto:info@genevievecharbonneau.com\">info@genevievecharbonneau.com&nbsp;<\/a><\/span><\/p>\n<h4>MONTR\u00c9AL<\/h4>\n<p>Genevieve Charbonneau | Pr\u00e9sidente |&nbsp;<a href=\"mailto:info@genevievecharbonneau.com\">info@genevievecharbonneau.com&nbsp;<\/a><br \/>\nSonya Messier | Vice-Pr\u00e9sidente | <a href=\"mailto:sonya@mayacom.ca\">sonya@mayacom.ca<\/a><br \/>\nVal\u00e9rie Provost | VP Membership | <a href=\"mailto:photo@valerieprovost.com\">photo@valerieprovost.com<\/a><br \/>\nVanessa Pierre-Louis | Directrice relations partenaires | <a href=\"mailto:vanessap.louis@gmail.com\">vanessap.louis@gmail.com<\/a><br \/>\nLaurie Cardinal | Directrice m\u00e9dias sociaux | <a href=\"mailto:info@lauriecardinal.com\">info@lauriecardinal.com<\/a><br \/>\nRussell Chau | Directeur Marketing | <a href=\"russell@maisontoki.com\">russell@maisontoki.com<\/a><br \/>\nCaroline Fabbro | Directrice \u00e9v\u00e9nements | <a href=\"mailto:fabbrocaroline@gmail.com\">fabbrocaroline@gmail.com<\/a><br \/>\nPhilippe Nguyen | Directeur des ressources | <a href=\"philippe@maisontoki.com\">philippe@maisontoki.com<\/a><br \/>\nMontreal Chapter | <a href=\"mailto:capicchapitremontreal@gmail.com\">capicchapitremontreal@gmail.com<\/a><\/p>\n<h4>TORONTO<\/h4>\n<p>Peter Roberts | Pr\u00e9sident | <a href=\"mailto:torontopresident@stage.capic.org\">torontopresident@stage.capic.org<\/a><br \/>\nBarbara Spurll&nbsp;| Pr\u00e9sidente sortant &nbsp;|&nbsp;<a href=\"mailto:toronto.capic@gmail.com\">toronto.capic@gmail.com<\/a><br \/>\nBryon Johnson | Tr\u00e9sorier | <a href=\"mailto:torontotreasurer@stage.capic.org\">torontotreasurer@stage.capic.org<\/a><br \/>\nElaine Kilburn | Administrateur | <a href=\"mailto:torontoadministrator@stage.capic.org\">torontoadministrator@stage.capic.org<br \/>\n<\/a>Michael Cooper | VP Programmation | <a href=\"mailto:michael@coopershoots.com\">michael@coopershoots.com<\/a><br \/>\nFelicia Byron | VP Adh\u00e9sion | <a href=\"mailto:toronto.capic@gmail.com\" target=\"_blank\" rel=\"noopener\">toronto.capic@gmail.com<\/a><br \/>\nNik Milner | Membre du conseil | <a href=\"mailto:toronto.capic@gmail.com\" target=\"_blank\" rel=\"noopener\">toronto.capic@gmail.com<\/a><\/p>\n<h4>VANCOUVER<\/h4>\n<p>Kevin Lanthier | Pr\u00e9sident sortant | 604-833-7738 |&nbsp;<a href=\"mailto:vancouverpresindet@stage.capic.org\">vancouverpresident@capic.or<br \/>\n<\/a>Laara Cerman | VP Communications | 604-780-2443 |&nbsp;<a href=\"mailto:laara@cakeimagery.com\">laara@cakeimagery.com<br \/>\n<\/a>Tanya Goehring | VP Programmation | 778-836-0186 |&nbsp;<a href=\"mailto:tanya@postphotography.com\">tanya@postphotography.com<br \/>\n<\/a>Steve Pinter |Repr\u00e9sentant des chapitres&nbsp; |&nbsp;<a href=\"mailto:vancouvernationalrep@stage.capic.org\">vancouvernationalrep@stage.capic.org<br \/>\n<\/a>Dale Roth | Member | 604-628-7599 |&nbsp;<a href=\"mailto:mail@rothandramberg.com\">mail@rothandramberg.com<br \/>\n<\/a>David Rossander | Secr\u00e9taire\/Tr\u00e9sorerie | 604-232-9783 |&nbsp;<a href=\"mailto:capicvancouver@stage.capic.org\">capicvancouver@stage.capic.org<\/a><\/p>\n","protected":false},"excerpt":{"rendered":"<p>SI\u00c8GE SOCIAL PO Box 99146 RPO GALLERIA Toronto, ON M6H 4H7 T\u00e9l\u00e9phone: 416-462-3677 ou&nbsp;1-888-252-2742 Contact Directrice des op\u00e9rations | 416-462-3677 | info@stage.capic.org CONSEIL NATIONAL Hai Au Bui | Pr\u00e9sident national [&hellip;]<\/p>\n","protected":false},"author":1,"featured_media":0,"parent":0,"menu_order":0,"comment_status":"open","ping_status":"open","template":"","meta":{"ngg_post_thumbnail":0},"yoast_head":"<!-- This site is optimized with the Yoast SEO plugin v17.9 - https:\/\/yoast.com\/wordpress\/plugins\/seo\/ -->\n<title>Nous contacter - CAPIC-National<\/title>\n<meta name=\"robots\" content=\"index, follow, max-snippet:-1, max-image-preview:large, max-video-preview:-1\" \/>\n<link rel=\"canonical\" href=\"https:\/\/stage.capic.org\/fr\/nous-contacter\/\" \/>\n<meta property=\"og:locale\" content=\"fr_FR\" \/>\n<meta property=\"og:type\" content=\"article\" \/>\n<meta property=\"og:title\" content=\"Nous contacter - CAPIC-National\" \/>\n<meta property=\"og:description\" content=\"SI\u00c8GE SOCIAL PO Box 99146 RPO GALLERIA Toronto, ON M6H 4H7 T\u00e9l\u00e9phone: 416-462-3677 ou&nbsp;1-888-252-2742 Contact Directrice des op\u00e9rations | 416-462-3677 | info@stage.capic.org CONSEIL NATIONAL Hai Au Bui | Pr\u00e9sident national [&hellip;]\" \/>\n<meta property=\"og:url\" content=\"https:\/\/stage.capic.org\/fr\/nous-contacter\/\" \/>\n<meta property=\"og:site_name\" content=\"CAPIC-National\" \/>\n<meta property=\"article:publisher\" content=\"https:\/\/www.facebook.com\/CAPICnational\" \/>\n<meta property=\"article:modified_time\" content=\"2023-01-30T23:13:37+00:00\" \/>\n<meta property=\"og:image\" content=\"https:\/\/stage.capic.org\/wp-content\/uploads\/2020\/07\/CAPIC_logo.png\" \/>\n\t<meta property=\"og:image:width\" content=\"1569\" \/>\n\t<meta property=\"og:image:height\" content=\"396\" \/>\n\t<meta property=\"og:image:type\" content=\"image\/png\" \/>\n<meta name=\"twitter:label1\" content=\"Dur\u00e9e de lecture estim\u00e9e\" \/>\n\t<meta name=\"twitter:data1\" content=\"1 minute\" \/>\n<script type=\"application\/ld+json\" class=\"yoast-schema-graph\">{\"@context\":\"https:\/\/schema.org\",\"@graph\":[{\"@type\":\"Organization\",\"@id\":\"https:\/\/stage.capic.org\/fr\/#organization\",\"name\":\"The Canadian Association of Professional Image Creators (CAPIC)\",\"url\":\"https:\/\/stage.capic.org\/fr\/\",\"sameAs\":[\"https:\/\/www.facebook.com\/CAPICnational\",\"https:\/\/www.instagram.com\/capicnational\/\",\"https:\/\/twitter.com\/capicnational\"],\"logo\":{\"@type\":\"ImageObject\",\"@id\":\"https:\/\/stage.capic.org\/fr\/#logo\",\"inLanguage\":\"fr-FR\",\"url\":\"https:\/\/capic.org\/wp-content\/uploads\/2020\/07\/CAPIC_logo.png\",\"contentUrl\":\"https:\/\/capic.org\/wp-content\/uploads\/2020\/07\/CAPIC_logo.png\",\"width\":1569,\"height\":396,\"caption\":\"The Canadian Association of Professional Image Creators (CAPIC)\"},\"image\":{\"@id\":\"https:\/\/stage.capic.org\/fr\/#logo\"}},{\"@type\":\"WebSite\",\"@id\":\"https:\/\/stage.capic.org\/fr\/#website\",\"url\":\"https:\/\/stage.capic.org\/fr\/\",\"name\":\"CAPIC-National\",\"description\":\"L'ASSOCIATION CANADIENNE DES CR\\u00c9ATEURS PROFESSIONNELS DE L'IMAGE\",\"publisher\":{\"@id\":\"https:\/\/stage.capic.org\/fr\/#organization\"},\"potentialAction\":[{\"@type\":\"SearchAction\",\"target\":{\"@type\":\"EntryPoint\",\"urlTemplate\":\"https:\/\/stage.capic.org\/fr\/?s={search_term_string}\"},\"query-input\":\"required name=search_term_string\"}],\"inLanguage\":\"fr-FR\"},{\"@type\":\"WebPage\",\"@id\":\"https:\/\/stage.capic.org\/fr\/nous-contacter\/#webpage\",\"url\":\"https:\/\/stage.capic.org\/fr\/nous-contacter\/\",\"name\":\"Nous contacter - CAPIC-National\",\"isPartOf\":{\"@id\":\"https:\/\/stage.capic.org\/fr\/#website\"},\"datePublished\":\"2014-03-13T01:28:07+00:00\",\"dateModified\":\"2023-01-30T23:13:37+00:00\",\"breadcrumb\":{\"@id\":\"https:\/\/stage.capic.org\/fr\/nous-contacter\/#breadcrumb\"},\"inLanguage\":\"fr-FR\",\"potentialAction\":[{\"@type\":\"ReadAction\",\"target\":[\"https:\/\/stage.capic.org\/fr\/nous-contacter\/\"]}]},{\"@type\":\"BreadcrumbList\",\"@id\":\"https:\/\/stage.capic.org\/fr\/nous-contacter\/#breadcrumb\",\"itemListElement\":[{\"@type\":\"ListItem\",\"position\":1,\"name\":\"Home\",\"item\":\"https:\/\/stage.capic.org\/fr\/\"},{\"@type\":\"ListItem\",\"position\":2,\"name\":\"Nous contacter\"}]}]}<\/script>\n<!-- \/ Yoast SEO plugin. -->","yoast_head_json":{"title":"Nous contacter - CAPIC-National","robots":{"index":"index","follow":"follow","max-snippet":"max-snippet:-1","max-image-preview":"max-image-preview:large","max-video-preview":"max-video-preview:-1"},"canonical":"https:\/\/stage.capic.org\/fr\/nous-contacter\/","og_locale":"fr_FR","og_type":"article","og_title":"Nous contacter - CAPIC-National","og_description":"SI\u00c8GE SOCIAL PO Box 99146 RPO GALLERIA Toronto, ON M6H 4H7 T\u00e9l\u00e9phone: 416-462-3677 ou&nbsp;1-888-252-2742 Contact Directrice des op\u00e9rations | 416-462-3677 | info@stage.capic.org CONSEIL NATIONAL Hai Au Bui | Pr\u00e9sident national [&hellip;]","og_url":"https:\/\/stage.capic.org\/fr\/nous-contacter\/","og_site_name":"CAPIC-National","article_publisher":"https:\/\/www.facebook.com\/CAPICnational","article_modified_time":"2023-01-30T23:13:37+00:00","og_image":[{"width":1569,"height":396,"url":"https:\/\/stage.capic.org\/wp-content\/uploads\/2020\/07\/CAPIC_logo.png","type":"image\/png"}],"twitter_misc":{"Dur\u00e9e de lecture estim\u00e9e":"1 minute"},"schema":{"@context":"https:\/\/schema.org","@graph":[{"@type":"Organization","@id":"https:\/\/stage.capic.org\/fr\/#organization","name":"The Canadian Association of Professional Image Creators (CAPIC)","url":"https:\/\/stage.capic.org\/fr\/","sameAs":["https:\/\/www.facebook.com\/CAPICnational","https:\/\/www.instagram.com\/capicnational\/","https:\/\/twitter.com\/capicnational"],"logo":{"@type":"ImageObject","@id":"https:\/\/stage.capic.org\/fr\/#logo","inLanguage":"fr-FR","url":"https:\/\/capic.org\/wp-content\/uploads\/2020\/07\/CAPIC_logo.png","contentUrl":"https:\/\/capic.org\/wp-content\/uploads\/2020\/07\/CAPIC_logo.png","width":1569,"height":396,"caption":"The Canadian Association of Professional Image Creators (CAPIC)"},"image":{"@id":"https:\/\/stage.capic.org\/fr\/#logo"}},{"@type":"WebSite","@id":"https:\/\/stage.capic.org\/fr\/#website","url":"https:\/\/stage.capic.org\/fr\/","name":"CAPIC-National","description":"L'ASSOCIATION CANADIENNE DES CR\u00c9ATEURS PROFESSIONNELS DE L'IMAGE","publisher":{"@id":"https:\/\/stage.capic.org\/fr\/#organization"},"potentialAction":[{"@type":"SearchAction","target":{"@type":"EntryPoint","urlTemplate":"https:\/\/stage.capic.org\/fr\/?s={search_term_string}"},"query-input":"required name=search_term_string"}],"inLanguage":"fr-FR"},{"@type":"WebPage","@id":"https:\/\/stage.capic.org\/fr\/nous-contacter\/#webpage","url":"https:\/\/stage.capic.org\/fr\/nous-contacter\/","name":"Nous contacter - CAPIC-National","isPartOf":{"@id":"https:\/\/stage.capic.org\/fr\/#website"},"datePublished":"2014-03-13T01:28:07+00:00","dateModified":"2023-01-30T23:13:37+00:00","breadcrumb":{"@id":"https:\/\/stage.capic.org\/fr\/nous-contacter\/#breadcrumb"},"inLanguage":"fr-FR","potentialAction":[{"@type":"ReadAction","target":["https:\/\/stage.capic.org\/fr\/nous-contacter\/"]}]},{"@type":"BreadcrumbList","@id":"https:\/\/stage.capic.org\/fr\/nous-contacter\/#breadcrumb","itemListElement":[{"@type":"ListItem","position":1,"name":"Home","item":"https:\/\/stage.capic.org\/fr\/"},{"@type":"ListItem","position":2,"name":"Nous contacter"}]}]}},"_links":{"self":[{"href":"https:\/\/stage.capic.org\/fr\/wp-json\/wp\/v2\/pages\/683\/"}],"collection":[{"href":"https:\/\/stage.capic.org\/fr\/wp-json\/wp\/v2\/pages\/"}],"about":[{"href":"https:\/\/stage.capic.org\/fr\/wp-json\/wp\/v2\/types\/page\/"}],"author":[{"embeddable":true,"href":"https:\/\/stage.capic.org\/fr\/wp-json\/wp\/v2\/users\/1\/"}],"replies":[{"embeddable":true,"href":"https:\/\/stage.capic.org\/fr\/wp-json\/wp\/v2\/comments\/?post=683"}],"version-history":[{"count":21,"href":"https:\/\/stage.capic.org\/fr\/wp-json\/wp\/v2\/pages\/683\/revisions\/"}],"predecessor-version":[{"id":17567,"href":"https:\/\/stage.capic.org\/fr\/wp-json\/wp\/v2\/pages\/683\/revisions\/17567\/"}],"wp:attachment":[{"href":"https:\/\/stage.capic.org\/fr\/wp-json\/wp\/v2\/media\/?parent=683"}],"curies":[{"name":"wp","href":"https:\/\/api.w.org\/{rel}","templated":true}]}}