{"id":708,"date":"2014-03-13T17:48:56","date_gmt":"2014-03-13T17:48:56","guid":{"rendered":"http:\/\/capic.org\/?page_id=708"},"modified":"2020-07-30T11:58:56","modified_gmt":"2020-07-30T15:58:56","slug":"categories-de-membres","status":"publish","type":"page","link":"https:\/\/stage.capic.org\/fr\/categories-de-membres\/","title":{"rendered":"Cat\u00e9gories de membres"},"content":{"rendered":"<p><span style=\"line-height: 1.5em;\">La CAPIC se compose de plusieurs cat\u00e9gories de membres et chacune d&#8217;entre elles pr\u00e9sente des crit\u00e8res particuliers. Les membres agr\u00e9\u00e9s et associ\u00e9s peuvent profiter du mode de paiement mensuel en s&#8217;adressant au bureau national. La TPS et la TVH, s&#8217;il y a lieu, sont en sus. Si vous avez des questions concernant la cat\u00e9gorie qui convient \u00e0 votre situation, vous pouvez communiquer avec nous en cliquant <a href=\"mailto:membership@stage.capic.org\">membership@stage.capic.org<\/a>.<\/span><\/p>\n<p>Code d\u2019\u00e9thique des membres de la CAPIC, <a href=\"http:\/\/stage.capic.org\/wp-content\/uploads\/2014\/02\/CAPIC-CODE-OF-ETHICS1.pdf\">cliquez ici<\/a>.<\/p>\n<div class=\"anchor\" id=\"c1\"><\/div>\n<h4>&nbsp;<\/h4>\n<h4>Agr\u00e9\u00e9<\/h4>\n<p>Photographe, illustrateur o\u00f9 artiste num\u00e9rique professionnel de bonne r\u00e9putation qui travail principalement avec des clients commerciaux. Toute demande d&#8217;adh\u00e9sion doit \u00eatre parrain\u00e9e par deux membres ou par le Comit\u00e9 de recrutement. Un examen du portfolio et de la documentation d&#8217;affaires du candidat est n\u00e9cessaire. Le membre agr\u00e9\u00e9 a droit \u00e0 l&#8217;ensemble des avantages des membres de la CAPIC, peut voter et peut exercer une fonction dans l&#8217;organisation. Les membres agr\u00e9e re\u00e7oivent un profil complet sur le site Web de la CAPIC avec une galerie de 20 images maximum et ont un acc\u00e8s complet aux ressources en ligne r\u00e9serv\u00e9s aux membres.<\/p>\n<p><span style=\"text-decoration: underline;\">Cotisation<\/span><\/p>\n<p>249,00 $ ou 20,75 $ mensualit\u00e9<\/p>\n<p><em>plus la TPS ou la TVH applicable dans votre province ou territoire<\/em><\/p>\n<p><strong><a title=\"Formulaire d\u2019adh\u00e9sion\" href=\"http:\/\/stage.capic.org\/fr\/formulaire-dadhesion\/\">Formulaire d\u2019adh\u00e9sion&nbsp;<\/a><\/strong><\/p>\n<div class=\"anchor\" id=\"c5\"><\/div>\n<h4>&nbsp;<\/h4>\n<h4>Associ\u00e9<\/h4>\n<p>Personne de bonne r\u00e9putation ayant une exp\u00e9rience professionnelle reli\u00e9e \u00e0 la photographie ou \u00e0 l\u2019illustration, par exemple comme directeur artistique, designer, g\u00e9rant d\u2019artistes, repr\u00e9sentant, styliste ou professeur. Les lettres de parrainage ou le parrainage du Comit\u00e9 de recrutement, l\u2019examen du curriculum vitae et de la documentation d\u2019affaires (s\u2019il y a lieu), font partie des crit\u00e8res. Le membre collaborateur a droit \u00e0 l\u2019ensemble des avantages des membres de la CAPIC. Il peut voter et exercer une fonction dans l\u2019organisation.<\/p>\n<p><span style=\"text-decoration: underline;\">Cotisation<\/span><\/p>\n<p>189,00 $ ou 15,75 $ mensualit\u00e9<\/p>\n<p><em>plus la TPS ou la TVH applicable dans votre province ou territoire<\/em><\/p>\n<p><strong><a title=\"Formulaire d\u2019adh\u00e9sion\" href=\"http:\/\/stage.capic.org\/fr\/formulaire-dadhesion\/\">Formulaire d\u2019adh\u00e9sion&nbsp;<\/a><\/strong><\/p>\n<div class=\"anchor\" id=\"c3\"><\/div>\n<h4>&nbsp;<\/h4>\n<h4>\u00c9tudiant<\/h4>\n<p>Un tremplin id\u00e9al vers le monde professionnel. Une fa\u00e7on de c\u00f4toyer ses pairs et d\u2019acqu\u00e9rir des notions qu\u2019on ne vous a pas enseign\u00e9es \u00e0 l\u2019\u00e9cole. Ils re\u00e7oivent un profil limit\u00e9 sur le site Web de la CAPIC avec une seule image et ont un acc\u00e8s complet aux ressources en ligne r\u00e9serv\u00e9s aux membres. Les candidats \u00e0 cette adh\u00e9sion doivent soumettre une image de leur identification d&#8217;\u00e9tudiant. Le membre \u00e9tudiant ne peut ni voter, ni exercer de fonction dans l\u2019organisation.<\/p>\n<p><span style=\"text-decoration: underline;\">Cotisation annuelle<\/span><\/p>\n<p>39,00 $&nbsp;<\/p>\n<p><em>plus la TPS ou la TVH applicable dans votre province ou territoire<\/em><\/p>\n<p><a title=\"Adh\u00e9sion membre \u00e9tudiant\" href=\"https:\/\/stage.capic.org\/application-form\/?membercat=Student\"><strong>Formulaire d\u2019adh\u00e9sion&nbsp;<\/strong><\/a><\/p>\n<div class=\"anchor\" id=\"c8\"><\/div>\n<h4>&nbsp;<\/h4>\n<h4>Professeur<\/h4>\n<p id=\"tw-target-text\" class=\"tw-data-text tw-text-large tw-ta\" dir=\"ltr\" data-placeholder=\"Translation\"><span lang=\"fr\" tabindex=\"0\">L&#8217;adh\u00e9sion au niveau de professeur est admissible \u00e0 tous les professeurs et instructeurs \u00e0 temps plein qui enseignent la photographie, l&#8217;illustration ou autres domaines d&#8217;\u00e9tude reli\u00e9s dans un \u00e9tablissement postsecondaire au Canada reconnu par la CAPIC. Les candidats sont tenus de fournir une preuve de leur poste, y compris des documents justificatifs attestant qu&#8217;ils respectent les heures requises \u00e0 temps plein (24 heures par semaine au minimum).<\/span><\/p>\n<p class=\"tw-data-text tw-text-large tw-ta\" dir=\"ltr\" data-placeholder=\"Translation\"><span lang=\"fr\" tabindex=\"0\">Les membres de cette cat\u00e9gorie ne peuvent ni voter, ni exercer de fonction dans l&#8217;organisation. Ils re\u00e7oivent un profil limit\u00e9 sur le site Web de la CAPIC avec une seule image et ont un acc\u00e8s complet aux ressources en ligne r\u00e9serv\u00e9s aux membres. Les membres professeur ne sont pas \u00e9ligibles pour recevoir la majorit\u00e9 des r\u00e9ductions.<\/span>\u2028 Il y a aucune cotisation pour cette adh\u00e9sion.<\/p>\n<p dir=\"ltr\" data-placeholder=\"Translation\">Veuillez contacter le bureau national de la CAPIC \u00e0 <a href=\"mailto:membership@stage.capic.org\">membership@stage.capic.org<\/a> ou au 416-462-3677 si vous \u00eates int\u00e9ress\u00e9 par ce niveau d&#8217;adh\u00e9sion.<\/p>\n<div class=\"anchor\" id=\"c7\"><\/div>\n<h4>&nbsp;<\/h4>\n<h4><span style=\"line-height: 1.5em;\">\u2028<\/span>Honorifique<\/h4>\n<p>Titre accord\u00e9 par la CAPIC en hommage \u00e0 une carri\u00e8re exceptionnelle. Les membres honorifiques sont \u00e9ligibles pour les rabais pour membre CAPIC. Membre honorifique est d\u00e9cern\u00e9 par la r\u00e9alisation du comit\u00e9 CAPIC et non sur demande. Il y a aucune cotisation pour cette adh\u00e9sion.<\/p>\n<div class=\"anchor\" id=\"c9\"><\/div>\n<h4>&nbsp;<\/h4>\n<h4>Retrait\u00e9<\/h4>\n<p>L&#8217;adh\u00e9sion retrait\u00e9 est pour les membres de la CAPIC qui ne travaillent plus de mani\u00e8re professionnelle, mais souhaitent rester actifs dans la communaut\u00e9. Le candidat doit \u00eatre membre de la CAPIC depuis au moins 5 ans. Les membres retrait\u00e9s <span lang=\"fr\" tabindex=\"0\">ne peuvent ni voter, ni exercer de fonction dans l&#8217;organisation<\/span>. Les membres retrait\u00e9s b\u00e9n\u00e9ficient d&#8217;un nombre limit\u00e9 d&#8217;avantages offer aux membres.<\/p>\n<p><span style=\"text-decoration: underline;\">Cotisation annuelle<\/span><\/p>\n<p>49,00 $<\/p>\n<p><em>plus la TPS ou la TVH applicable dans votre province ou territoire<\/em><\/p>\n<p><strong><a title=\"Formulaire d\u2019adh\u00e9sion\" href=\"http:\/\/stage.capic.org\/fr\/formulaire-dadhesion\/\">Formulaire d\u2019adh\u00e9sion&nbsp;<\/a><\/strong><\/p>\n<div class=\"anchor\" id=\"c10\"><\/div>\n<h4>&nbsp;<\/h4>\n<h4>\u00c9tranger<\/h4>\n<p>Cette adh\u00e9sion c&#8217;est pour tous les photographes et illustrateurs qui sont membre d&#8217;une association professionnelle \u00e0 l&#8217;\u00e9tranger qui jouit d&#8217;une entente de r\u00e9ciprocit\u00e9 avec la CAPIC.&nbsp; Les membres \u00e9tranger figurent sur nos listes d&#8217;envoi et il b\u00e9n\u00e9ficient d&#8217;autres avantages limit\u00e9s. Ils ne peuvent ni voter, ni exercer de fonction dans l&#8217;organisation.<\/p>\n<p><span style=\"text-decoration: underline;\">Cotisation annuelle<\/span><\/p>\n<p>79,00 $ CAD<\/p>\n<p><strong><a title=\"Formulaire d\u2019adh\u00e9sion\" href=\"http:\/\/stage.capic.org\/fr\/formulaire-dadhesion\/\">Formulaire d\u2019adh\u00e9sion&nbsp;<\/a><\/strong><\/p>\n","protected":false},"excerpt":{"rendered":"<p>La CAPIC se compose de plusieurs cat\u00e9gories de membres et chacune d&#8217;entre elles pr\u00e9sente des crit\u00e8res particuliers. Les membres agr\u00e9\u00e9s et associ\u00e9s peuvent profiter du mode de paiement mensuel en [&hellip;]<\/p>\n","protected":false},"author":1,"featured_media":0,"parent":0,"menu_order":0,"comment_status":"closed","ping_status":"closed","template":"","meta":{"ngg_post_thumbnail":0},"yoast_head":"<!-- This site is optimized with the Yoast SEO plugin v17.9 - https:\/\/yoast.com\/wordpress\/plugins\/seo\/ -->\n<title>Cat\u00e9gories de membres - CAPIC-National<\/title>\n<meta name=\"robots\" content=\"index, follow, max-snippet:-1, max-image-preview:large, max-video-preview:-1\" \/>\n<link rel=\"canonical\" href=\"https:\/\/stage.capic.org\/fr\/categories-de-membres\/\" \/>\n<meta property=\"og:locale\" content=\"fr_FR\" \/>\n<meta property=\"og:type\" content=\"article\" \/>\n<meta property=\"og:title\" content=\"Cat\u00e9gories de membres - CAPIC-National\" \/>\n<meta property=\"og:description\" content=\"La CAPIC se compose de plusieurs cat\u00e9gories de membres et chacune d&#8217;entre elles pr\u00e9sente des crit\u00e8res particuliers. Les membres agr\u00e9\u00e9s et associ\u00e9s peuvent profiter du mode de paiement mensuel en [&hellip;]\" \/>\n<meta property=\"og:url\" content=\"https:\/\/stage.capic.org\/fr\/categories-de-membres\/\" \/>\n<meta property=\"og:site_name\" content=\"CAPIC-National\" \/>\n<meta property=\"article:publisher\" content=\"https:\/\/www.facebook.com\/CAPICnational\" \/>\n<meta property=\"article:modified_time\" content=\"2020-07-30T15:58:56+00:00\" \/>\n<meta property=\"og:image\" content=\"https:\/\/stage.capic.org\/wp-content\/uploads\/2020\/07\/CAPIC_logo.png\" \/>\n\t<meta property=\"og:image:width\" content=\"1569\" \/>\n\t<meta property=\"og:image:height\" content=\"396\" \/>\n\t<meta property=\"og:image:type\" content=\"image\/png\" \/>\n<meta name=\"twitter:label1\" content=\"Dur\u00e9e de lecture estim\u00e9e\" \/>\n\t<meta name=\"twitter:data1\" content=\"4 minutes\" \/>\n<script type=\"application\/ld+json\" class=\"yoast-schema-graph\">{\"@context\":\"https:\/\/schema.org\",\"@graph\":[{\"@type\":\"Organization\",\"@id\":\"https:\/\/stage.capic.org\/fr\/#organization\",\"name\":\"The Canadian Association of Professional Image Creators (CAPIC)\",\"url\":\"https:\/\/stage.capic.org\/fr\/\",\"sameAs\":[\"https:\/\/www.facebook.com\/CAPICnational\",\"https:\/\/www.instagram.com\/capicnational\/\",\"https:\/\/twitter.com\/capicnational\"],\"logo\":{\"@type\":\"ImageObject\",\"@id\":\"https:\/\/stage.capic.org\/fr\/#logo\",\"inLanguage\":\"fr-FR\",\"url\":\"https:\/\/capic.org\/wp-content\/uploads\/2020\/07\/CAPIC_logo.png\",\"contentUrl\":\"https:\/\/capic.org\/wp-content\/uploads\/2020\/07\/CAPIC_logo.png\",\"width\":1569,\"height\":396,\"caption\":\"The Canadian Association of Professional Image Creators (CAPIC)\"},\"image\":{\"@id\":\"https:\/\/stage.capic.org\/fr\/#logo\"}},{\"@type\":\"WebSite\",\"@id\":\"https:\/\/stage.capic.org\/fr\/#website\",\"url\":\"https:\/\/stage.capic.org\/fr\/\",\"name\":\"CAPIC-National\",\"description\":\"L'ASSOCIATION CANADIENNE DES CR\\u00c9ATEURS PROFESSIONNELS DE L'IMAGE\",\"publisher\":{\"@id\":\"https:\/\/stage.capic.org\/fr\/#organization\"},\"potentialAction\":[{\"@type\":\"SearchAction\",\"target\":{\"@type\":\"EntryPoint\",\"urlTemplate\":\"https:\/\/stage.capic.org\/fr\/?s={search_term_string}\"},\"query-input\":\"required name=search_term_string\"}],\"inLanguage\":\"fr-FR\"},{\"@type\":\"WebPage\",\"@id\":\"https:\/\/stage.capic.org\/fr\/categories-de-membres\/#webpage\",\"url\":\"https:\/\/stage.capic.org\/fr\/categories-de-membres\/\",\"name\":\"Cat\\u00e9gories de membres - CAPIC-National\",\"isPartOf\":{\"@id\":\"https:\/\/stage.capic.org\/fr\/#website\"},\"datePublished\":\"2014-03-13T17:48:56+00:00\",\"dateModified\":\"2020-07-30T15:58:56+00:00\",\"breadcrumb\":{\"@id\":\"https:\/\/stage.capic.org\/fr\/categories-de-membres\/#breadcrumb\"},\"inLanguage\":\"fr-FR\",\"potentialAction\":[{\"@type\":\"ReadAction\",\"target\":[\"https:\/\/stage.capic.org\/fr\/categories-de-membres\/\"]}]},{\"@type\":\"BreadcrumbList\",\"@id\":\"https:\/\/stage.capic.org\/fr\/categories-de-membres\/#breadcrumb\",\"itemListElement\":[{\"@type\":\"ListItem\",\"position\":1,\"name\":\"Home\",\"item\":\"https:\/\/stage.capic.org\/fr\/\"},{\"@type\":\"ListItem\",\"position\":2,\"name\":\"Cat\\u00e9gories de membres\"}]}]}<\/script>\n<!-- \/ Yoast SEO plugin. -->","yoast_head_json":{"title":"Cat\u00e9gories de membres - CAPIC-National","robots":{"index":"index","follow":"follow","max-snippet":"max-snippet:-1","max-image-preview":"max-image-preview:large","max-video-preview":"max-video-preview:-1"},"canonical":"https:\/\/stage.capic.org\/fr\/categories-de-membres\/","og_locale":"fr_FR","og_type":"article","og_title":"Cat\u00e9gories de membres - CAPIC-National","og_description":"La CAPIC se compose de plusieurs cat\u00e9gories de membres et chacune d&#8217;entre elles pr\u00e9sente des crit\u00e8res particuliers. Les membres agr\u00e9\u00e9s et associ\u00e9s peuvent profiter du mode de paiement mensuel en [&hellip;]","og_url":"https:\/\/stage.capic.org\/fr\/categories-de-membres\/","og_site_name":"CAPIC-National","article_publisher":"https:\/\/www.facebook.com\/CAPICnational","article_modified_time":"2020-07-30T15:58:56+00:00","og_image":[{"width":1569,"height":396,"url":"https:\/\/stage.capic.org\/wp-content\/uploads\/2020\/07\/CAPIC_logo.png","type":"image\/png"}],"twitter_misc":{"Dur\u00e9e de lecture estim\u00e9e":"4 minutes"},"schema":{"@context":"https:\/\/schema.org","@graph":[{"@type":"Organization","@id":"https:\/\/stage.capic.org\/fr\/#organization","name":"The Canadian Association of Professional Image Creators (CAPIC)","url":"https:\/\/stage.capic.org\/fr\/","sameAs":["https:\/\/www.facebook.com\/CAPICnational","https:\/\/www.instagram.com\/capicnational\/","https:\/\/twitter.com\/capicnational"],"logo":{"@type":"ImageObject","@id":"https:\/\/stage.capic.org\/fr\/#logo","inLanguage":"fr-FR","url":"https:\/\/capic.org\/wp-content\/uploads\/2020\/07\/CAPIC_logo.png","contentUrl":"https:\/\/capic.org\/wp-content\/uploads\/2020\/07\/CAPIC_logo.png","width":1569,"height":396,"caption":"The Canadian Association of Professional Image Creators (CAPIC)"},"image":{"@id":"https:\/\/stage.capic.org\/fr\/#logo"}},{"@type":"WebSite","@id":"https:\/\/stage.capic.org\/fr\/#website","url":"https:\/\/stage.capic.org\/fr\/","name":"CAPIC-National","description":"L'ASSOCIATION CANADIENNE DES CR\u00c9ATEURS PROFESSIONNELS DE L'IMAGE","publisher":{"@id":"https:\/\/stage.capic.org\/fr\/#organization"},"potentialAction":[{"@type":"SearchAction","target":{"@type":"EntryPoint","urlTemplate":"https:\/\/stage.capic.org\/fr\/?s={search_term_string}"},"query-input":"required name=search_term_string"}],"inLanguage":"fr-FR"},{"@type":"WebPage","@id":"https:\/\/stage.capic.org\/fr\/categories-de-membres\/#webpage","url":"https:\/\/stage.capic.org\/fr\/categories-de-membres\/","name":"Cat\u00e9gories de membres - CAPIC-National","isPartOf":{"@id":"https:\/\/stage.capic.org\/fr\/#website"},"datePublished":"2014-03-13T17:48:56+00:00","dateModified":"2020-07-30T15:58:56+00:00","breadcrumb":{"@id":"https:\/\/stage.capic.org\/fr\/categories-de-membres\/#breadcrumb"},"inLanguage":"fr-FR","potentialAction":[{"@type":"ReadAction","target":["https:\/\/stage.capic.org\/fr\/categories-de-membres\/"]}]},{"@type":"BreadcrumbList","@id":"https:\/\/stage.capic.org\/fr\/categories-de-membres\/#breadcrumb","itemListElement":[{"@type":"ListItem","position":1,"name":"Home","item":"https:\/\/stage.capic.org\/fr\/"},{"@type":"ListItem","position":2,"name":"Cat\u00e9gories de membres"}]}]}},"_links":{"self":[{"href":"https:\/\/stage.capic.org\/fr\/wp-json\/wp\/v2\/pages\/708\/"}],"collection":[{"href":"https:\/\/stage.capic.org\/fr\/wp-json\/wp\/v2\/pages\/"}],"about":[{"href":"https:\/\/stage.capic.org\/fr\/wp-json\/wp\/v2\/types\/page\/"}],"author":[{"embeddable":true,"href":"https:\/\/stage.capic.org\/fr\/wp-json\/wp\/v2\/users\/1\/"}],"replies":[{"embeddable":true,"href":"https:\/\/stage.capic.org\/fr\/wp-json\/wp\/v2\/comments\/?post=708"}],"version-history":[{"count":9,"href":"https:\/\/stage.capic.org\/fr\/wp-json\/wp\/v2\/pages\/708\/revisions\/"}],"predecessor-version":[{"id":15870,"href":"https:\/\/stage.capic.org\/fr\/wp-json\/wp\/v2\/pages\/708\/revisions\/15870\/"}],"wp:attachment":[{"href":"https:\/\/stage.capic.org\/fr\/wp-json\/wp\/v2\/media\/?parent=708"}],"curies":[{"name":"wp","href":"https:\/\/api.w.org\/{rel}","templated":true}]}}