{"id":769,"date":"2014-03-18T23:47:31","date_gmt":"2014-03-18T23:47:31","guid":{"rendered":"http:\/\/capic.org\/?page_id=769"},"modified":"2020-01-29T10:05:35","modified_gmt":"2020-01-29T15:05:35","slug":"adhesion","status":"publish","type":"page","link":"https:\/\/stage.capic.org\/fr\/adhesion\/","title":{"rendered":"Adh\u00e9sion"},"content":{"rendered":"<p><a title=\"Formulaire d\u2019adh\u00e9sion\" href=\"http:\/\/stage.capic.org\/fr\/formulaire-dadhesion\/\"><strong>Formulaire d&#8217;adh\u00e9sion<\/strong><\/a><\/p>\n<p>CAPIC est la premi\u00e8re association canadienne pour ceux et celles qui font des communications visuelles. CAPIC repr\u00e9sente les int\u00e9r\u00eats des membres avec beaucoup d&#8217;\u00e9nergie et d&#8217;efficacit\u00e9 sur un grand choix de sujets, allant du copyright aux proc\u00e9dures dans les affaires. Les membres de CAPIC fournissent des images exceptionnelles pour toute forme de reproduction visuelle.<\/p>\n<p>AVEC LA PROGRAMMATION D&#8217;ACTIVIT\u00c9S, DE S\u00c9MINAIRES, DE REVUES DE PORTFOLIO OU DE SOIR\u00c9ES SOCIALES, VOUS FEREZ PARTIE D&#8217;UN R\u00c9SEAU DE COLL\u00c8GUES APTE AUX \u00c9CHANGES PROFITABLES POUR LE MILIEU DES ARTS VISUELS.<\/p>\n<h3><a href=\"https:\/\/stage.capic.org\/fr\/avantages-accordes-aux-membres\/\" target=\"_blank\" rel=\"noopener noreferrer\">Les avantages d\u2019adh\u00e9rer \u00e0 la CAPIC<\/a><\/h3>\n<h4>Les sites Internet<\/h4>\n<p>R\u00e9v\u00e9lez votre talent dans notre nouveau site national dot\u00e9 de galeries faciles \u00e0 consulter. Dans notre site, vous avez&nbsp;acc\u00e8s \u00e0 des ressources et \u00e0 de l\u2019information sur les pratiques commerciales. De plus, pour les membres du Qu\u00e9bec, un deuxi\u00e8me site web leur est enti\u00e8rement r\u00e9serv\u00e9 <a href=\"http:\/\/capicmontreal.ca\/\" target=\"_blank\" rel=\"noopener noreferrer\">www.capicmontreal.ca<\/a><\/p>\n<h4>L\u2019infolettre<\/h4>\n<p>Recevez l\u2019infolettre hebdomadaire et soyez inform\u00e9 de toutes les nouvelles, en plus d\u2019acc\u00e9der \u00e0 des liens vers des rabais et des conseils techniques.<\/p>\n<h4>La communaut\u00e9<\/h4>\n<p>Profitez du plus grand avantage de la CAPIC : la \u00ab force du groupe \u00bb. Cet avantage permet \u00e0 la CAPIC de vous repr\u00e9senter sur divers plans. Faites respecter vos droits d\u2019auteur aupr\u00e8s des gouvernements f\u00e9d\u00e9ral et provinciaux, des agences de publicit\u00e9 et des soci\u00e9t\u00e9s d\u2019\u00e9dition de partout au pays.<\/p>\n<h4>Les renseignements commerciaux et l\u2019aide juridique<\/h4>\n<p>Adressez-vous \u00e0 notre si\u00e8ge social si vous n\u00e9cessitez des renseignements sur les contrats ou sur le droit d\u2019auteur. Vous pouvez nous joindre sans frais au 1 888 252-2742 (416 462-3677 \u00e0 Toronto). La CAPIC entretient des liens avec des avocats sp\u00e9cialis\u00e9s en droit d\u2019auteur et en droit des obligations contractuelles. Nous pouvons vous en recommander un si cela est n\u00e9cessaire.<\/p>\n<h4>Les rabais<\/h4>\n<p>Obtenez des rabais aupr\u00e8s de fournisseurs r\u00e9gionaux et nationaux de services et de location d\u2019\u00e9quipement comme Avis, Hertz et d\u2019autres laboratoires de photographie traditionnelle ou num\u00e9rique, des commerces, ainsi que d\u2019un h\u00f4tel-boutique \u00e0 Toronto. Les chapitres locaux offrent aussi d\u2019autres rabais.<\/p>\n<h4>Les activit\u00e9s sociales et \u00e9ducatives<\/h4>\n<p>Participez aux activit\u00e9s sociales et \u00e9ducatives qui sont organis\u00e9es r\u00e9guli\u00e8rement par les chapitres locaux. Les membres, qui font partie de notre r\u00e9seau, peuvent rapidement optimiser leurs comp\u00e9tences et leurs connaissances.<\/p>\n<h4>Assurances<\/h4>\n<p>A.Les membres de la CAPIC -membres r\u00e9guliers, de soutien, associ\u00e9s et talents \u00e9mergents-, b\u00e9n\u00e9ficient automatiquement d&#8217;une couverture de 10&nbsp;000 $ CAN en cas de mort accidentelle ou de mutilation.<\/p>\n<p>B.Equipement et studio. Police con\u00e7ues pour les professionnels de notre industrie. (Disponible membres r\u00e9guliers, de soutien, associ\u00e9s et talents \u00e9mergents. Non disponible en Colombie-Britannique<br \/>\nQu\u00e9bec a un partenaire local avec forfaits \u00e0 valeur ajout\u00e9e.<\/p>\n<p>C. Groupe facultatif Assurance vie, maladie et de l&#8217;invalidit\u00e9 &#8211; forfaits pour les membres et les employ\u00e9s, agr\u00e9\u00e9, associ\u00e9 de soutien et membres talent \u00e9mergents.<\/p>\n<p>&nbsp;<\/p>\n<h3>Faire une demande d&#8217;adh\u00e9sion \u00e0 la CAPIC est facile:<\/h3>\n<h4>Pour les membres agr\u00e9\u00e9s, assistants, associ\u00e9s, talents \u00e9mergents, \u00e9tudiants ou collaborateurs<\/h4>\n<p>D\u00e9terminez quelle cat\u00e9gorie correspond le mieux \u00e0 votre niveau dans la <a title=\"Cat\u00e9gories de membres\" href=\"http:\/\/stage.capic.org\/fr\/categories-de-membres\/\">liste des cat\u00e9gories<\/a> et compl\u00e9tez le formulaire correspondant en ligne. Une fois le formulaire envoy\u00e9 vous recevrez une facture par courriel avec toute les informations concernat les options de paiement. Votre compte sera activ\u00e9 apr\u00e8s l&#8217;entente de paiement.<br \/>\n<a title=\"Formulaire d\u2019adh\u00e9sion\" href=\"http:\/\/stage.capic.org\/fr\/formulaire-dadhesion\/\"><strong>Formulaire d&#8217;adh\u00e9sion<\/strong><\/a><\/p>\n<h4>&nbsp;<\/h4>\n<h4><strong>Pour les membres Coll\u00e8ges et Universit\u00e9s ou les membres \u00e9trangers<\/strong><\/h4>\n<p>Contactez le bureau National de la CAPIC par courriel&nbsp;<strong><a href=\"mailto:membership@stage.capic.org?subject=Foreign%20membership\">membership@stage.capic.org<br \/>\n<\/a><\/strong>ou composez le<strong>&nbsp;<strong>1-416-462-3677&nbsp;<\/strong><\/strong><\/p>\n<p>&nbsp;<\/p>\n<p>POUR PLUS D&#8217;INFORMATIONS<br \/>\nContactez votre <a title=\"Nous contacter\" href=\"http:\/\/stage.capic.org\/fr\/nous-contacter\/\">responsable de chapitre local<br \/>\n<\/a>ou&nbsp;le bureau national :<a href=\"mailto:membership@stage.capic.org\">&nbsp;<strong>membership@stage.capic.org<\/strong><\/a><a href=\"mailto: info@stage.capic.org\"><br \/>\n<\/a>Ligne sans frais :&nbsp;<strong>1-888-252-2742<br \/>\n<\/strong>De Toronto :&nbsp;<strong><strong>416-462-3677<\/strong><\/strong><strong><br \/>\n<\/strong><\/p>\n<p>&nbsp;<\/p>\n<p>&nbsp;<\/p>\n","protected":false},"excerpt":{"rendered":"<p>Formulaire d&#8217;adh\u00e9sion CAPIC est la premi\u00e8re association canadienne pour ceux et celles qui font des communications visuelles. CAPIC repr\u00e9sente les int\u00e9r\u00eats des membres avec beaucoup d&#8217;\u00e9nergie et d&#8217;efficacit\u00e9 sur un [&hellip;]<\/p>\n","protected":false},"author":1,"featured_media":0,"parent":0,"menu_order":0,"comment_status":"closed","ping_status":"closed","template":"","meta":{"ngg_post_thumbnail":0},"yoast_head":"<!-- This site is optimized with the Yoast SEO plugin v17.9 - https:\/\/yoast.com\/wordpress\/plugins\/seo\/ -->\n<title>Adh\u00e9sion - CAPIC-National<\/title>\n<meta name=\"robots\" content=\"index, follow, max-snippet:-1, max-image-preview:large, max-video-preview:-1\" \/>\n<link rel=\"canonical\" href=\"https:\/\/stage.capic.org\/fr\/adhesion\/\" \/>\n<meta property=\"og:locale\" content=\"fr_FR\" \/>\n<meta property=\"og:type\" content=\"article\" \/>\n<meta property=\"og:title\" content=\"Adh\u00e9sion - CAPIC-National\" \/>\n<meta property=\"og:description\" content=\"Formulaire d&#8217;adh\u00e9sion CAPIC est la premi\u00e8re association canadienne pour ceux et celles qui font des communications visuelles. CAPIC repr\u00e9sente les int\u00e9r\u00eats des membres avec beaucoup d&#8217;\u00e9nergie et d&#8217;efficacit\u00e9 sur un [&hellip;]\" \/>\n<meta property=\"og:url\" content=\"https:\/\/stage.capic.org\/fr\/adhesion\/\" \/>\n<meta property=\"og:site_name\" content=\"CAPIC-National\" \/>\n<meta property=\"article:publisher\" content=\"https:\/\/www.facebook.com\/CAPICnational\" \/>\n<meta property=\"article:modified_time\" content=\"2020-01-29T15:05:35+00:00\" \/>\n<meta property=\"og:image\" content=\"https:\/\/stage.capic.org\/wp-content\/uploads\/2020\/07\/CAPIC_logo.png\" \/>\n\t<meta property=\"og:image:width\" content=\"1569\" \/>\n\t<meta property=\"og:image:height\" content=\"396\" \/>\n\t<meta property=\"og:image:type\" content=\"image\/png\" \/>\n<meta name=\"twitter:label1\" content=\"Dur\u00e9e de lecture estim\u00e9e\" \/>\n\t<meta name=\"twitter:data1\" content=\"3 minutes\" \/>\n<script type=\"application\/ld+json\" class=\"yoast-schema-graph\">{\"@context\":\"https:\/\/schema.org\",\"@graph\":[{\"@type\":\"Organization\",\"@id\":\"https:\/\/stage.capic.org\/fr\/#organization\",\"name\":\"The Canadian Association of Professional Image Creators (CAPIC)\",\"url\":\"https:\/\/stage.capic.org\/fr\/\",\"sameAs\":[\"https:\/\/www.facebook.com\/CAPICnational\",\"https:\/\/www.instagram.com\/capicnational\/\",\"https:\/\/twitter.com\/capicnational\"],\"logo\":{\"@type\":\"ImageObject\",\"@id\":\"https:\/\/stage.capic.org\/fr\/#logo\",\"inLanguage\":\"fr-FR\",\"url\":\"https:\/\/capic.org\/wp-content\/uploads\/2020\/07\/CAPIC_logo.png\",\"contentUrl\":\"https:\/\/capic.org\/wp-content\/uploads\/2020\/07\/CAPIC_logo.png\",\"width\":1569,\"height\":396,\"caption\":\"The Canadian Association of Professional Image Creators (CAPIC)\"},\"image\":{\"@id\":\"https:\/\/stage.capic.org\/fr\/#logo\"}},{\"@type\":\"WebSite\",\"@id\":\"https:\/\/stage.capic.org\/fr\/#website\",\"url\":\"https:\/\/stage.capic.org\/fr\/\",\"name\":\"CAPIC-National\",\"description\":\"L'ASSOCIATION CANADIENNE DES CR\\u00c9ATEURS PROFESSIONNELS DE L'IMAGE\",\"publisher\":{\"@id\":\"https:\/\/stage.capic.org\/fr\/#organization\"},\"potentialAction\":[{\"@type\":\"SearchAction\",\"target\":{\"@type\":\"EntryPoint\",\"urlTemplate\":\"https:\/\/stage.capic.org\/fr\/?s={search_term_string}\"},\"query-input\":\"required name=search_term_string\"}],\"inLanguage\":\"fr-FR\"},{\"@type\":\"WebPage\",\"@id\":\"https:\/\/stage.capic.org\/fr\/adhesion\/#webpage\",\"url\":\"https:\/\/stage.capic.org\/fr\/adhesion\/\",\"name\":\"Adh\\u00e9sion - CAPIC-National\",\"isPartOf\":{\"@id\":\"https:\/\/stage.capic.org\/fr\/#website\"},\"datePublished\":\"2014-03-18T23:47:31+00:00\",\"dateModified\":\"2020-01-29T15:05:35+00:00\",\"breadcrumb\":{\"@id\":\"https:\/\/stage.capic.org\/fr\/adhesion\/#breadcrumb\"},\"inLanguage\":\"fr-FR\",\"potentialAction\":[{\"@type\":\"ReadAction\",\"target\":[\"https:\/\/stage.capic.org\/fr\/adhesion\/\"]}]},{\"@type\":\"BreadcrumbList\",\"@id\":\"https:\/\/stage.capic.org\/fr\/adhesion\/#breadcrumb\",\"itemListElement\":[{\"@type\":\"ListItem\",\"position\":1,\"name\":\"Home\",\"item\":\"https:\/\/stage.capic.org\/fr\/\"},{\"@type\":\"ListItem\",\"position\":2,\"name\":\"Adh\\u00e9sion\"}]}]}<\/script>\n<!-- \/ Yoast SEO plugin. -->","yoast_head_json":{"title":"Adh\u00e9sion - CAPIC-National","robots":{"index":"index","follow":"follow","max-snippet":"max-snippet:-1","max-image-preview":"max-image-preview:large","max-video-preview":"max-video-preview:-1"},"canonical":"https:\/\/stage.capic.org\/fr\/adhesion\/","og_locale":"fr_FR","og_type":"article","og_title":"Adh\u00e9sion - CAPIC-National","og_description":"Formulaire d&#8217;adh\u00e9sion CAPIC est la premi\u00e8re association canadienne pour ceux et celles qui font des communications visuelles. CAPIC repr\u00e9sente les int\u00e9r\u00eats des membres avec beaucoup d&#8217;\u00e9nergie et d&#8217;efficacit\u00e9 sur un [&hellip;]","og_url":"https:\/\/stage.capic.org\/fr\/adhesion\/","og_site_name":"CAPIC-National","article_publisher":"https:\/\/www.facebook.com\/CAPICnational","article_modified_time":"2020-01-29T15:05:35+00:00","og_image":[{"width":1569,"height":396,"url":"https:\/\/stage.capic.org\/wp-content\/uploads\/2020\/07\/CAPIC_logo.png","type":"image\/png"}],"twitter_misc":{"Dur\u00e9e de lecture estim\u00e9e":"3 minutes"},"schema":{"@context":"https:\/\/schema.org","@graph":[{"@type":"Organization","@id":"https:\/\/stage.capic.org\/fr\/#organization","name":"The Canadian Association of Professional Image Creators (CAPIC)","url":"https:\/\/stage.capic.org\/fr\/","sameAs":["https:\/\/www.facebook.com\/CAPICnational","https:\/\/www.instagram.com\/capicnational\/","https:\/\/twitter.com\/capicnational"],"logo":{"@type":"ImageObject","@id":"https:\/\/stage.capic.org\/fr\/#logo","inLanguage":"fr-FR","url":"https:\/\/capic.org\/wp-content\/uploads\/2020\/07\/CAPIC_logo.png","contentUrl":"https:\/\/capic.org\/wp-content\/uploads\/2020\/07\/CAPIC_logo.png","width":1569,"height":396,"caption":"The Canadian Association of Professional Image Creators (CAPIC)"},"image":{"@id":"https:\/\/stage.capic.org\/fr\/#logo"}},{"@type":"WebSite","@id":"https:\/\/stage.capic.org\/fr\/#website","url":"https:\/\/stage.capic.org\/fr\/","name":"CAPIC-National","description":"L'ASSOCIATION CANADIENNE DES CR\u00c9ATEURS PROFESSIONNELS DE L'IMAGE","publisher":{"@id":"https:\/\/stage.capic.org\/fr\/#organization"},"potentialAction":[{"@type":"SearchAction","target":{"@type":"EntryPoint","urlTemplate":"https:\/\/stage.capic.org\/fr\/?s={search_term_string}"},"query-input":"required name=search_term_string"}],"inLanguage":"fr-FR"},{"@type":"WebPage","@id":"https:\/\/stage.capic.org\/fr\/adhesion\/#webpage","url":"https:\/\/stage.capic.org\/fr\/adhesion\/","name":"Adh\u00e9sion - CAPIC-National","isPartOf":{"@id":"https:\/\/stage.capic.org\/fr\/#website"},"datePublished":"2014-03-18T23:47:31+00:00","dateModified":"2020-01-29T15:05:35+00:00","breadcrumb":{"@id":"https:\/\/stage.capic.org\/fr\/adhesion\/#breadcrumb"},"inLanguage":"fr-FR","potentialAction":[{"@type":"ReadAction","target":["https:\/\/stage.capic.org\/fr\/adhesion\/"]}]},{"@type":"BreadcrumbList","@id":"https:\/\/stage.capic.org\/fr\/adhesion\/#breadcrumb","itemListElement":[{"@type":"ListItem","position":1,"name":"Home","item":"https:\/\/stage.capic.org\/fr\/"},{"@type":"ListItem","position":2,"name":"Adh\u00e9sion"}]}]}},"_links":{"self":[{"href":"https:\/\/stage.capic.org\/fr\/wp-json\/wp\/v2\/pages\/769\/"}],"collection":[{"href":"https:\/\/stage.capic.org\/fr\/wp-json\/wp\/v2\/pages\/"}],"about":[{"href":"https:\/\/stage.capic.org\/fr\/wp-json\/wp\/v2\/types\/page\/"}],"author":[{"embeddable":true,"href":"https:\/\/stage.capic.org\/fr\/wp-json\/wp\/v2\/users\/1\/"}],"replies":[{"embeddable":true,"href":"https:\/\/stage.capic.org\/fr\/wp-json\/wp\/v2\/comments\/?post=769"}],"version-history":[{"count":1,"href":"https:\/\/stage.capic.org\/fr\/wp-json\/wp\/v2\/pages\/769\/revisions\/"}],"predecessor-version":[{"id":14856,"href":"https:\/\/stage.capic.org\/fr\/wp-json\/wp\/v2\/pages\/769\/revisions\/14856\/"}],"wp:attachment":[{"href":"https:\/\/stage.capic.org\/fr\/wp-json\/wp\/v2\/media\/?parent=769"}],"curies":[{"name":"wp","href":"https:\/\/api.w.org\/{rel}","templated":true}]}}