{"id":8980,"date":"2015-09-04T18:22:17","date_gmt":"2015-09-04T18:22:17","guid":{"rendered":"http:\/\/capic.org\/fr\/?page_id=8980"},"modified":"2015-09-04T18:32:25","modified_gmt":"2015-09-04T18:32:25","slug":"objectifs-de-la-capic","status":"publish","type":"page","link":"https:\/\/stage.capic.org\/fr\/objectifs-de-la-capic\/","title":{"rendered":"Objectifs de la CAPIC"},"content":{"rendered":"<p>Les lettres Patente de l\u2019Association \u00e9tablissent les objectifs suivants:<\/p>\n<ul>\n<li>Travailler \u00e0 modifier la loi sur les droits d\u2019auteur<\/li>\n<li>Assister et prot\u00e9ger les droits des membres dans leur travail en fonction de l\u2019actuelle loi sur les droits d\u2019auteur, c\u2019est-\u00e0-dire par contrat<\/li>\n<li>Promouvoir le contenu artistique canadien<\/li>\n<\/ul>\n<p>Les membres CAPIC font partis d\u2019une industrie qui sont \u00e0 la \u00abfine pointe\u00bb des changements technologiques. Nous constatons depuis les ann\u00e9es \u00ab 80, le d\u00e9clin de l\u2019industrie typographique, l\u2019introduction, le d\u00e9veloppement et l\u2019implantation de la retouche et de l\u2019imagerie \u00e9lectronique, de l\u2019illustration bas\u00e9 sur ordinateur, la cr\u00e9ation du disque CD, etc. En 1992-1993, CAPIC participa au Comit\u00e9 consultatif en communication, orientant le gouvernement dans le projet de changement de la Loi sur le droits d\u2019auteur.<\/p>\n","protected":false},"excerpt":{"rendered":"<p>Les lettres Patente de l\u2019Association \u00e9tablissent les objectifs suivants: Travailler \u00e0 modifier la loi sur les droits d\u2019auteur Assister et prot\u00e9ger les droits des membres dans leur travail en fonction [&hellip;]<\/p>\n","protected":false},"author":1,"featured_media":0,"parent":0,"menu_order":0,"comment_status":"closed","ping_status":"closed","template":"","meta":{"ngg_post_thumbnail":0},"yoast_head":"<!-- This site is optimized with the Yoast SEO plugin v17.9 - https:\/\/yoast.com\/wordpress\/plugins\/seo\/ -->\n<title>Objectifs de la CAPIC - CAPIC-National<\/title>\n<meta name=\"robots\" content=\"index, follow, max-snippet:-1, max-image-preview:large, max-video-preview:-1\" \/>\n<link rel=\"canonical\" href=\"https:\/\/stage.capic.org\/fr\/objectifs-de-la-capic\/\" \/>\n<meta property=\"og:locale\" content=\"fr_FR\" \/>\n<meta property=\"og:type\" content=\"article\" \/>\n<meta property=\"og:title\" content=\"Objectifs de la CAPIC - CAPIC-National\" \/>\n<meta property=\"og:description\" content=\"Les lettres Patente de l\u2019Association \u00e9tablissent les objectifs suivants: Travailler \u00e0 modifier la loi sur les droits d\u2019auteur Assister et prot\u00e9ger les droits des membres dans leur travail en fonction [&hellip;]\" \/>\n<meta property=\"og:url\" content=\"https:\/\/stage.capic.org\/fr\/objectifs-de-la-capic\/\" \/>\n<meta property=\"og:site_name\" content=\"CAPIC-National\" \/>\n<meta property=\"article:publisher\" content=\"https:\/\/www.facebook.com\/CAPICnational\" \/>\n<meta property=\"article:modified_time\" content=\"2015-09-04T18:32:25+00:00\" \/>\n<meta property=\"og:image\" content=\"https:\/\/stage.capic.org\/wp-content\/uploads\/2020\/07\/CAPIC_logo.png\" \/>\n\t<meta property=\"og:image:width\" content=\"1569\" \/>\n\t<meta property=\"og:image:height\" content=\"396\" \/>\n\t<meta property=\"og:image:type\" content=\"image\/png\" \/>\n<meta name=\"twitter:label1\" content=\"Dur\u00e9e de lecture estim\u00e9e\" \/>\n\t<meta name=\"twitter:data1\" content=\"1 minute\" \/>\n<script type=\"application\/ld+json\" class=\"yoast-schema-graph\">{\"@context\":\"https:\/\/schema.org\",\"@graph\":[{\"@type\":\"Organization\",\"@id\":\"https:\/\/stage.capic.org\/fr\/#organization\",\"name\":\"The Canadian Association of Professional Image Creators (CAPIC)\",\"url\":\"https:\/\/stage.capic.org\/fr\/\",\"sameAs\":[\"https:\/\/www.facebook.com\/CAPICnational\",\"https:\/\/www.instagram.com\/capicnational\/\",\"https:\/\/twitter.com\/capicnational\"],\"logo\":{\"@type\":\"ImageObject\",\"@id\":\"https:\/\/stage.capic.org\/fr\/#logo\",\"inLanguage\":\"fr-FR\",\"url\":\"https:\/\/capic.org\/wp-content\/uploads\/2020\/07\/CAPIC_logo.png\",\"contentUrl\":\"https:\/\/capic.org\/wp-content\/uploads\/2020\/07\/CAPIC_logo.png\",\"width\":1569,\"height\":396,\"caption\":\"The Canadian Association of Professional Image Creators (CAPIC)\"},\"image\":{\"@id\":\"https:\/\/stage.capic.org\/fr\/#logo\"}},{\"@type\":\"WebSite\",\"@id\":\"https:\/\/stage.capic.org\/fr\/#website\",\"url\":\"https:\/\/stage.capic.org\/fr\/\",\"name\":\"CAPIC-National\",\"description\":\"L'ASSOCIATION CANADIENNE DES CR\\u00c9ATEURS PROFESSIONNELS DE L'IMAGE\",\"publisher\":{\"@id\":\"https:\/\/stage.capic.org\/fr\/#organization\"},\"potentialAction\":[{\"@type\":\"SearchAction\",\"target\":{\"@type\":\"EntryPoint\",\"urlTemplate\":\"https:\/\/stage.capic.org\/fr\/?s={search_term_string}\"},\"query-input\":\"required name=search_term_string\"}],\"inLanguage\":\"fr-FR\"},{\"@type\":\"WebPage\",\"@id\":\"https:\/\/stage.capic.org\/fr\/objectifs-de-la-capic\/#webpage\",\"url\":\"https:\/\/stage.capic.org\/fr\/objectifs-de-la-capic\/\",\"name\":\"Objectifs de la CAPIC - CAPIC-National\",\"isPartOf\":{\"@id\":\"https:\/\/stage.capic.org\/fr\/#website\"},\"datePublished\":\"2015-09-04T18:22:17+00:00\",\"dateModified\":\"2015-09-04T18:32:25+00:00\",\"breadcrumb\":{\"@id\":\"https:\/\/stage.capic.org\/fr\/objectifs-de-la-capic\/#breadcrumb\"},\"inLanguage\":\"fr-FR\",\"potentialAction\":[{\"@type\":\"ReadAction\",\"target\":[\"https:\/\/stage.capic.org\/fr\/objectifs-de-la-capic\/\"]}]},{\"@type\":\"BreadcrumbList\",\"@id\":\"https:\/\/stage.capic.org\/fr\/objectifs-de-la-capic\/#breadcrumb\",\"itemListElement\":[{\"@type\":\"ListItem\",\"position\":1,\"name\":\"Home\",\"item\":\"https:\/\/stage.capic.org\/fr\/\"},{\"@type\":\"ListItem\",\"position\":2,\"name\":\"Objectifs de la CAPIC\"}]}]}<\/script>\n<!-- \/ Yoast SEO plugin. -->","yoast_head_json":{"title":"Objectifs de la CAPIC - CAPIC-National","robots":{"index":"index","follow":"follow","max-snippet":"max-snippet:-1","max-image-preview":"max-image-preview:large","max-video-preview":"max-video-preview:-1"},"canonical":"https:\/\/stage.capic.org\/fr\/objectifs-de-la-capic\/","og_locale":"fr_FR","og_type":"article","og_title":"Objectifs de la CAPIC - CAPIC-National","og_description":"Les lettres Patente de l\u2019Association \u00e9tablissent les objectifs suivants: Travailler \u00e0 modifier la loi sur les droits d\u2019auteur Assister et prot\u00e9ger les droits des membres dans leur travail en fonction [&hellip;]","og_url":"https:\/\/stage.capic.org\/fr\/objectifs-de-la-capic\/","og_site_name":"CAPIC-National","article_publisher":"https:\/\/www.facebook.com\/CAPICnational","article_modified_time":"2015-09-04T18:32:25+00:00","og_image":[{"width":1569,"height":396,"url":"https:\/\/stage.capic.org\/wp-content\/uploads\/2020\/07\/CAPIC_logo.png","type":"image\/png"}],"twitter_misc":{"Dur\u00e9e de lecture estim\u00e9e":"1 minute"},"schema":{"@context":"https:\/\/schema.org","@graph":[{"@type":"Organization","@id":"https:\/\/stage.capic.org\/fr\/#organization","name":"The Canadian Association of Professional Image Creators (CAPIC)","url":"https:\/\/stage.capic.org\/fr\/","sameAs":["https:\/\/www.facebook.com\/CAPICnational","https:\/\/www.instagram.com\/capicnational\/","https:\/\/twitter.com\/capicnational"],"logo":{"@type":"ImageObject","@id":"https:\/\/stage.capic.org\/fr\/#logo","inLanguage":"fr-FR","url":"https:\/\/capic.org\/wp-content\/uploads\/2020\/07\/CAPIC_logo.png","contentUrl":"https:\/\/capic.org\/wp-content\/uploads\/2020\/07\/CAPIC_logo.png","width":1569,"height":396,"caption":"The Canadian Association of Professional Image Creators (CAPIC)"},"image":{"@id":"https:\/\/stage.capic.org\/fr\/#logo"}},{"@type":"WebSite","@id":"https:\/\/stage.capic.org\/fr\/#website","url":"https:\/\/stage.capic.org\/fr\/","name":"CAPIC-National","description":"L'ASSOCIATION CANADIENNE DES CR\u00c9ATEURS PROFESSIONNELS DE L'IMAGE","publisher":{"@id":"https:\/\/stage.capic.org\/fr\/#organization"},"potentialAction":[{"@type":"SearchAction","target":{"@type":"EntryPoint","urlTemplate":"https:\/\/stage.capic.org\/fr\/?s={search_term_string}"},"query-input":"required name=search_term_string"}],"inLanguage":"fr-FR"},{"@type":"WebPage","@id":"https:\/\/stage.capic.org\/fr\/objectifs-de-la-capic\/#webpage","url":"https:\/\/stage.capic.org\/fr\/objectifs-de-la-capic\/","name":"Objectifs de la CAPIC - CAPIC-National","isPartOf":{"@id":"https:\/\/stage.capic.org\/fr\/#website"},"datePublished":"2015-09-04T18:22:17+00:00","dateModified":"2015-09-04T18:32:25+00:00","breadcrumb":{"@id":"https:\/\/stage.capic.org\/fr\/objectifs-de-la-capic\/#breadcrumb"},"inLanguage":"fr-FR","potentialAction":[{"@type":"ReadAction","target":["https:\/\/stage.capic.org\/fr\/objectifs-de-la-capic\/"]}]},{"@type":"BreadcrumbList","@id":"https:\/\/stage.capic.org\/fr\/objectifs-de-la-capic\/#breadcrumb","itemListElement":[{"@type":"ListItem","position":1,"name":"Home","item":"https:\/\/stage.capic.org\/fr\/"},{"@type":"ListItem","position":2,"name":"Objectifs de la CAPIC"}]}]}},"_links":{"self":[{"href":"https:\/\/stage.capic.org\/fr\/wp-json\/wp\/v2\/pages\/8980\/"}],"collection":[{"href":"https:\/\/stage.capic.org\/fr\/wp-json\/wp\/v2\/pages\/"}],"about":[{"href":"https:\/\/stage.capic.org\/fr\/wp-json\/wp\/v2\/types\/page\/"}],"author":[{"embeddable":true,"href":"https:\/\/stage.capic.org\/fr\/wp-json\/wp\/v2\/users\/1\/"}],"replies":[{"embeddable":true,"href":"https:\/\/stage.capic.org\/fr\/wp-json\/wp\/v2\/comments\/?post=8980"}],"version-history":[{"count":0,"href":"https:\/\/stage.capic.org\/fr\/wp-json\/wp\/v2\/pages\/8980\/revisions\/"}],"wp:attachment":[{"href":"https:\/\/stage.capic.org\/fr\/wp-json\/wp\/v2\/media\/?parent=8980"}],"curies":[{"name":"wp","href":"https:\/\/api.w.org\/{rel}","templated":true}]}}