{"id":9279,"date":"2015-12-15T17:23:21","date_gmt":"2015-12-15T17:23:21","guid":{"rendered":"http:\/\/capic.org\/fr\/?page_id=9279"},"modified":"2023-06-07T19:03:01","modified_gmt":"2023-06-07T23:03:01","slug":"doublevision","status":"publish","type":"page","link":"https:\/\/stage.capic.org\/fr\/evenements\/doublevision\/","title":{"rendered":"Double Vision 2023"},"content":{"rendered":"<p style=\"text-align: center;\">&nbsp;<\/p>\n<p style=\"text-align: center;\"><a href=\"https:\/\/stage.capic.org\/fr\/double-vision-sponsor-2023-2\/\"><img loading=\"lazy\" class=\"alignnone wp-image-17898 size-large\" src=\"https:\/\/stage.capic.org\/wp-content\/uploads\/2023\/03\/Double-Vision-Sponsor-2023-711x1024.jpg\" alt=\"\" width=\"711\" height=\"1024\" srcset=\"https:\/\/stage.capic.org\/wp-content\/uploads\/2023\/03\/Double-Vision-Sponsor-2023-711x1024.jpg 711w, https:\/\/stage.capic.org\/wp-content\/uploads\/2023\/03\/Double-Vision-Sponsor-2023-208x300.jpg 208w, https:\/\/stage.capic.org\/wp-content\/uploads\/2023\/03\/Double-Vision-Sponsor-2023-768x1106.jpg 768w, https:\/\/stage.capic.org\/wp-content\/uploads\/2023\/03\/Double-Vision-Sponsor-2023.jpg 1000w\" sizes=\"(max-width: 711px) 100vw, 711px\" \/><\/a><\/p>\n<h1 style=\"text-align: center;\"><span style=\"color: #005bbb;\"><strong>CAPIC DOUBLE VISION 2023<\/strong><\/span><\/h1>\n<p style=\"text-align: center;\"><span style=\"color: #ed6900;\"><strong>Appel \u00e0 candidatures ferm\u00e9<\/strong><\/span><\/p>\n<p class=\"p1\">CAPIC Double Vision est de retour ! L\u2019Association canadienne des cr\u00e9ateurs professionnels de l\u2019image (CAPIC) annonce l\u2019appel \u00e0 candidatures pour Double Vision 2023. L\u2019appel s\u2019adresse \u00e0 tous les photographes, illustrateurs et cr\u00e9ateurs d\u2019images professionnels travaillent au Canada.<\/p>\n<p class=\"p3\"><b>Qu\u2019est-ce que c\u2019est l\u2019exposition Double Vision ?<\/b><\/p>\n<p class=\"p1\">CAPIC Double Vision est une exposition unique o\u00f9 des cr\u00e9ateurs d\u2019images sont jumel\u00e9s afin de r\u00e9aliser des portraits de l\u2019un de l\u2019autre. Les \u0153uvres achev\u00e9es sont ensuite expos\u00e9es c\u00f4te \u00e0 c\u00f4te comme une seule pr\u00e9sentation.<\/p>\n<p class=\"p5\" style=\"text-align: center;\"><span class=\"Apple-converted-space\">&nbsp; <a href=\"https:\/\/stage.capic.org\/wp-content\/uploads\/2023\/02\/mc_image002.jpg\"><img loading=\"lazy\" class=\"alignnone wp-image-17620 size-medium\" src=\"https:\/\/stage.capic.org\/wp-content\/uploads\/2023\/02\/mc_image002-223x300.jpg\" alt=\"\" width=\"223\" height=\"300\" srcset=\"https:\/\/stage.capic.org\/wp-content\/uploads\/2023\/02\/mc_image002-223x300.jpg 223w, https:\/\/stage.capic.org\/wp-content\/uploads\/2023\/02\/mc_image002.jpg 571w\" sizes=\"(max-width: 223px) 100vw, 223px\" \/><\/a>&nbsp; &nbsp; &nbsp; &nbsp; &nbsp; &nbsp;<a href=\"https:\/\/stage.capic.org\/wp-content\/uploads\/2023\/02\/mc_image001.jpg\"><img loading=\"lazy\" class=\"alignnone wp-image-17618 size-medium\" src=\"https:\/\/stage.capic.org\/wp-content\/uploads\/2023\/02\/mc_image001-207x300.jpg\" alt=\"\" width=\"207\" height=\"300\" srcset=\"https:\/\/stage.capic.org\/wp-content\/uploads\/2023\/02\/mc_image001-207x300.jpg 207w, https:\/\/stage.capic.org\/wp-content\/uploads\/2023\/02\/mc_image001.jpg 531w\" sizes=\"(max-width: 207px) 100vw, 207px\" \/><\/a><\/span><\/p>\n<p class=\"p6\" style=\"text-align: center;\">Sue Upton&nbsp; &nbsp; &nbsp; &nbsp; &nbsp; &nbsp; &nbsp; &nbsp; &nbsp; &nbsp; &nbsp; &nbsp; &nbsp; &nbsp; &nbsp; &nbsp; &nbsp; &nbsp; &nbsp; &nbsp; &nbsp; Michael Cooper<\/p>\n<p class=\"p1\">Double Vision est aussi un concours. Une jur\u00e9e compos\u00e9e des professionnels dans les domaines de la publicit\u00e9, du design graphique, de l\u2019\u00e9dition et des galeries d\u2019art choisira trois gagnants ou gagnantes. On encouragera les participants et les invit\u00e9s \u00e0 se joindre aux festivit\u00e9s en votant pour leur paire de portraits favorite et un quatri\u00e8me prix sera attribu\u00e9 \u00e0 la fin de la soir\u00e9e.<\/p>\n<p class=\"p7\"><i>Double Vision sera mont\u00e9 comme partie de CAPIC Exhibition 2023, qui compris de deux autres exhibitions annuelles. C\u2019est une c\u00e9l\u00e9bration du talent \u00e9mergent, ainsi qu\u2019\u00e9tabli, qui existe dans la communaut\u00e9 de la CAPIC.<\/i><\/p>\n<p class=\"p14\">&nbsp;<\/p>\n<p class=\"p17\"><b>Calendrier des dates<\/b><\/p>\n<p class=\"p18\">Date limite pour l\u2019appel de candidatures: le vendredi 14 avril, 2023<\/p>\n<p class=\"p19\">Introduction \u00e0 votre partenaire: le lundi 17 avril, 2023<\/p>\n<p class=\"p19\">Date limite pour les images de portraits&nbsp;: le vendredi 26 mai, 2023<\/p>\n<p class=\"p19\">Vernissage&nbsp;: le jeudi 8 juin 2023 de 18h \u00e0 22h<\/p>\n<p class=\"p19\">Dates de l\u2019exhibition&nbsp;: Du 7 juin 2023 au 2 juillet 2023<\/p>\n<p class=\"p20\">The Papermill Gallery at Todmorden Mills, 67 Pottery Road, Toronto, ON M4K 2B9<\/p>\n<p>&nbsp;<\/p>\n<p class=\"p23\"><b>Participants 2023&nbsp;<\/b><\/p>\n<p class=\"p1\">Avery Tanner, Cedric Swaneck, Felicia Byron, John Currid, Jonah Atkins, Joseph Marranca, Laurie-Edwidge Cardinal, Meng-ke Hsieh, Michael Cooper, Michael Mahovlich, Peter Roberts, Ron Boyd, Simon Dupuis et Steve Yeates.<\/p>\n","protected":false},"excerpt":{"rendered":"<p>&nbsp; CAPIC DOUBLE VISION 2023 Appel \u00e0 candidatures ferm\u00e9 CAPIC Double Vision est de retour ! L\u2019Association canadienne des cr\u00e9ateurs professionnels de l\u2019image (CAPIC) annonce l\u2019appel \u00e0 candidatures pour Double [&hellip;]<\/p>\n","protected":false},"author":1,"featured_media":0,"parent":720,"menu_order":2,"comment_status":"closed","ping_status":"closed","template":"","meta":{"ngg_post_thumbnail":0},"yoast_head":"<!-- This site is optimized with the Yoast SEO plugin v17.9 - https:\/\/yoast.com\/wordpress\/plugins\/seo\/ -->\n<title>Double Vision 2023 - CAPIC-National<\/title>\n<meta name=\"robots\" content=\"index, follow, max-snippet:-1, max-image-preview:large, max-video-preview:-1\" \/>\n<link rel=\"canonical\" href=\"https:\/\/stage.capic.org\/fr\/evenements\/doublevision\/\" \/>\n<meta property=\"og:locale\" content=\"fr_FR\" \/>\n<meta property=\"og:type\" content=\"article\" \/>\n<meta property=\"og:title\" content=\"Double Vision 2023 - CAPIC-National\" \/>\n<meta property=\"og:description\" content=\"&nbsp; CAPIC DOUBLE VISION 2023 Appel \u00e0 candidatures ferm\u00e9 CAPIC Double Vision est de retour ! L\u2019Association canadienne des cr\u00e9ateurs professionnels de l\u2019image (CAPIC) annonce l\u2019appel \u00e0 candidatures pour Double [&hellip;]\" \/>\n<meta property=\"og:url\" content=\"https:\/\/stage.capic.org\/fr\/evenements\/doublevision\/\" \/>\n<meta property=\"og:site_name\" content=\"CAPIC-National\" \/>\n<meta property=\"article:publisher\" content=\"https:\/\/www.facebook.com\/CAPICnational\" \/>\n<meta property=\"article:modified_time\" content=\"2023-06-07T23:03:01+00:00\" \/>\n<meta property=\"og:image\" content=\"https:\/\/stage.capic.org\/wp-content\/uploads\/2023\/03\/Double-Vision-Sponsor-2023-711x1024.jpg\" \/>\n<meta name=\"twitter:label1\" content=\"Dur\u00e9e de lecture estim\u00e9e\" \/>\n\t<meta name=\"twitter:data1\" content=\"2 minutes\" \/>\n<script type=\"application\/ld+json\" class=\"yoast-schema-graph\">{\"@context\":\"https:\/\/schema.org\",\"@graph\":[{\"@type\":\"Organization\",\"@id\":\"https:\/\/stage.capic.org\/fr\/#organization\",\"name\":\"The Canadian Association of Professional Image Creators (CAPIC)\",\"url\":\"https:\/\/stage.capic.org\/fr\/\",\"sameAs\":[\"https:\/\/www.facebook.com\/CAPICnational\",\"https:\/\/www.instagram.com\/capicnational\/\",\"https:\/\/twitter.com\/capicnational\"],\"logo\":{\"@type\":\"ImageObject\",\"@id\":\"https:\/\/stage.capic.org\/fr\/#logo\",\"inLanguage\":\"fr-FR\",\"url\":\"https:\/\/capic.org\/wp-content\/uploads\/2020\/07\/CAPIC_logo.png\",\"contentUrl\":\"https:\/\/capic.org\/wp-content\/uploads\/2020\/07\/CAPIC_logo.png\",\"width\":1569,\"height\":396,\"caption\":\"The Canadian Association of Professional Image Creators (CAPIC)\"},\"image\":{\"@id\":\"https:\/\/stage.capic.org\/fr\/#logo\"}},{\"@type\":\"WebSite\",\"@id\":\"https:\/\/stage.capic.org\/fr\/#website\",\"url\":\"https:\/\/stage.capic.org\/fr\/\",\"name\":\"CAPIC-National\",\"description\":\"L'ASSOCIATION CANADIENNE DES CR\\u00c9ATEURS PROFESSIONNELS DE L'IMAGE\",\"publisher\":{\"@id\":\"https:\/\/stage.capic.org\/fr\/#organization\"},\"potentialAction\":[{\"@type\":\"SearchAction\",\"target\":{\"@type\":\"EntryPoint\",\"urlTemplate\":\"https:\/\/stage.capic.org\/fr\/?s={search_term_string}\"},\"query-input\":\"required name=search_term_string\"}],\"inLanguage\":\"fr-FR\"},{\"@type\":\"ImageObject\",\"@id\":\"https:\/\/stage.capic.org\/fr\/evenements\/doublevision\/#primaryimage\",\"inLanguage\":\"fr-FR\",\"url\":\"https:\/\/stage.capic.org\/wp-content\/uploads\/2023\/03\/Double-Vision-Sponsor-2023.jpg\",\"contentUrl\":\"https:\/\/stage.capic.org\/wp-content\/uploads\/2023\/03\/Double-Vision-Sponsor-2023.jpg\",\"width\":1000,\"height\":1440},{\"@type\":\"WebPage\",\"@id\":\"https:\/\/stage.capic.org\/fr\/evenements\/doublevision\/#webpage\",\"url\":\"https:\/\/stage.capic.org\/fr\/evenements\/doublevision\/\",\"name\":\"Double Vision 2023 - CAPIC-National\",\"isPartOf\":{\"@id\":\"https:\/\/stage.capic.org\/fr\/#website\"},\"primaryImageOfPage\":{\"@id\":\"https:\/\/stage.capic.org\/fr\/evenements\/doublevision\/#primaryimage\"},\"datePublished\":\"2015-12-15T17:23:21+00:00\",\"dateModified\":\"2023-06-07T23:03:01+00:00\",\"breadcrumb\":{\"@id\":\"https:\/\/stage.capic.org\/fr\/evenements\/doublevision\/#breadcrumb\"},\"inLanguage\":\"fr-FR\",\"potentialAction\":[{\"@type\":\"ReadAction\",\"target\":[\"https:\/\/stage.capic.org\/fr\/evenements\/doublevision\/\"]}]},{\"@type\":\"BreadcrumbList\",\"@id\":\"https:\/\/stage.capic.org\/fr\/evenements\/doublevision\/#breadcrumb\",\"itemListElement\":[{\"@type\":\"ListItem\",\"position\":1,\"name\":\"Home\",\"item\":\"https:\/\/stage.capic.org\/fr\/\"},{\"@type\":\"ListItem\",\"position\":2,\"name\":\"\\u00c9v\\u00e9nements\",\"item\":\"https:\/\/stage.capic.org\/fr\/evenements\/\"},{\"@type\":\"ListItem\",\"position\":3,\"name\":\"Double Vision 2023\"}]}]}<\/script>\n<!-- \/ Yoast SEO plugin. -->","yoast_head_json":{"title":"Double Vision 2023 - CAPIC-National","robots":{"index":"index","follow":"follow","max-snippet":"max-snippet:-1","max-image-preview":"max-image-preview:large","max-video-preview":"max-video-preview:-1"},"canonical":"https:\/\/stage.capic.org\/fr\/evenements\/doublevision\/","og_locale":"fr_FR","og_type":"article","og_title":"Double Vision 2023 - CAPIC-National","og_description":"&nbsp; CAPIC DOUBLE VISION 2023 Appel \u00e0 candidatures ferm\u00e9 CAPIC Double Vision est de retour ! L\u2019Association canadienne des cr\u00e9ateurs professionnels de l\u2019image (CAPIC) annonce l\u2019appel \u00e0 candidatures pour Double [&hellip;]","og_url":"https:\/\/stage.capic.org\/fr\/evenements\/doublevision\/","og_site_name":"CAPIC-National","article_publisher":"https:\/\/www.facebook.com\/CAPICnational","article_modified_time":"2023-06-07T23:03:01+00:00","og_image":[{"url":"https:\/\/stage.capic.org\/wp-content\/uploads\/2023\/03\/Double-Vision-Sponsor-2023-711x1024.jpg"}],"twitter_misc":{"Dur\u00e9e de lecture estim\u00e9e":"2 minutes"},"schema":{"@context":"https:\/\/schema.org","@graph":[{"@type":"Organization","@id":"https:\/\/stage.capic.org\/fr\/#organization","name":"The Canadian Association of Professional Image Creators (CAPIC)","url":"https:\/\/stage.capic.org\/fr\/","sameAs":["https:\/\/www.facebook.com\/CAPICnational","https:\/\/www.instagram.com\/capicnational\/","https:\/\/twitter.com\/capicnational"],"logo":{"@type":"ImageObject","@id":"https:\/\/stage.capic.org\/fr\/#logo","inLanguage":"fr-FR","url":"https:\/\/capic.org\/wp-content\/uploads\/2020\/07\/CAPIC_logo.png","contentUrl":"https:\/\/capic.org\/wp-content\/uploads\/2020\/07\/CAPIC_logo.png","width":1569,"height":396,"caption":"The Canadian Association of Professional Image Creators (CAPIC)"},"image":{"@id":"https:\/\/stage.capic.org\/fr\/#logo"}},{"@type":"WebSite","@id":"https:\/\/stage.capic.org\/fr\/#website","url":"https:\/\/stage.capic.org\/fr\/","name":"CAPIC-National","description":"L'ASSOCIATION CANADIENNE DES CR\u00c9ATEURS PROFESSIONNELS DE L'IMAGE","publisher":{"@id":"https:\/\/stage.capic.org\/fr\/#organization"},"potentialAction":[{"@type":"SearchAction","target":{"@type":"EntryPoint","urlTemplate":"https:\/\/stage.capic.org\/fr\/?s={search_term_string}"},"query-input":"required name=search_term_string"}],"inLanguage":"fr-FR"},{"@type":"ImageObject","@id":"https:\/\/stage.capic.org\/fr\/evenements\/doublevision\/#primaryimage","inLanguage":"fr-FR","url":"https:\/\/stage.capic.org\/wp-content\/uploads\/2023\/03\/Double-Vision-Sponsor-2023.jpg","contentUrl":"https:\/\/stage.capic.org\/wp-content\/uploads\/2023\/03\/Double-Vision-Sponsor-2023.jpg","width":1000,"height":1440},{"@type":"WebPage","@id":"https:\/\/stage.capic.org\/fr\/evenements\/doublevision\/#webpage","url":"https:\/\/stage.capic.org\/fr\/evenements\/doublevision\/","name":"Double Vision 2023 - CAPIC-National","isPartOf":{"@id":"https:\/\/stage.capic.org\/fr\/#website"},"primaryImageOfPage":{"@id":"https:\/\/stage.capic.org\/fr\/evenements\/doublevision\/#primaryimage"},"datePublished":"2015-12-15T17:23:21+00:00","dateModified":"2023-06-07T23:03:01+00:00","breadcrumb":{"@id":"https:\/\/stage.capic.org\/fr\/evenements\/doublevision\/#breadcrumb"},"inLanguage":"fr-FR","potentialAction":[{"@type":"ReadAction","target":["https:\/\/stage.capic.org\/fr\/evenements\/doublevision\/"]}]},{"@type":"BreadcrumbList","@id":"https:\/\/stage.capic.org\/fr\/evenements\/doublevision\/#breadcrumb","itemListElement":[{"@type":"ListItem","position":1,"name":"Home","item":"https:\/\/stage.capic.org\/fr\/"},{"@type":"ListItem","position":2,"name":"\u00c9v\u00e9nements","item":"https:\/\/stage.capic.org\/fr\/evenements\/"},{"@type":"ListItem","position":3,"name":"Double Vision 2023"}]}]}},"_links":{"self":[{"href":"https:\/\/stage.capic.org\/fr\/wp-json\/wp\/v2\/pages\/9279\/"}],"collection":[{"href":"https:\/\/stage.capic.org\/fr\/wp-json\/wp\/v2\/pages\/"}],"about":[{"href":"https:\/\/stage.capic.org\/fr\/wp-json\/wp\/v2\/types\/page\/"}],"author":[{"embeddable":true,"href":"https:\/\/stage.capic.org\/fr\/wp-json\/wp\/v2\/users\/1\/"}],"replies":[{"embeddable":true,"href":"https:\/\/stage.capic.org\/fr\/wp-json\/wp\/v2\/comments\/?post=9279"}],"version-history":[{"count":20,"href":"https:\/\/stage.capic.org\/fr\/wp-json\/wp\/v2\/pages\/9279\/revisions\/"}],"predecessor-version":[{"id":17931,"href":"https:\/\/stage.capic.org\/fr\/wp-json\/wp\/v2\/pages\/9279\/revisions\/17931\/"}],"up":[{"embeddable":true,"href":"https:\/\/stage.capic.org\/fr\/wp-json\/wp\/v2\/pages\/720\/"}],"wp:attachment":[{"href":"https:\/\/stage.capic.org\/fr\/wp-json\/wp\/v2\/media\/?parent=9279"}],"curies":[{"name":"wp","href":"https:\/\/api.w.org\/{rel}","templated":true}]}}